{"id":261,"date":"2022-02-11T12:23:55","date_gmt":"2022-02-11T11:23:55","guid":{"rendered":"https:\/\/nulk.cz\/atlastextilu\/?post_type=product&#038;p=261"},"modified":"2022-02-11T12:23:55","modified_gmt":"2022-02-11T11:23:55","slug":"atlas-nulk-6698","status":"publish","type":"product","link":"https:\/\/nulk.cz\/atlastextilu\/vzorek\/atlas-nulk-6698\/","title":{"rendered":"atlas &#8211; N\u00daLK 6698"},"content":{"rendered":"","protected":false},"excerpt":{"rendered":"<p>&#8222;Kordulka&#8220; je kr\u00e1tk\u00e1 pod prsa, z \u010dern\u00e9ho atlasu s poti\u0161t\u011bn\u00fdm rostlinn\u00fdm motivem (\u010derven\u00e9 r\u016f\u017ee), je u\u0161it\u00e1 ze 4 d\u00edl\u016f (st\u0159ed zad tvo\u0159\u00ed 2 kl\u00ednovit\u00e9 d\u00edly). Kr\u010dn\u00ed v\u00fdst\u0159ih, kraje kolem zap\u00edn\u00e1n\u00ed a zadn\u00ed \u010d\u00e1st pr\u016framk\u016f je lemovan\u00e1 \u0161irokou modrou stuhou.<\/p>\n","protected":false},"featured_media":265,"template":"","meta":[],"product_brand":[],"product_cat":[18],"product_tag":[],"class_list":{"0":"post-261","1":"product","2":"type-product","3":"status-publish","4":"has-post-thumbnail","6":"product_cat-atlas","7":"pa_barevnost-osnovnich-niti-cerna","8":"pa_barevnost-osnovnich-niti-cervena","9":"pa_barevnost-textilie-vicebarevna","10":"pa_barevnost-utkovych-niti-cerna","11":"pa_barevnost-utkovych-niti-cervena","12":"pa_datace-ramcova-1-pol-20-stol","13":"pa_dostava-na-1-cm2-0-0","14":"pa_evidencni-c-81","15":"pa_instituce-nulk-narodni-ustav-lidove-kultury-ve-straznici","16":"pa_konstrukce-osnovnich-niti-jednoducha-nit","17":"pa_konstrukce-utkovych-niti-jednoducha-nit","18":"pa_lokalita-dle-uziti-slovacko-dolnacko","19":"pa_lokalita-kraj-jihomoravsky","20":"pa_lokalita-obec-hodonin","21":"pa_lokalita-obec-rohatec","22":"pa_nazev-textilie-atlas","23":"pa_popsano-na-casti-odevu-jiny-viz-popis","24":"pa_tkanina-zjistena-na-kordulka","25":"pa_typ-textilie-tkanina","26":"pa_typ-vazby-atlas","27":"pa_vlakna-osnovnich-niti-nezjisteno","28":"pa_vlakna-utkovych-niti-nezjisteno","29":"pa_vyrobce-textilie-neznamy","31":"entry","32":"has-media","34":"first","35":"instock","36":"shipping-taxable","37":"product-type-simple","38":"has-product-nav","39":"col","40":"span_1_of_5","41":"owp-content-center","42":"owp-thumbs-layout-vertical","43":"owp-btn-normal","44":"owp-tabs-layout-horizontal"},"_links":{"self":[{"href":"https:\/\/nulk.cz\/atlastextilu\/wp-json\/wp\/v2\/product\/261","targetHints":{"allow":["GET"]}}],"collection":[{"href":"https:\/\/nulk.cz\/atlastextilu\/wp-json\/wp\/v2\/product"}],"about":[{"href":"https:\/\/nulk.cz\/atlastextilu\/wp-json\/wp\/v2\/types\/product"}],"wp:featuredmedia":[{"embeddable":true,"href":"https:\/\/nulk.cz\/atlastextilu\/wp-json\/wp\/v2\/media\/265"}],"wp:attachment":[{"href":"https:\/\/nulk.cz\/atlastextilu\/wp-json\/wp\/v2\/media?parent=261"}],"wp:term":[{"taxonomy":"product_brand","embeddable":true,"href":"https:\/\/nulk.cz\/atlastextilu\/wp-json\/wp\/v2\/product_brand?post=261"},{"taxonomy":"product_cat","embeddable":true,"href":"https:\/\/nulk.cz\/atlastextilu\/wp-json\/wp\/v2\/product_cat?post=261"},{"taxonomy":"product_tag","embeddable":true,"href":"https:\/\/nulk.cz\/atlastextilu\/wp-json\/wp\/v2\/product_tag?post=261"}],"curies":[{"name":"wp","href":"https:\/\/api.w.org\/{rel}","templated":true}]}}