{"id":266,"date":"2022-02-11T12:40:15","date_gmt":"2022-02-11T11:40:15","guid":{"rendered":"https:\/\/nulk.cz\/atlastextilu\/?post_type=product&#038;p=266"},"modified":"2022-02-11T12:40:15","modified_gmt":"2022-02-11T11:40:15","slug":"atlas-nulk-7255","status":"publish","type":"product","link":"https:\/\/nulk.cz\/atlastextilu\/vzorek\/atlas-nulk-7255\/","title":{"rendered":"atlas &#8211; N\u00daLK 7255"},"content":{"rendered":"","protected":false},"excerpt":{"rendered":"<p>Sukn\u011b je u\u0161ita ze sedmi pruh\u016f l\u00e1tky. Na modr\u00e9m podkladu jsou v pravideln\u00e9m intervalu nati\u0161t\u011bny \u010derven\u00e9 r\u016f\u017ei\u010dky se zelen\u00fdmi l\u00edstky.<\/p>\n","protected":false},"featured_media":270,"template":"","meta":[],"product_brand":[],"product_cat":[18],"product_tag":[],"class_list":{"0":"post-266","1":"product","2":"type-product","3":"status-publish","4":"has-post-thumbnail","6":"product_cat-atlas","7":"pa_barevnost-osnovnich-niti-cervena","8":"pa_barevnost-osnovnich-niti-modra","9":"pa_barevnost-osnovnich-niti-zelena","10":"pa_barevnost-textilie-vicebarevna","11":"pa_barevnost-utkovych-niti-cervena","12":"pa_barevnost-utkovych-niti-modra","13":"pa_barevnost-utkovych-niti-zelena","14":"pa_datace-ramcova-1-pol-20-stol","15":"pa_dostava-na-1-cm2-0-0","16":"pa_evidencni-c-88","17":"pa_instituce-nulk-narodni-ustav-lidove-kultury-ve-straznici","18":"pa_konstrukce-osnovnich-niti-jednoducha-nit","19":"pa_konstrukce-utkovych-niti-jednoducha-nit","20":"pa_lokalita-dle-uziti-slovacko-dolnacko","21":"pa_lokalita-kraj-jihomoravsky","22":"pa_lokalita-obec-hodonin","23":"pa_lokalita-obec-rohatec","24":"pa_nazev-textilie-atlas","25":"pa_popsano-na-casti-odevu-sukne","26":"pa_tkanina-zjistena-na-sukne-vrchni","27":"pa_typ-textilie-tkanina","28":"pa_typ-vazby-atlas","29":"pa_vlakna-osnovnich-niti-hedvabi","30":"pa_vlakna-utkovych-niti-bavlna","31":"pa_vyrobce-textilie-neznamy","33":"entry","34":"has-media","36":"first","37":"instock","38":"shipping-taxable","39":"product-type-simple","40":"has-product-nav","41":"col","42":"span_1_of_5","43":"owp-content-center","44":"owp-thumbs-layout-vertical","45":"owp-btn-normal","46":"owp-tabs-layout-horizontal"},"_links":{"self":[{"href":"https:\/\/nulk.cz\/atlastextilu\/wp-json\/wp\/v2\/product\/266","targetHints":{"allow":["GET"]}}],"collection":[{"href":"https:\/\/nulk.cz\/atlastextilu\/wp-json\/wp\/v2\/product"}],"about":[{"href":"https:\/\/nulk.cz\/atlastextilu\/wp-json\/wp\/v2\/types\/product"}],"wp:featuredmedia":[{"embeddable":true,"href":"https:\/\/nulk.cz\/atlastextilu\/wp-json\/wp\/v2\/media\/270"}],"wp:attachment":[{"href":"https:\/\/nulk.cz\/atlastextilu\/wp-json\/wp\/v2\/media?parent=266"}],"wp:term":[{"taxonomy":"product_brand","embeddable":true,"href":"https:\/\/nulk.cz\/atlastextilu\/wp-json\/wp\/v2\/product_brand?post=266"},{"taxonomy":"product_cat","embeddable":true,"href":"https:\/\/nulk.cz\/atlastextilu\/wp-json\/wp\/v2\/product_cat?post=266"},{"taxonomy":"product_tag","embeddable":true,"href":"https:\/\/nulk.cz\/atlastextilu\/wp-json\/wp\/v2\/product_tag?post=266"}],"curies":[{"name":"wp","href":"https:\/\/api.w.org\/{rel}","templated":true}]}}