{"id":279,"date":"2022-05-31T07:33:45","date_gmt":"2022-05-31T05:33:45","guid":{"rendered":"https:\/\/nulk.cz\/atlastextilu\/?post_type=product&#038;p=279"},"modified":"2022-05-31T07:35:58","modified_gmt":"2022-05-31T05:35:58","slug":"279","status":"publish","type":"product","link":"https:\/\/nulk.cz\/atlastextilu\/vzorek\/279\/","title":{"rendered":"barchet N\u00daLK 5040"},"content":{"rendered":"","protected":false},"excerpt":{"rendered":"<p>Sukn\u011b je u\u0161it\u00e1 ze dvou pruh\u016f zelen\u00e9 vln\u011bn\u00e9 l\u00e1tky, po obou stran\u00e1ch jsou p\u0159i\u0161ity je\u0161t\u011b dva pruhy modr\u00e9ho barchetu, kter\u00e9 p\u0159i b\u011b\u017en\u00e9m no\u0161en\u00ed nebyly vid\u011bt.<\/p>\n","protected":false},"featured_media":280,"template":"","meta":[],"product_brand":[],"product_cat":[17],"product_tag":[],"class_list":{"0":"post-279","1":"product","2":"type-product","3":"status-publish","4":"has-post-thumbnail","6":"product_cat-barchet","7":"pa_barevnost-osnovnich-niti-modra","8":"pa_barevnost-textilie-vicebarevna","9":"pa_barevnost-utkovych-niti-prirodni-svetla","10":"pa_datace-ramcova-1-pol-20-stol","11":"pa_dostava-na-1-cm2-24-14","12":"pa_evidencni-c-100","13":"pa_instituce-nulk-narodni-ustav-lidove-kultury-ve-straznici","14":"pa_konstrukce-osnovnich-niti-jednoducha-nit","15":"pa_konstrukce-utkovych-niti-jednoducha-nit","16":"pa_lokalita-dle-uziti-slovacko-dolnacko","17":"pa_lokalita-kraj-jihomoravsky","18":"pa_lokalita-obec-hodonin","19":"pa_lokalita-obec-vnorovy","20":"pa_nazev-textilie-barchet","21":"pa_popsano-na-casti-odevu-sukne","22":"pa_tkanina-zjistena-na-sukne-vrchni","23":"pa_typ-textilie-tkanina","24":"pa_typ-vazby-kepr","25":"pa_vlakna-osnovnich-niti-bavlna","26":"pa_vlakna-utkovych-niti-bavlna","27":"pa_vyrobce-textilie-neznamy","29":"entry","30":"has-media","32":"first","33":"instock","34":"shipping-taxable","35":"product-type-simple","36":"has-product-nav","37":"col","38":"span_1_of_5","39":"owp-content-center","40":"owp-thumbs-layout-vertical","41":"owp-btn-normal","42":"owp-tabs-layout-horizontal"},"_links":{"self":[{"href":"https:\/\/nulk.cz\/atlastextilu\/wp-json\/wp\/v2\/product\/279","targetHints":{"allow":["GET"]}}],"collection":[{"href":"https:\/\/nulk.cz\/atlastextilu\/wp-json\/wp\/v2\/product"}],"about":[{"href":"https:\/\/nulk.cz\/atlastextilu\/wp-json\/wp\/v2\/types\/product"}],"wp:featuredmedia":[{"embeddable":true,"href":"https:\/\/nulk.cz\/atlastextilu\/wp-json\/wp\/v2\/media\/280"}],"wp:attachment":[{"href":"https:\/\/nulk.cz\/atlastextilu\/wp-json\/wp\/v2\/media?parent=279"}],"wp:term":[{"taxonomy":"product_brand","embeddable":true,"href":"https:\/\/nulk.cz\/atlastextilu\/wp-json\/wp\/v2\/product_brand?post=279"},{"taxonomy":"product_cat","embeddable":true,"href":"https:\/\/nulk.cz\/atlastextilu\/wp-json\/wp\/v2\/product_cat?post=279"},{"taxonomy":"product_tag","embeddable":true,"href":"https:\/\/nulk.cz\/atlastextilu\/wp-json\/wp\/v2\/product_tag?post=279"}],"curies":[{"name":"wp","href":"https:\/\/api.w.org\/{rel}","templated":true}]}}