{"id":287,"date":"2022-05-31T07:43:30","date_gmt":"2022-05-31T05:43:30","guid":{"rendered":"https:\/\/nulk.cz\/atlastextilu\/?post_type=product&#038;p=287"},"modified":"2022-05-31T07:43:30","modified_gmt":"2022-05-31T05:43:30","slug":"barchet-nulk-5142","status":"publish","type":"product","link":"https:\/\/nulk.cz\/atlastextilu\/vzorek\/barchet-nulk-5142\/","title":{"rendered":"barchet N\u00daLK 5142"},"content":{"rendered":"","protected":false},"excerpt":{"rendered":"<p>Sukn\u011b je u\u0161it\u00e1 z p\u011bti pruh\u016f l\u00e1tky. Na r\u016f\u017eov\u00e9 p\u016fd\u011b jsou pravideln\u00e9 u\u017e\u0161\u00ed a \u0161ir\u0161\u00ed svisl\u00e9 pruhy.<\/p>\n","protected":false},"featured_media":288,"template":"","meta":[],"product_brand":[],"product_cat":[17],"product_tag":[],"class_list":{"0":"post-287","1":"product","2":"type-product","3":"status-publish","4":"has-post-thumbnail","6":"product_cat-barchet","7":"pa_barevnost-osnovnich-niti-bila","8":"pa_barevnost-osnovnich-niti-ruzova","9":"pa_barevnost-textilie-vicebarevna","10":"pa_barevnost-utkovych-niti-bila","11":"pa_barevnost-utkovych-niti-ruzova","12":"pa_datace-ramcova-1-pol-20-stol","13":"pa_dostava-na-1-cm2-0-0","14":"pa_evidencni-c-104","15":"pa_instituce-nulk-narodni-ustav-lidove-kultury-ve-straznici","16":"pa_konstrukce-osnovnich-niti-jednoducha-nit","17":"pa_lokalita-dle-uziti-slovacko-dolnacko","18":"pa_lokalita-kraj-zlinsky","19":"pa_lokalita-obec-osvetimany","20":"pa_lokalita-obec-uherske-hradiste","21":"pa_nazev-textilie-barchet","22":"pa_popsano-na-casti-odevu-sukne","23":"pa_tkanina-zjistena-na-sukne-vrchni","24":"pa_typ-textilie-tkanina","25":"pa_typ-vazby-kepr","26":"pa_vlakna-osnovnich-niti-bavlna","27":"pa_vlakna-utkovych-niti-bavlna","28":"pa_vyrobce-textilie-neznamy","30":"entry","31":"has-media","33":"first","34":"instock","35":"shipping-taxable","36":"product-type-simple","37":"has-product-nav","38":"col","39":"span_1_of_5","40":"owp-content-center","41":"owp-thumbs-layout-vertical","42":"owp-btn-normal","43":"owp-tabs-layout-horizontal"},"_links":{"self":[{"href":"https:\/\/nulk.cz\/atlastextilu\/wp-json\/wp\/v2\/product\/287","targetHints":{"allow":["GET"]}}],"collection":[{"href":"https:\/\/nulk.cz\/atlastextilu\/wp-json\/wp\/v2\/product"}],"about":[{"href":"https:\/\/nulk.cz\/atlastextilu\/wp-json\/wp\/v2\/types\/product"}],"wp:featuredmedia":[{"embeddable":true,"href":"https:\/\/nulk.cz\/atlastextilu\/wp-json\/wp\/v2\/media\/288"}],"wp:attachment":[{"href":"https:\/\/nulk.cz\/atlastextilu\/wp-json\/wp\/v2\/media?parent=287"}],"wp:term":[{"taxonomy":"product_brand","embeddable":true,"href":"https:\/\/nulk.cz\/atlastextilu\/wp-json\/wp\/v2\/product_brand?post=287"},{"taxonomy":"product_cat","embeddable":true,"href":"https:\/\/nulk.cz\/atlastextilu\/wp-json\/wp\/v2\/product_cat?post=287"},{"taxonomy":"product_tag","embeddable":true,"href":"https:\/\/nulk.cz\/atlastextilu\/wp-json\/wp\/v2\/product_tag?post=287"}],"curies":[{"name":"wp","href":"https:\/\/api.w.org\/{rel}","templated":true}]}}