{"id":300,"date":"2022-05-31T07:55:28","date_gmt":"2022-05-31T05:55:28","guid":{"rendered":"https:\/\/nulk.cz\/atlastextilu\/?post_type=product&#038;p=300"},"modified":"2022-05-31T07:55:28","modified_gmt":"2022-05-31T05:55:28","slug":"batist-nulk-6159","status":"publish","type":"product","link":"https:\/\/nulk.cz\/atlastextilu\/vzorek\/batist-nulk-6159\/","title":{"rendered":"batist N\u00daLK 6159"},"content":{"rendered":"","protected":false},"excerpt":{"rendered":"<p>Z\u00e1st\u011bra je u\u0161it\u00e1 ze \u010dty\u0159 pruh\u016f l\u00e1tky. Na b\u00edl\u00e9 p\u016fd\u011b je drobn\u00fd r\u016f\u017eov\u00fd vzorek.<\/p>\n","protected":false},"featured_media":301,"template":"","meta":[],"product_brand":[],"product_cat":[20],"product_tag":[],"class_list":{"0":"post-300","1":"product","2":"type-product","3":"status-publish","4":"has-post-thumbnail","6":"product_cat-batist","7":"pa_barevnost-osnovnich-niti-bila","8":"pa_barevnost-osnovnich-niti-ruzova","9":"pa_barevnost-textilie-vicebarevna","10":"pa_barevnost-utkovych-niti-bila","11":"pa_barevnost-utkovych-niti-ruzova","12":"pa_datace-ramcova-1-pol-20-stol","13":"pa_dostava-na-1-cm2-34-28","14":"pa_evidencni-c-110","15":"pa_instituce-nulk-narodni-ustav-lidove-kultury-ve-straznici","16":"pa_konstrukce-osnovnich-niti-jednoducha-nit","17":"pa_konstrukce-utkovych-niti-jednoducha-nit","18":"pa_lokalita-dle-uziti-slovacko-dolnacko","19":"pa_lokalita-kraj-zlinsky","20":"pa_lokalita-obec-buchlovice","21":"pa_lokalita-obec-uherske-hradiste","22":"pa_nazev-textilie-batist","23":"pa_popsano-na-casti-odevu-zastera","24":"pa_tkanina-zjistena-na-zastera","25":"pa_typ-textilie-tkanina","26":"pa_typ-vazby-platnova","27":"pa_vlakna-osnovnich-niti-bavlna","28":"pa_vlakna-utkovych-niti-bavlna","29":"pa_vyrobce-textilie-neznamy","31":"entry","32":"has-media","34":"first","35":"instock","36":"shipping-taxable","37":"product-type-simple","38":"has-product-nav","39":"col","40":"span_1_of_5","41":"owp-content-center","42":"owp-thumbs-layout-vertical","43":"owp-btn-normal","44":"owp-tabs-layout-horizontal"},"_links":{"self":[{"href":"https:\/\/nulk.cz\/atlastextilu\/wp-json\/wp\/v2\/product\/300","targetHints":{"allow":["GET"]}}],"collection":[{"href":"https:\/\/nulk.cz\/atlastextilu\/wp-json\/wp\/v2\/product"}],"about":[{"href":"https:\/\/nulk.cz\/atlastextilu\/wp-json\/wp\/v2\/types\/product"}],"wp:featuredmedia":[{"embeddable":true,"href":"https:\/\/nulk.cz\/atlastextilu\/wp-json\/wp\/v2\/media\/301"}],"wp:attachment":[{"href":"https:\/\/nulk.cz\/atlastextilu\/wp-json\/wp\/v2\/media?parent=300"}],"wp:term":[{"taxonomy":"product_brand","embeddable":true,"href":"https:\/\/nulk.cz\/atlastextilu\/wp-json\/wp\/v2\/product_brand?post=300"},{"taxonomy":"product_cat","embeddable":true,"href":"https:\/\/nulk.cz\/atlastextilu\/wp-json\/wp\/v2\/product_cat?post=300"},{"taxonomy":"product_tag","embeddable":true,"href":"https:\/\/nulk.cz\/atlastextilu\/wp-json\/wp\/v2\/product_tag?post=300"}],"curies":[{"name":"wp","href":"https:\/\/api.w.org\/{rel}","templated":true}]}}