{"id":308,"date":"2022-05-31T08:04:05","date_gmt":"2022-05-31T06:04:05","guid":{"rendered":"https:\/\/nulk.cz\/atlastextilu\/?post_type=product&#038;p=308"},"modified":"2022-05-31T08:04:05","modified_gmt":"2022-05-31T06:04:05","slug":"brokat-mzm-9-333","status":"publish","type":"product","link":"https:\/\/nulk.cz\/atlastextilu\/vzorek\/brokat-mzm-9-333\/","title":{"rendered":"brok\u00e1t MZM 9 333"},"content":{"rendered":"","protected":false},"excerpt":{"rendered":"<p>Karta se vzorkem tkaniny &#8211; brok\u00e1t \u0161vestkov\u00e9 barvy s kv\u011bt. vzorem na \u017eiv\u016ftky<\/p>\n","protected":false},"featured_media":309,"template":"","meta":[],"product_brand":[],"product_cat":[19],"product_tag":[],"class_list":{"0":"post-308","1":"product","2":"type-product","3":"status-publish","4":"has-post-thumbnail","6":"product_cat-brokat","7":"pa_barevnost-osnovnich-niti-modra","8":"pa_barevnost-textilie-vicebarevna","9":"pa_barevnost-utkovych-niti-vicebarevna","10":"pa_datace-ramcova-2-ctvrtina-19-stol","11":"pa_dostava-na-1-cm2-15-45","12":"pa_evidencni-c-9-333","13":"pa_instituce-mzm-moravske-zemske-muzeum-etnograficky-ustav","14":"pa_konstrukce-osnovnich-niti-skana-nit","15":"pa_konstrukce-utkovych-niti-skana-nit","16":"pa_lokalita-kraj-valassko","17":"pa_nazev-textilie-brokat","18":"pa_popsano-na-casti-odevu-jiny-viz-popis","19":"pa_tkanina-zjistena-na-karta-se-vzorkem-tkaniny","20":"pa_typ-textilie-tkanina","21":"pa_typ-vazby-atlas","22":"pa_vlakna-osnovnich-niti-hedvabi","23":"pa_vlakna-utkovych-niti-bavlna","24":"pa_vyrobce-textilie-neznamy","26":"entry","27":"has-media","29":"first","30":"instock","31":"shipping-taxable","32":"product-type-simple","33":"has-product-nav","34":"col","35":"span_1_of_5","36":"owp-content-center","37":"owp-thumbs-layout-vertical","38":"owp-btn-normal","39":"owp-tabs-layout-horizontal"},"_links":{"self":[{"href":"https:\/\/nulk.cz\/atlastextilu\/wp-json\/wp\/v2\/product\/308","targetHints":{"allow":["GET"]}}],"collection":[{"href":"https:\/\/nulk.cz\/atlastextilu\/wp-json\/wp\/v2\/product"}],"about":[{"href":"https:\/\/nulk.cz\/atlastextilu\/wp-json\/wp\/v2\/types\/product"}],"wp:featuredmedia":[{"embeddable":true,"href":"https:\/\/nulk.cz\/atlastextilu\/wp-json\/wp\/v2\/media\/309"}],"wp:attachment":[{"href":"https:\/\/nulk.cz\/atlastextilu\/wp-json\/wp\/v2\/media?parent=308"}],"wp:term":[{"taxonomy":"product_brand","embeddable":true,"href":"https:\/\/nulk.cz\/atlastextilu\/wp-json\/wp\/v2\/product_brand?post=308"},{"taxonomy":"product_cat","embeddable":true,"href":"https:\/\/nulk.cz\/atlastextilu\/wp-json\/wp\/v2\/product_cat?post=308"},{"taxonomy":"product_tag","embeddable":true,"href":"https:\/\/nulk.cz\/atlastextilu\/wp-json\/wp\/v2\/product_tag?post=308"}],"curies":[{"name":"wp","href":"https:\/\/api.w.org\/{rel}","templated":true}]}}