{"id":315,"date":"2022-05-31T09:11:07","date_gmt":"2022-05-31T07:11:07","guid":{"rendered":"https:\/\/nulk.cz\/atlastextilu\/?post_type=product&#038;p=315"},"modified":"2022-05-31T09:11:07","modified_gmt":"2022-05-31T07:11:07","slug":"brokat-nulk-12609","status":"publish","type":"product","link":"https:\/\/nulk.cz\/atlastextilu\/vzorek\/brokat-nulk-12609\/","title":{"rendered":"brok\u00e1t N\u00daLK 12609"},"content":{"rendered":"","protected":false},"excerpt":{"rendered":"<p>Z\u00e1st\u011bra poch\u00e1z\u00ed ze \u010dtvrti M\u00edkovice, je u\u0161it\u00e1 ze 3 pruh\u016f l\u00e1tky. Na kr\u00e9mov\u00e9m podklad\u011b jsou vytk\u00e1van\u00e9 r\u016fznobarevn\u00e9 kv\u011bty, pou\u017eity jsou i st\u0159\u00edbrn\u00e9 a zlat\u00e9 nit\u011b.<\/p>\n","protected":false},"featured_media":316,"template":"","meta":[],"product_brand":[],"product_cat":[19],"product_tag":[],"class_list":{"0":"post-315","1":"product","2":"type-product","3":"status-publish","4":"has-post-thumbnail","6":"product_cat-brokat","7":"pa_barevnost-osnovnich-niti-prirodni-svetla","8":"pa_barevnost-textilie-vicebarevna","9":"pa_barevnost-utkovych-niti-cervena","10":"pa_barevnost-utkovych-niti-fialova","11":"pa_barevnost-utkovych-niti-modra","12":"pa_barevnost-utkovych-niti-prirodni-svetla","13":"pa_barevnost-utkovych-niti-zelena","14":"pa_datace-ramcova-1-pol-20-stol","15":"pa_evidencni-c-125","16":"pa_instituce-nulk-narodni-ustav-lidove-kultury-ve-straznici","17":"pa_konstrukce-osnovnich-niti-jednoducha-nit","18":"pa_konstrukce-utkovych-niti-jednoducha-nit","19":"pa_lokalita-dle-uziti-slovacko-dolnacko","20":"pa_lokalita-kraj-zlinsky","21":"pa_lokalita-obec-uherske-hradiste","22":"pa_nazev-textilie-brokat","23":"pa_popsano-na-casti-odevu-zastera","24":"pa_tkanina-zjistena-na-zastera-zenska","25":"pa_typ-textilie-tkanina","26":"pa_vlakna-osnovnich-niti-nezjisteno","27":"pa_vlakna-utkovych-niti-nezjisteno","28":"pa_vyrobce-textilie-neznamy","30":"entry","31":"has-media","33":"first","34":"instock","35":"shipping-taxable","36":"product-type-simple","37":"has-product-nav","38":"col","39":"span_1_of_5","40":"owp-content-center","41":"owp-thumbs-layout-vertical","42":"owp-btn-normal","43":"owp-tabs-layout-horizontal"},"_links":{"self":[{"href":"https:\/\/nulk.cz\/atlastextilu\/wp-json\/wp\/v2\/product\/315","targetHints":{"allow":["GET"]}}],"collection":[{"href":"https:\/\/nulk.cz\/atlastextilu\/wp-json\/wp\/v2\/product"}],"about":[{"href":"https:\/\/nulk.cz\/atlastextilu\/wp-json\/wp\/v2\/types\/product"}],"wp:featuredmedia":[{"embeddable":true,"href":"https:\/\/nulk.cz\/atlastextilu\/wp-json\/wp\/v2\/media\/316"}],"wp:attachment":[{"href":"https:\/\/nulk.cz\/atlastextilu\/wp-json\/wp\/v2\/media?parent=315"}],"wp:term":[{"taxonomy":"product_brand","embeddable":true,"href":"https:\/\/nulk.cz\/atlastextilu\/wp-json\/wp\/v2\/product_brand?post=315"},{"taxonomy":"product_cat","embeddable":true,"href":"https:\/\/nulk.cz\/atlastextilu\/wp-json\/wp\/v2\/product_cat?post=315"},{"taxonomy":"product_tag","embeddable":true,"href":"https:\/\/nulk.cz\/atlastextilu\/wp-json\/wp\/v2\/product_tag?post=315"}],"curies":[{"name":"wp","href":"https:\/\/api.w.org\/{rel}","templated":true}]}}