{"id":324,"date":"2022-05-31T09:18:57","date_gmt":"2022-05-31T07:18:57","guid":{"rendered":"https:\/\/nulk.cz\/atlastextilu\/?post_type=product&#038;p=324"},"modified":"2022-05-31T09:18:57","modified_gmt":"2022-05-31T07:18:57","slug":"brokat-nulk-5476","status":"publish","type":"product","link":"https:\/\/nulk.cz\/atlastextilu\/vzorek\/brokat-nulk-5476\/","title":{"rendered":"brok\u00e1t N\u00daLK 5476"},"content":{"rendered":"","protected":false},"excerpt":{"rendered":"<p>&#8222;Kordulka&#8220; \u017eensk\u00e1 zelen\u00e1 poloorn\u00e1tov\u00e1. \u017div\u016ftek je u\u0161it\u00fd ze 4 d\u00edl\u016f zelen\u00e9ho brok\u00e1tu s vetk\u00e1van\u00fdmi kv\u011bty barevn\u00fdmi a zlat\u00fdmi nit\u011bmi. Kolem v\u00fdst\u0159ihu je p\u0159i\u0161ita \u010derven\u00e1 stuha olemovan\u00e1 st\u0159\u00edb\u0159itou krajkou.<\/p>\n","protected":false},"featured_media":326,"template":"","meta":[],"product_brand":[],"product_cat":[19],"product_tag":[],"class_list":{"0":"post-324","1":"product","2":"type-product","3":"status-publish","4":"has-post-thumbnail","6":"product_cat-brokat","7":"pa_barevnost-osnovnich-niti-zelena","8":"pa_barevnost-textilie-vicebarevna","9":"pa_barevnost-utkovych-niti-bila","10":"pa_barevnost-utkovych-niti-cervena","11":"pa_barevnost-utkovych-niti-fialova","12":"pa_barevnost-utkovych-niti-zelena","13":"pa_barevnost-utkovych-niti-zluta","14":"pa_datace-ramcova-1-pol-20-stol","15":"pa_dostava-na-1-cm2-0-0","16":"pa_evidencni-c-131","17":"pa_instituce-nulk-narodni-ustav-lidove-kultury-ve-straznici","18":"pa_konstrukce-osnovnich-niti-jednoducha-nit","19":"pa_konstrukce-utkovych-niti-jednoducha-nit","20":"pa_lokalita-dle-uziti-slovacko-dolnacko","21":"pa_lokalita-kraj-jihomoravsky","22":"pa_lokalita-obec-hodonin","23":"pa_lokalita-obec-vracov","24":"pa_nazev-textilie-brokat","25":"pa_popsano-na-casti-odevu-jiny-viz-popis","26":"pa_tkanina-zjistena-na-kordulka","27":"pa_typ-textilie-tkanina","28":"pa_typ-vazby-nezadano","29":"pa_vlakna-osnovnich-niti-nezjisteno","30":"pa_vlakna-utkovych-niti-nezjisteno","31":"pa_vyrobce-textilie-neznamy","33":"entry","34":"has-media","36":"first","37":"instock","38":"shipping-taxable","39":"product-type-simple","40":"has-product-nav","41":"col","42":"span_1_of_5","43":"owp-content-center","44":"owp-thumbs-layout-vertical","45":"owp-btn-normal","46":"owp-tabs-layout-horizontal"},"_links":{"self":[{"href":"https:\/\/nulk.cz\/atlastextilu\/wp-json\/wp\/v2\/product\/324","targetHints":{"allow":["GET"]}}],"collection":[{"href":"https:\/\/nulk.cz\/atlastextilu\/wp-json\/wp\/v2\/product"}],"about":[{"href":"https:\/\/nulk.cz\/atlastextilu\/wp-json\/wp\/v2\/types\/product"}],"wp:featuredmedia":[{"embeddable":true,"href":"https:\/\/nulk.cz\/atlastextilu\/wp-json\/wp\/v2\/media\/326"}],"wp:attachment":[{"href":"https:\/\/nulk.cz\/atlastextilu\/wp-json\/wp\/v2\/media?parent=324"}],"wp:term":[{"taxonomy":"product_brand","embeddable":true,"href":"https:\/\/nulk.cz\/atlastextilu\/wp-json\/wp\/v2\/product_brand?post=324"},{"taxonomy":"product_cat","embeddable":true,"href":"https:\/\/nulk.cz\/atlastextilu\/wp-json\/wp\/v2\/product_cat?post=324"},{"taxonomy":"product_tag","embeddable":true,"href":"https:\/\/nulk.cz\/atlastextilu\/wp-json\/wp\/v2\/product_tag?post=324"}],"curies":[{"name":"wp","href":"https:\/\/api.w.org\/{rel}","templated":true}]}}