{"id":334,"date":"2022-05-31T09:30:58","date_gmt":"2022-05-31T07:30:58","guid":{"rendered":"https:\/\/nulk.cz\/atlastextilu\/?post_type=product&#038;p=334"},"modified":"2022-05-31T09:30:58","modified_gmt":"2022-05-31T07:30:58","slug":"cirkas-mzm-11-853","status":"publish","type":"product","link":"https:\/\/nulk.cz\/atlastextilu\/vzorek\/cirkas-mzm-11-853\/","title":{"rendered":"cirkas MZM 11 853"},"content":{"rendered":"","protected":false},"excerpt":{"rendered":"<p>Karta se vzorkem tkaniny &#8211; zeleno-b\u00edl\u00fd kostkovan\u00fd c\u00edrkas<\/p>\n","protected":false},"featured_media":339,"template":"","meta":[],"product_brand":[],"product_cat":[21],"product_tag":[],"class_list":{"0":"post-334","1":"product","2":"type-product","3":"status-publish","4":"has-post-thumbnail","6":"product_cat-cirkas","7":"pa_barevnost-osnovnich-niti-bila","8":"pa_barevnost-osnovnich-niti-zelena","9":"pa_barevnost-textilie-vicebarevna","10":"pa_barevnost-utkovych-niti-bila","11":"pa_barevnost-utkovych-niti-zelena","12":"pa_datace-ramcova-139","13":"pa_dostava-na-1-cm2-145","14":"pa_evidencni-c-11-853","15":"pa_instituce-mzm-moravske-zemske-muzeum-etnograficky-ustav","16":"pa_konstrukce-osnovnich-niti-jednoducha-nit","17":"pa_konstrukce-utkovych-niti-jednoducha-nit","18":"pa_lokalita-dle-uziti-horacko-a-podhoracko","19":"pa_lokalita-kraj-vysocina","20":"pa_lokalita-obec-bystrice-nad-pernstejnem","21":"pa_lokalita-obec-zdar-nad-sazavou","22":"pa_nazev-textilie-cirkas-2","23":"pa_popsano-na-casti-odevu-jiny-viz-popis","24":"pa_tkanina-zjistena-na-karta-se-vzorkem-tkaniny","25":"pa_typ-textilie-tkanina","26":"pa_typ-vazby-kepr","27":"pa_vlakna-osnovnich-niti-vlna-ovci","28":"pa_vlakna-utkovych-niti-vlna-ovci","29":"pa_vyrobce-textilie-ad-dvoracek","31":"entry","32":"has-media","34":"first","35":"instock","36":"shipping-taxable","37":"product-type-simple","38":"has-product-nav","39":"col","40":"span_1_of_5","41":"owp-content-center","42":"owp-thumbs-layout-vertical","43":"owp-btn-normal","44":"owp-tabs-layout-horizontal"},"_links":{"self":[{"href":"https:\/\/nulk.cz\/atlastextilu\/wp-json\/wp\/v2\/product\/334","targetHints":{"allow":["GET"]}}],"collection":[{"href":"https:\/\/nulk.cz\/atlastextilu\/wp-json\/wp\/v2\/product"}],"about":[{"href":"https:\/\/nulk.cz\/atlastextilu\/wp-json\/wp\/v2\/types\/product"}],"wp:featuredmedia":[{"embeddable":true,"href":"https:\/\/nulk.cz\/atlastextilu\/wp-json\/wp\/v2\/media\/339"}],"wp:attachment":[{"href":"https:\/\/nulk.cz\/atlastextilu\/wp-json\/wp\/v2\/media?parent=334"}],"wp:term":[{"taxonomy":"product_brand","embeddable":true,"href":"https:\/\/nulk.cz\/atlastextilu\/wp-json\/wp\/v2\/product_brand?post=334"},{"taxonomy":"product_cat","embeddable":true,"href":"https:\/\/nulk.cz\/atlastextilu\/wp-json\/wp\/v2\/product_cat?post=334"},{"taxonomy":"product_tag","embeddable":true,"href":"https:\/\/nulk.cz\/atlastextilu\/wp-json\/wp\/v2\/product_tag?post=334"}],"curies":[{"name":"wp","href":"https:\/\/api.w.org\/{rel}","templated":true}]}}