{"id":341,"date":"2022-05-31T09:35:18","date_gmt":"2022-05-31T07:35:18","guid":{"rendered":"https:\/\/nulk.cz\/atlastextilu\/?post_type=product&#038;p=341"},"modified":"2022-05-31T09:35:19","modified_gmt":"2022-05-31T07:35:19","slug":"cirkas-uee-6_1","status":"publish","type":"product","link":"https:\/\/nulk.cz\/atlastextilu\/vzorek\/cirkas-uee-6_1\/","title":{"rendered":"cirkas \u00daEE 6_1"},"content":{"rendered":"","protected":false},"excerpt":{"rendered":"<p>Karta s uk\u00e1zkou bavln\u011bn\u00e9 textilie ur\u010den\u00e9 na pod\u0161\u00edvku. Sb\u011br v ter\u00e9nu v obci Lipovec u Blanska, m\u00edstn\u00ed \u010d\u00e1st Matian\u00edn. Sb\u011br provedla PhDr. Vlasta Svobodov\u00e1.<\/p>\n","protected":false},"featured_media":342,"template":"","meta":[],"product_brand":[],"product_cat":[21],"product_tag":[],"class_list":{"0":"post-341","1":"product","2":"type-product","3":"status-publish","4":"has-post-thumbnail","6":"product_cat-cirkas","7":"pa_barevnost-osnovnich-niti-prirodni-tmava","8":"pa_barevnost-textilie-vicebarevna","9":"pa_barevnost-utkovych-niti-oranzova","10":"pa_barevnost-utkovych-niti-prirodni-svetla","11":"pa_barevnost-utkovych-niti-prirodni-tmava","12":"pa_barevnost-utkovych-niti-zluta","13":"pa_datace-ramcova-1-pol-20-stol","14":"pa_dostava-na-1-cm2-14-16","15":"pa_evidencni-c-6_1","16":"pa_instituce-uee-ustav-evropske-etnologie-ff-mu","17":"pa_konstrukce-osnovnich-niti-jednoducha-nit","18":"pa_konstrukce-utkovych-niti-jednoducha-nit","19":"pa_lokalita-dle-uziti-brnensko","20":"pa_lokalita-kraj-jihomoravsky","21":"pa_lokalita-obec-blansko","22":"pa_lokalita-obec-lipovec","23":"pa_nazev-textilie-cirkas","24":"pa_popsano-na-casti-odevu-jiny-viz-popis","25":"pa_tkanina-zjistena-na-karta-se-vzorkem-tkaniny","26":"pa_typ-textilie-tkanina","27":"pa_typ-vazby-platnova","28":"pa_vlakna-osnovnich-niti-bavlna","29":"pa_vlakna-utkovych-niti-bavlna","30":"pa_vyrobce-textilie-neznamy","32":"entry","33":"has-media","35":"first","36":"instock","37":"shipping-taxable","38":"product-type-simple","39":"has-product-nav","40":"col","41":"span_1_of_5","42":"owp-content-center","43":"owp-thumbs-layout-vertical","44":"owp-btn-normal","45":"owp-tabs-layout-horizontal"},"_links":{"self":[{"href":"https:\/\/nulk.cz\/atlastextilu\/wp-json\/wp\/v2\/product\/341","targetHints":{"allow":["GET"]}}],"collection":[{"href":"https:\/\/nulk.cz\/atlastextilu\/wp-json\/wp\/v2\/product"}],"about":[{"href":"https:\/\/nulk.cz\/atlastextilu\/wp-json\/wp\/v2\/types\/product"}],"wp:featuredmedia":[{"embeddable":true,"href":"https:\/\/nulk.cz\/atlastextilu\/wp-json\/wp\/v2\/media\/342"}],"wp:attachment":[{"href":"https:\/\/nulk.cz\/atlastextilu\/wp-json\/wp\/v2\/media?parent=341"}],"wp:term":[{"taxonomy":"product_brand","embeddable":true,"href":"https:\/\/nulk.cz\/atlastextilu\/wp-json\/wp\/v2\/product_brand?post=341"},{"taxonomy":"product_cat","embeddable":true,"href":"https:\/\/nulk.cz\/atlastextilu\/wp-json\/wp\/v2\/product_cat?post=341"},{"taxonomy":"product_tag","embeddable":true,"href":"https:\/\/nulk.cz\/atlastextilu\/wp-json\/wp\/v2\/product_tag?post=341"}],"curies":[{"name":"wp","href":"https:\/\/api.w.org\/{rel}","templated":true}]}}