{"id":343,"date":"2022-05-31T09:40:57","date_gmt":"2022-05-31T07:40:57","guid":{"rendered":"https:\/\/nulk.cz\/atlastextilu\/?post_type=product&#038;p=343"},"modified":"2022-05-31T09:40:57","modified_gmt":"2022-05-31T07:40:57","slug":"cvilich-uee-3_2","status":"publish","type":"product","link":"https:\/\/nulk.cz\/atlastextilu\/vzorek\/cvilich-uee-3_2\/","title":{"rendered":"cvilich \u00daEE 3_2"},"content":{"rendered":"","protected":false},"excerpt":{"rendered":"<p>Karta se vzorkem tkaniny &#8211; bavln\u011bn\u00e1 tkanina s fantazijn\u00ed vazbou &#8211; pouze torzo. Sb\u011br v ter\u00e9nu PhDr. Vlasta Svobodov\u00e1.<\/p>\n","protected":false},"featured_media":344,"template":"","meta":[],"product_brand":[],"product_cat":[157],"product_tag":[],"class_list":{"0":"post-343","1":"product","2":"type-product","3":"status-publish","4":"has-post-thumbnail","6":"product_cat-cvilik","7":"pa_barevnost-osnovnich-niti-bila","8":"pa_barevnost-textilie-bila","9":"pa_barevnost-utkovych-niti-bila","10":"pa_datace-ramcova-1-pol-20-stol","11":"pa_dostava-na-1-cm2-11-12","12":"pa_evidencni-c-3_2","13":"pa_instituce-uee-ustav-evropske-etnologie-ff-mu","14":"pa_konstrukce-osnovnich-niti-jednoducha-nit","15":"pa_konstrukce-utkovych-niti-jednoducha-nit","16":"pa_lokalita-dle-uziti-ceskomoravska-vysocina","17":"pa_lokalita-kraj-backovice","18":"pa_lokalita-kraj-vysocina","19":"pa_lokalita-obec-trebic","20":"pa_nazev-textilie-cvilich","21":"pa_popsano-na-casti-odevu-jiny-viz-popis","22":"pa_tkanina-zjistena-na-karta-se-vzorkem-tkaniny","23":"pa_typ-textilie-tkanina","24":"pa_typ-vazby-platnova-odvozena-vazba","25":"pa_vlakna-osnovnich-niti-bavlna","26":"pa_vlakna-utkovych-niti-bavlna","27":"pa_vyrobce-textilie-neznamy","29":"entry","30":"has-media","32":"first","33":"instock","34":"shipping-taxable","35":"product-type-simple","36":"has-product-nav","37":"col","38":"span_1_of_5","39":"owp-content-center","40":"owp-thumbs-layout-vertical","41":"owp-btn-normal","42":"owp-tabs-layout-horizontal"},"_links":{"self":[{"href":"https:\/\/nulk.cz\/atlastextilu\/wp-json\/wp\/v2\/product\/343","targetHints":{"allow":["GET"]}}],"collection":[{"href":"https:\/\/nulk.cz\/atlastextilu\/wp-json\/wp\/v2\/product"}],"about":[{"href":"https:\/\/nulk.cz\/atlastextilu\/wp-json\/wp\/v2\/types\/product"}],"wp:featuredmedia":[{"embeddable":true,"href":"https:\/\/nulk.cz\/atlastextilu\/wp-json\/wp\/v2\/media\/344"}],"wp:attachment":[{"href":"https:\/\/nulk.cz\/atlastextilu\/wp-json\/wp\/v2\/media?parent=343"}],"wp:term":[{"taxonomy":"product_brand","embeddable":true,"href":"https:\/\/nulk.cz\/atlastextilu\/wp-json\/wp\/v2\/product_brand?post=343"},{"taxonomy":"product_cat","embeddable":true,"href":"https:\/\/nulk.cz\/atlastextilu\/wp-json\/wp\/v2\/product_cat?post=343"},{"taxonomy":"product_tag","embeddable":true,"href":"https:\/\/nulk.cz\/atlastextilu\/wp-json\/wp\/v2\/product_tag?post=343"}],"curies":[{"name":"wp","href":"https:\/\/api.w.org\/{rel}","templated":true}]}}