{"id":349,"date":"2022-05-31T09:48:51","date_gmt":"2022-05-31T07:48:51","guid":{"rendered":"https:\/\/nulk.cz\/atlastextilu\/?post_type=product&#038;p=349"},"modified":"2022-05-31T09:48:51","modified_gmt":"2022-05-31T07:48:51","slug":"damasek-nulk-731","status":"publish","type":"product","link":"https:\/\/nulk.cz\/atlastextilu\/vzorek\/damasek-nulk-731\/","title":{"rendered":"dama\u0161ek N\u00daLK 731"},"content":{"rendered":"","protected":false},"excerpt":{"rendered":"<p>Z\u00e1st\u011bra je u\u0161it\u00e1 z \u0161esti pruh\u016f l\u00e1tky. Na \u010derven\u00e9m podklad\u011b jsou vetk\u00e1ny b\u00edl\u00e9 kv\u011bty.<\/p>\n","protected":false},"featured_media":352,"template":"","meta":[],"product_brand":[],"product_cat":[166],"product_tag":[],"class_list":{"0":"post-349","1":"product","2":"type-product","3":"status-publish","4":"has-post-thumbnail","6":"product_cat-damasek","7":"pa_barevnost-osnovnich-niti-cervena","8":"pa_barevnost-textilie-vicebarevna","9":"pa_barevnost-utkovych-niti-bila","10":"pa_barevnost-utkovych-niti-cervena","11":"pa_datace-ramcova-1-pol-20-stol","12":"pa_dostava-na-1-cm2-0-0","13":"pa_evidencni-c-172","14":"pa_instituce-nulk-narodni-ustav-lidove-kultury-ve-straznici","15":"pa_konstrukce-osnovnich-niti-jednoducha-nit","16":"pa_konstrukce-utkovych-niti-jednoducha-nit","17":"pa_lokalita-dle-uziti-slovacko-dolnacko","18":"pa_lokalita-kraj-jihomoravsky","19":"pa_lokalita-obec-hodonin","20":"pa_lokalita-obec-knezdub","21":"pa_nazev-textilie-damasek","22":"pa_popsano-na-casti-odevu-zastera","23":"pa_tkanina-zjistena-na-zastera","24":"pa_typ-textilie-tkanina","25":"pa_typ-vazby-atlas","26":"pa_vlakna-osnovnich-niti-hedvabi","27":"pa_vlakna-utkovych-niti-bavlna","28":"pa_vyrobce-textilie-neznamy","30":"entry","31":"has-media","33":"first","34":"instock","35":"shipping-taxable","36":"product-type-simple","37":"has-product-nav","38":"col","39":"span_1_of_5","40":"owp-content-center","41":"owp-thumbs-layout-vertical","42":"owp-btn-normal","43":"owp-tabs-layout-horizontal"},"_links":{"self":[{"href":"https:\/\/nulk.cz\/atlastextilu\/wp-json\/wp\/v2\/product\/349","targetHints":{"allow":["GET"]}}],"collection":[{"href":"https:\/\/nulk.cz\/atlastextilu\/wp-json\/wp\/v2\/product"}],"about":[{"href":"https:\/\/nulk.cz\/atlastextilu\/wp-json\/wp\/v2\/types\/product"}],"wp:featuredmedia":[{"embeddable":true,"href":"https:\/\/nulk.cz\/atlastextilu\/wp-json\/wp\/v2\/media\/352"}],"wp:attachment":[{"href":"https:\/\/nulk.cz\/atlastextilu\/wp-json\/wp\/v2\/media?parent=349"}],"wp:term":[{"taxonomy":"product_brand","embeddable":true,"href":"https:\/\/nulk.cz\/atlastextilu\/wp-json\/wp\/v2\/product_brand?post=349"},{"taxonomy":"product_cat","embeddable":true,"href":"https:\/\/nulk.cz\/atlastextilu\/wp-json\/wp\/v2\/product_cat?post=349"},{"taxonomy":"product_tag","embeddable":true,"href":"https:\/\/nulk.cz\/atlastextilu\/wp-json\/wp\/v2\/product_tag?post=349"}],"curies":[{"name":"wp","href":"https:\/\/api.w.org\/{rel}","templated":true}]}}