{"id":353,"date":"2022-05-31T09:53:53","date_gmt":"2022-05-31T07:53:53","guid":{"rendered":"https:\/\/nulk.cz\/atlastextilu\/?post_type=product&#038;p=353"},"modified":"2022-05-31T09:53:53","modified_gmt":"2022-05-31T07:53:53","slug":"etamin-nulk-40930","status":"publish","type":"product","link":"https:\/\/nulk.cz\/atlastextilu\/vzorek\/etamin-nulk-40930\/","title":{"rendered":"etam\u00edn N\u00daLK 40930"},"content":{"rendered":"","protected":false},"excerpt":{"rendered":"<p>D\u00edv\u010d\u00ed &#8222;kordulka&#8220; u\u0161it\u00e1 ze sv\u011btl\u00e9ho etam\u00ednu s vy\u0161\u00edt\u00fdm bled\u011b modr\u00fdm rostlinn\u00fdm motivem.<\/p>\n","protected":false},"featured_media":356,"template":"","meta":[],"product_brand":[],"product_cat":[174],"product_tag":[],"class_list":{"0":"post-353","1":"product","2":"type-product","3":"status-publish","4":"has-post-thumbnail","6":"product_cat-etamin","7":"pa_barevnost-osnovnich-niti-bila","8":"pa_barevnost-textilie-bila","9":"pa_barevnost-utkovych-niti-bila","10":"pa_datace-ramcova-1-pol-20-stol","11":"pa_dostava-na-1-cm2-26-24","12":"pa_evidencni-c-176","13":"pa_instituce-nulk-narodni-ustav-lidove-kultury-ve-straznici","14":"pa_konstrukce-osnovnich-niti-jednoducha-nit","15":"pa_konstrukce-utkovych-niti-jednoducha-nit","16":"pa_lokalita-dle-uziti-slovacko-dolnacko","17":"pa_lokalita-kraj-jihomoravsky","18":"pa_lokalita-obec-hodonin","19":"pa_lokalita-obec-radejov","20":"pa_nazev-textilie-etamin","21":"pa_popsano-na-casti-odevu-jiny-viz-popis","22":"pa_tkanina-zjistena-na-zenska-kordula","23":"pa_typ-textilie-tkanina","24":"pa_typ-vazby-platnova","25":"pa_vlakna-osnovnich-niti-nezjisteno","26":"pa_vlakna-utkovych-niti-nezjisteno","27":"pa_vyrobce-textilie-neznamy","29":"entry","30":"has-media","32":"first","33":"instock","34":"shipping-taxable","35":"product-type-simple","36":"has-product-nav","37":"col","38":"span_1_of_5","39":"owp-content-center","40":"owp-thumbs-layout-vertical","41":"owp-btn-normal","42":"owp-tabs-layout-horizontal"},"_links":{"self":[{"href":"https:\/\/nulk.cz\/atlastextilu\/wp-json\/wp\/v2\/product\/353","targetHints":{"allow":["GET"]}}],"collection":[{"href":"https:\/\/nulk.cz\/atlastextilu\/wp-json\/wp\/v2\/product"}],"about":[{"href":"https:\/\/nulk.cz\/atlastextilu\/wp-json\/wp\/v2\/types\/product"}],"wp:featuredmedia":[{"embeddable":true,"href":"https:\/\/nulk.cz\/atlastextilu\/wp-json\/wp\/v2\/media\/356"}],"wp:attachment":[{"href":"https:\/\/nulk.cz\/atlastextilu\/wp-json\/wp\/v2\/media?parent=353"}],"wp:term":[{"taxonomy":"product_brand","embeddable":true,"href":"https:\/\/nulk.cz\/atlastextilu\/wp-json\/wp\/v2\/product_brand?post=353"},{"taxonomy":"product_cat","embeddable":true,"href":"https:\/\/nulk.cz\/atlastextilu\/wp-json\/wp\/v2\/product_cat?post=353"},{"taxonomy":"product_tag","embeddable":true,"href":"https:\/\/nulk.cz\/atlastextilu\/wp-json\/wp\/v2\/product_tag?post=353"}],"curies":[{"name":"wp","href":"https:\/\/api.w.org\/{rel}","templated":true}]}}