{"id":358,"date":"2022-05-31T12:31:35","date_gmt":"2022-05-31T10:31:35","guid":{"rendered":"https:\/\/nulk.cz\/atlastextilu\/?post_type=product&#038;p=358"},"modified":"2022-05-31T12:31:35","modified_gmt":"2022-05-31T10:31:35","slug":"flanel-nulk-7285","status":"publish","type":"product","link":"https:\/\/nulk.cz\/atlastextilu\/vzorek\/flanel-nulk-7285\/","title":{"rendered":"flanel N\u00daLK 7285"},"content":{"rendered":"","protected":false},"excerpt":{"rendered":"<p>\u00edl\u00fd flanel. Na z\u00e1dech vesta ozdobena zeleno-\u010dervenou v\u00fd\u0161ivkou s rostl. motivem a t\u0159emi kovov\u00fdmi knofl\u00edky. V\u00fd\u0161ivka stejn\u00e9ho charakteru na p\u0159edn\u00edch d\u00edlech kolem zap\u00edn\u00e1n\u00ed s dv\u011bma \u0159adami knofl\u00edk\u016f (2&#215;9). Okraje vesty a kapsy pro\u0161it\u00e9 \u010dervenou a zelenou nit\u00ed.<\/p>\n","protected":false},"featured_media":359,"template":"","meta":[],"product_brand":[],"product_cat":[179],"product_tag":[],"class_list":{"0":"post-358","1":"product","2":"type-product","3":"status-publish","4":"has-post-thumbnail","6":"product_cat-flanel","7":"pa_barevnost-osnovnich-niti-prirodni-svetla","8":"pa_barevnost-textilie-prirodni-svetla-barevnost","9":"pa_barevnost-utkovych-niti-prirodni-svetla","10":"pa_datace-ramcova-1-pol-20-stol","11":"pa_dostava-na-1-cm2-13-19","12":"pa_evidencni-c-181","13":"pa_instituce-nulk-narodni-ustav-lidove-kultury-ve-straznici","14":"pa_konstrukce-osnovnich-niti-jednoducha-nit","15":"pa_konstrukce-utkovych-niti-jednoducha-nit","16":"pa_lokalita-dle-uziti-slovacko-hornacko","17":"pa_lokalita-kraj-jihomoravsky","18":"pa_lokalita-obec-hodonin","19":"pa_lokalita-obec-suchov","20":"pa_nazev-textilie-flanel","21":"pa_popsano-na-casti-odevu-horni-zadni-odevni-dil","22":"pa_tkanina-zjistena-na-muzska-vesta","23":"pa_typ-textilie-tkanina","24":"pa_typ-vazby-platnova","25":"pa_vlakna-osnovnich-niti-nezjisteno","26":"pa_vlakna-utkovych-niti-nezjisteno","27":"pa_vyrobce-textilie-neznamy","29":"entry","30":"has-media","32":"first","33":"instock","34":"shipping-taxable","35":"product-type-simple","36":"has-product-nav","37":"col","38":"span_1_of_5","39":"owp-content-center","40":"owp-thumbs-layout-vertical","41":"owp-btn-normal","42":"owp-tabs-layout-horizontal"},"_links":{"self":[{"href":"https:\/\/nulk.cz\/atlastextilu\/wp-json\/wp\/v2\/product\/358","targetHints":{"allow":["GET"]}}],"collection":[{"href":"https:\/\/nulk.cz\/atlastextilu\/wp-json\/wp\/v2\/product"}],"about":[{"href":"https:\/\/nulk.cz\/atlastextilu\/wp-json\/wp\/v2\/types\/product"}],"wp:featuredmedia":[{"embeddable":true,"href":"https:\/\/nulk.cz\/atlastextilu\/wp-json\/wp\/v2\/media\/359"}],"wp:attachment":[{"href":"https:\/\/nulk.cz\/atlastextilu\/wp-json\/wp\/v2\/media?parent=358"}],"wp:term":[{"taxonomy":"product_brand","embeddable":true,"href":"https:\/\/nulk.cz\/atlastextilu\/wp-json\/wp\/v2\/product_brand?post=358"},{"taxonomy":"product_cat","embeddable":true,"href":"https:\/\/nulk.cz\/atlastextilu\/wp-json\/wp\/v2\/product_cat?post=358"},{"taxonomy":"product_tag","embeddable":true,"href":"https:\/\/nulk.cz\/atlastextilu\/wp-json\/wp\/v2\/product_tag?post=358"}],"curies":[{"name":"wp","href":"https:\/\/api.w.org\/{rel}","templated":true}]}}