{"id":364,"date":"2022-05-31T12:35:41","date_gmt":"2022-05-31T10:35:41","guid":{"rendered":"https:\/\/nulk.cz\/atlastextilu\/?post_type=product&#038;p=364"},"modified":"2022-05-31T12:35:41","modified_gmt":"2022-05-31T10:35:41","slug":"flanel-nulk-22665","status":"publish","type":"product","link":"https:\/\/nulk.cz\/atlastextilu\/vzorek\/flanel-nulk-22665\/","title":{"rendered":"flanel N\u00daLK 22665"},"content":{"rendered":"","protected":false},"excerpt":{"rendered":"<p>Sukn\u011b je u\u0161it\u00e1 z k\u00e1rovan\u00e9ho flanelu, z jednoho kusu l\u00e1tky.<\/p>\n","protected":false},"featured_media":365,"template":"","meta":[],"product_brand":[],"product_cat":[179],"product_tag":[],"class_list":{"0":"post-364","1":"product","2":"type-product","3":"status-publish","4":"has-post-thumbnail","6":"product_cat-flanel","7":"pa_barevnost-osnovnich-niti-cerna","8":"pa_barevnost-osnovnich-niti-cervena","9":"pa_barevnost-osnovnich-niti-modra","10":"pa_barevnost-osnovnich-niti-seda","11":"pa_barevnost-textilie-vicebarevna","12":"pa_barevnost-utkovych-niti-cerna","13":"pa_barevnost-utkovych-niti-cervena","14":"pa_barevnost-utkovych-niti-modra","15":"pa_barevnost-utkovych-niti-seda","16":"pa_datace-ramcova-1-pol-20-stol","17":"pa_dostava-na-1-cm2-18-18","18":"pa_evidencni-c-188","19":"pa_instituce-nulk-narodni-ustav-lidove-kultury-ve-straznici","20":"pa_konstrukce-osnovnich-niti-jednoducha-nit","21":"pa_konstrukce-utkovych-niti-jednoducha-nit","22":"pa_lokalita-dle-uziti-slovacko-dolnacko","23":"pa_lokalita-kraj-jihomoravsky","24":"pa_lokalita-obec-hodonin","25":"pa_lokalita-obec-straznice","26":"pa_nazev-textilie-flanel","27":"pa_popsano-na-casti-odevu-sukne","28":"pa_tkanina-zjistena-na-sukne-vrchni","29":"pa_typ-textilie-tkanina","30":"pa_typ-vazby-kepr","31":"pa_vlakna-osnovnich-niti-nezjisteno","32":"pa_vlakna-utkovych-niti-nezjisteno","33":"pa_vyrobce-textilie-neznamy","35":"entry","36":"has-media","38":"first","39":"instock","40":"shipping-taxable","41":"product-type-simple","42":"has-product-nav","43":"col","44":"span_1_of_5","45":"owp-content-center","46":"owp-thumbs-layout-vertical","47":"owp-btn-normal","48":"owp-tabs-layout-horizontal"},"_links":{"self":[{"href":"https:\/\/nulk.cz\/atlastextilu\/wp-json\/wp\/v2\/product\/364","targetHints":{"allow":["GET"]}}],"collection":[{"href":"https:\/\/nulk.cz\/atlastextilu\/wp-json\/wp\/v2\/product"}],"about":[{"href":"https:\/\/nulk.cz\/atlastextilu\/wp-json\/wp\/v2\/types\/product"}],"wp:featuredmedia":[{"embeddable":true,"href":"https:\/\/nulk.cz\/atlastextilu\/wp-json\/wp\/v2\/media\/365"}],"wp:attachment":[{"href":"https:\/\/nulk.cz\/atlastextilu\/wp-json\/wp\/v2\/media?parent=364"}],"wp:term":[{"taxonomy":"product_brand","embeddable":true,"href":"https:\/\/nulk.cz\/atlastextilu\/wp-json\/wp\/v2\/product_brand?post=364"},{"taxonomy":"product_cat","embeddable":true,"href":"https:\/\/nulk.cz\/atlastextilu\/wp-json\/wp\/v2\/product_cat?post=364"},{"taxonomy":"product_tag","embeddable":true,"href":"https:\/\/nulk.cz\/atlastextilu\/wp-json\/wp\/v2\/product_tag?post=364"}],"curies":[{"name":"wp","href":"https:\/\/api.w.org\/{rel}","templated":true}]}}