{"id":380,"date":"2022-06-01T07:12:28","date_gmt":"2022-06-01T05:12:28","guid":{"rendered":"https:\/\/nulk.cz\/atlastextilu\/?post_type=product&#038;p=380"},"modified":"2022-06-01T07:12:29","modified_gmt":"2022-06-01T05:12:29","slug":"harasova-tkanina-nulk-2384","status":"publish","type":"product","link":"https:\/\/nulk.cz\/atlastextilu\/vzorek\/harasova-tkanina-nulk-2384\/","title":{"rendered":"harasov\u00e1 tkanina N\u00daLK 2384"},"content":{"rendered":"","protected":false},"excerpt":{"rendered":"<p>Na \u017eensk\u00e9m kab\u00e1tku &#8222;lajblu&#8220; z b\u00edl\u00e9ho sukna je na klop\u00e1ch na\u0161ita pod\u0161\u00edvka z \u010derven\u00e9ho harasu.<\/p>\n","protected":false},"featured_media":381,"template":"","meta":[],"product_brand":[],"product_cat":[208],"product_tag":[],"class_list":{"0":"post-380","1":"product","2":"type-product","3":"status-publish","4":"has-post-thumbnail","6":"product_cat-harasova-tkanina","7":"pa_barevnost-osnovnich-niti-cervena","8":"pa_barevnost-textilie-cervena","9":"pa_barevnost-utkovych-niti-cervena","10":"pa_datace-ramcova-1-pol-20-stol","11":"pa_dostava-na-1-cm2-12-16","12":"pa_evidencni-c-210","13":"pa_instituce-nulk-narodni-ustav-lidove-kultury-ve-straznici","14":"pa_konstrukce-osnovnich-niti-jednoducha-nit","15":"pa_konstrukce-utkovych-niti-jednoducha-nit","16":"pa_lokalita-dle-uziti-slovacko-dolnacko","17":"pa_lokalita-kraj-jihomoravsky","18":"pa_lokalita-obec-hodonin","19":"pa_lokalita-obec-tvarozna-lhota","20":"pa_nazev-textilie-harasova-tkanina","21":"pa_popsano-na-casti-odevu-podsivka-horniho-predniho-dilu","22":"pa_tkanina-zjistena-na-zensky-kabatek","23":"pa_typ-textilie-tkanina","24":"pa_typ-vazby-platnova","25":"pa_vlakna-osnovnich-niti-nezjisteno","26":"pa_vlakna-utkovych-niti-nezjisteno","27":"pa_vyrobce-textilie-neznamy","29":"entry","30":"has-media","32":"first","33":"instock","34":"shipping-taxable","35":"product-type-simple","36":"has-product-nav","37":"col","38":"span_1_of_5","39":"owp-content-center","40":"owp-thumbs-layout-vertical","41":"owp-btn-normal","42":"owp-tabs-layout-horizontal"},"_links":{"self":[{"href":"https:\/\/nulk.cz\/atlastextilu\/wp-json\/wp\/v2\/product\/380","targetHints":{"allow":["GET"]}}],"collection":[{"href":"https:\/\/nulk.cz\/atlastextilu\/wp-json\/wp\/v2\/product"}],"about":[{"href":"https:\/\/nulk.cz\/atlastextilu\/wp-json\/wp\/v2\/types\/product"}],"wp:featuredmedia":[{"embeddable":true,"href":"https:\/\/nulk.cz\/atlastextilu\/wp-json\/wp\/v2\/media\/381"}],"wp:attachment":[{"href":"https:\/\/nulk.cz\/atlastextilu\/wp-json\/wp\/v2\/media?parent=380"}],"wp:term":[{"taxonomy":"product_brand","embeddable":true,"href":"https:\/\/nulk.cz\/atlastextilu\/wp-json\/wp\/v2\/product_brand?post=380"},{"taxonomy":"product_cat","embeddable":true,"href":"https:\/\/nulk.cz\/atlastextilu\/wp-json\/wp\/v2\/product_cat?post=380"},{"taxonomy":"product_tag","embeddable":true,"href":"https:\/\/nulk.cz\/atlastextilu\/wp-json\/wp\/v2\/product_tag?post=380"}],"curies":[{"name":"wp","href":"https:\/\/api.w.org\/{rel}","templated":true}]}}