{"id":389,"date":"2022-06-01T07:33:40","date_gmt":"2022-06-01T05:33:40","guid":{"rendered":"https:\/\/nulk.cz\/atlastextilu\/?post_type=product&#038;p=389"},"modified":"2022-06-01T07:33:40","modified_gmt":"2022-06-01T05:33:40","slug":"harasova-tkanina-nulk-5441","status":"publish","type":"product","link":"https:\/\/nulk.cz\/atlastextilu\/vzorek\/harasova-tkanina-nulk-5441\/","title":{"rendered":"harasov\u00e1 tkanina N\u00daLK 5441"},"content":{"rendered":"","protected":false},"excerpt":{"rendered":"<p>Z\u00e1st\u011bra je u\u0161it\u00e1 z 5 pruh\u016f l\u00e1tky. \u010cerven\u00e1 vln\u011bn\u00e1 l\u00e1tka s vetk\u00e1van\u00fdmi prou\u017eky &#8211; vzory kv\u00edtek a l\u00edstk\u016f. Z\u00e1st\u011bra je v\u0161it\u00e1 do p\u00e1sku z barchetu.<\/p>\n","protected":false},"featured_media":390,"template":"","meta":[],"product_brand":[],"product_cat":[208],"product_tag":[],"class_list":{"0":"post-389","1":"product","2":"type-product","3":"status-publish","4":"has-post-thumbnail","6":"product_cat-harasova-tkanina","7":"pa_barevnost-osnovnich-niti-cervena","8":"pa_barevnost-osnovnich-niti-prirodni-svetla","9":"pa_barevnost-osnovnich-niti-zelena","10":"pa_barevnost-osnovnich-niti-zluta","11":"pa_barevnost-textilie-vicebarevna","12":"pa_barevnost-utkovych-niti-cervena","13":"pa_datace-ramcova-1-pol-20-stol","14":"pa_dostava-na-1-cm2-20-24","15":"pa_evidencni-c-218","16":"pa_instituce-nulk-narodni-ustav-lidove-kultury-ve-straznici","17":"pa_konstrukce-osnovnich-niti-jednoducha-nit","18":"pa_konstrukce-utkovych-niti-jednoducha-nit","19":"pa_lokalita-dle-uziti-slovacko-dolnacko","20":"pa_lokalita-kraj-jihomoravsky","21":"pa_lokalita-obec-hodonin","22":"pa_lokalita-obec-syrovin","23":"pa_nazev-textilie-harasova-tkanina","24":"pa_popsano-na-casti-odevu-zastera","25":"pa_tkanina-zjistena-na-zastera-zenska","26":"pa_typ-textilie-tkanina","27":"pa_typ-vazby-platnova","28":"pa_vlakna-osnovnich-niti-vlna-ovci","29":"pa_vlakna-utkovych-niti-vlna-ovci","30":"pa_vyrobce-textilie-neznamy","32":"entry","33":"has-media","35":"first","36":"instock","37":"shipping-taxable","38":"product-type-simple","39":"has-product-nav","40":"col","41":"span_1_of_5","42":"owp-content-center","43":"owp-thumbs-layout-vertical","44":"owp-btn-normal","45":"owp-tabs-layout-horizontal"},"_links":{"self":[{"href":"https:\/\/nulk.cz\/atlastextilu\/wp-json\/wp\/v2\/product\/389","targetHints":{"allow":["GET"]}}],"collection":[{"href":"https:\/\/nulk.cz\/atlastextilu\/wp-json\/wp\/v2\/product"}],"about":[{"href":"https:\/\/nulk.cz\/atlastextilu\/wp-json\/wp\/v2\/types\/product"}],"wp:featuredmedia":[{"embeddable":true,"href":"https:\/\/nulk.cz\/atlastextilu\/wp-json\/wp\/v2\/media\/390"}],"wp:attachment":[{"href":"https:\/\/nulk.cz\/atlastextilu\/wp-json\/wp\/v2\/media?parent=389"}],"wp:term":[{"taxonomy":"product_brand","embeddable":true,"href":"https:\/\/nulk.cz\/atlastextilu\/wp-json\/wp\/v2\/product_brand?post=389"},{"taxonomy":"product_cat","embeddable":true,"href":"https:\/\/nulk.cz\/atlastextilu\/wp-json\/wp\/v2\/product_cat?post=389"},{"taxonomy":"product_tag","embeddable":true,"href":"https:\/\/nulk.cz\/atlastextilu\/wp-json\/wp\/v2\/product_tag?post=389"}],"curies":[{"name":"wp","href":"https:\/\/api.w.org\/{rel}","templated":true}]}}