{"id":393,"date":"2022-06-01T07:41:30","date_gmt":"2022-06-01T05:41:30","guid":{"rendered":"https:\/\/nulk.cz\/atlastextilu\/?post_type=product&#038;p=393"},"modified":"2022-06-01T07:41:31","modified_gmt":"2022-06-01T05:41:31","slug":"kanafas-uee-3_4","status":"publish","type":"product","link":"https:\/\/nulk.cz\/atlastextilu\/vzorek\/kanafas-uee-3_4\/","title":{"rendered":"kanafas \u00daEE 3_4"},"content":{"rendered":"","protected":false},"excerpt":{"rendered":"<p>Karta s uk\u00e1zkou textilie &#8211; kanafas s \u010derno modr\u00fdmi prou\u017eky.<\/p>\n","protected":false},"featured_media":394,"template":"","meta":[],"product_brand":[],"product_cat":[221],"product_tag":[],"class_list":{"0":"post-393","1":"product","2":"type-product","3":"status-publish","4":"has-post-thumbnail","6":"product_cat-kanafas","7":"pa_barevnost-osnovnich-niti-modra","8":"pa_barevnost-textilie-cerna","9":"pa_barevnost-utkovych-niti-cerna","10":"pa_barevnost-utkovych-niti-modra","11":"pa_datace-ramcova-1-pol-19-stol","12":"pa_dostava-na-1-cm2-6-7","13":"pa_evidencni-c-3_4","14":"pa_instituce-uee-ustav-evropske-etnologie-ff-mu","15":"pa_konstrukce-osnovnich-niti-jednoducha-nit","16":"pa_konstrukce-utkovych-niti-jednoducha-nit","17":"pa_lokalita-dle-uziti-ceskomoravska-vysocina","18":"pa_lokalita-kraj-vysocina","19":"pa_lokalita-obec-bory","20":"pa_lokalita-obec-zdar-nad-sazavou","21":"pa_nazev-textilie-kanafas","22":"pa_popsano-na-casti-odevu-jiny-viz-popis","23":"pa_tkanina-zjistena-na-papirova-karta-s-nalepenou-tkaninou","24":"pa_typ-textilie-tkanina","25":"pa_typ-vazby-kepr","26":"pa_vlakna-osnovnich-niti-bavlna","27":"pa_vlakna-utkovych-niti-bavlna","28":"pa_vyrobce-textilie-neznamy","30":"entry","31":"has-media","33":"first","34":"instock","35":"shipping-taxable","36":"product-type-simple","37":"has-product-nav","38":"col","39":"span_1_of_5","40":"owp-content-center","41":"owp-thumbs-layout-vertical","42":"owp-btn-normal","43":"owp-tabs-layout-horizontal"},"_links":{"self":[{"href":"https:\/\/nulk.cz\/atlastextilu\/wp-json\/wp\/v2\/product\/393","targetHints":{"allow":["GET"]}}],"collection":[{"href":"https:\/\/nulk.cz\/atlastextilu\/wp-json\/wp\/v2\/product"}],"about":[{"href":"https:\/\/nulk.cz\/atlastextilu\/wp-json\/wp\/v2\/types\/product"}],"wp:featuredmedia":[{"embeddable":true,"href":"https:\/\/nulk.cz\/atlastextilu\/wp-json\/wp\/v2\/media\/394"}],"wp:attachment":[{"href":"https:\/\/nulk.cz\/atlastextilu\/wp-json\/wp\/v2\/media?parent=393"}],"wp:term":[{"taxonomy":"product_brand","embeddable":true,"href":"https:\/\/nulk.cz\/atlastextilu\/wp-json\/wp\/v2\/product_brand?post=393"},{"taxonomy":"product_cat","embeddable":true,"href":"https:\/\/nulk.cz\/atlastextilu\/wp-json\/wp\/v2\/product_cat?post=393"},{"taxonomy":"product_tag","embeddable":true,"href":"https:\/\/nulk.cz\/atlastextilu\/wp-json\/wp\/v2\/product_tag?post=393"}],"curies":[{"name":"wp","href":"https:\/\/api.w.org\/{rel}","templated":true}]}}