{"id":402,"date":"2022-06-01T08:15:26","date_gmt":"2022-06-01T06:15:26","guid":{"rendered":"https:\/\/nulk.cz\/atlastextilu\/?post_type=product&#038;p=402"},"modified":"2022-06-01T08:15:26","modified_gmt":"2022-06-01T06:15:26","slug":"kanafas-mzm-11-143","status":"publish","type":"product","link":"https:\/\/nulk.cz\/atlastextilu\/vzorek\/kanafas-mzm-11-143\/","title":{"rendered":"kanafas MZM 11 143"},"content":{"rendered":"","protected":false},"excerpt":{"rendered":"<p>Karta se vzorkem tkaniny &#8211; ln\u011bn\u00fd kanafas s pruhovan\u00fdm vzorem vzorem<\/p>\n","protected":false},"featured_media":403,"template":"","meta":[],"product_brand":[],"product_cat":[221],"product_tag":[],"class_list":{"0":"post-402","1":"product","2":"type-product","3":"status-publish","4":"has-post-thumbnail","6":"product_cat-kanafas","7":"pa_barevnost-osnovnich-niti-bila","8":"pa_barevnost-osnovnich-niti-cervena","9":"pa_barevnost-osnovnich-niti-modra","10":"pa_barevnost-textilie-vicebarevna","11":"pa_barevnost-utkovych-niti-bila","12":"pa_datace-ramcova-1-pol-20-stol","13":"pa_dostava-na-1-cm2-225-16","14":"pa_evidencni-c-11-143","15":"pa_instituce-mzm-moravske-zemske-muzeum-etnograficky-ustav","16":"pa_konstrukce-osnovnich-niti-jednoducha-nit","17":"pa_konstrukce-utkovych-niti-jednoducha-nit","18":"pa_lokalita-dle-uziti-horacko-a-podhoracko","19":"pa_lokalita-kraj-vysocina","20":"pa_lokalita-obec-kuklik","21":"pa_lokalita-obec-zdar-nad-sazavou","22":"pa_nazev-textilie-kanafas","23":"pa_popsano-na-casti-odevu-jiny-viz-popis","24":"pa_tkanina-zjistena-na-karta-se-vzorkem-tkaniny","25":"pa_typ-textilie-tkanina","26":"pa_typ-vazby-platnova","27":"pa_vlakna-osnovnich-niti-len","28":"pa_vlakna-utkovych-niti-len","29":"pa_vyrobce-textilie-neznamy","31":"entry","32":"has-media","34":"first","35":"instock","36":"shipping-taxable","37":"product-type-simple","38":"has-product-nav","39":"col","40":"span_1_of_5","41":"owp-content-center","42":"owp-thumbs-layout-vertical","43":"owp-btn-normal","44":"owp-tabs-layout-horizontal"},"_links":{"self":[{"href":"https:\/\/nulk.cz\/atlastextilu\/wp-json\/wp\/v2\/product\/402","targetHints":{"allow":["GET"]}}],"collection":[{"href":"https:\/\/nulk.cz\/atlastextilu\/wp-json\/wp\/v2\/product"}],"about":[{"href":"https:\/\/nulk.cz\/atlastextilu\/wp-json\/wp\/v2\/types\/product"}],"wp:featuredmedia":[{"embeddable":true,"href":"https:\/\/nulk.cz\/atlastextilu\/wp-json\/wp\/v2\/media\/403"}],"wp:attachment":[{"href":"https:\/\/nulk.cz\/atlastextilu\/wp-json\/wp\/v2\/media?parent=402"}],"wp:term":[{"taxonomy":"product_brand","embeddable":true,"href":"https:\/\/nulk.cz\/atlastextilu\/wp-json\/wp\/v2\/product_brand?post=402"},{"taxonomy":"product_cat","embeddable":true,"href":"https:\/\/nulk.cz\/atlastextilu\/wp-json\/wp\/v2\/product_cat?post=402"},{"taxonomy":"product_tag","embeddable":true,"href":"https:\/\/nulk.cz\/atlastextilu\/wp-json\/wp\/v2\/product_tag?post=402"}],"curies":[{"name":"wp","href":"https:\/\/api.w.org\/{rel}","templated":true}]}}