{"id":406,"date":"2022-06-01T08:18:50","date_gmt":"2022-06-01T06:18:50","guid":{"rendered":"https:\/\/nulk.cz\/atlastextilu\/?post_type=product&#038;p=406"},"modified":"2022-06-01T08:18:50","modified_gmt":"2022-06-01T06:18:50","slug":"kanafas-mzm-11-147","status":"publish","type":"product","link":"https:\/\/nulk.cz\/atlastextilu\/vzorek\/kanafas-mzm-11-147\/","title":{"rendered":"kanafas MZM 11 147"},"content":{"rendered":"","protected":false},"excerpt":{"rendered":"<p>karta se vzorkem tkaniny &#8211; kanafas, na kter\u00e9m se st\u0159\u00eddaj\u00ed vodorovn\u00e9 a svisl\u00e9 pruhy prolo\u017een\u00e9 \u00fazk\u00fdmi prou\u017eky v keprov\u00e9 vazb\u011b<\/p>\n","protected":false},"featured_media":407,"template":"","meta":[],"product_brand":[],"product_cat":[221],"product_tag":[],"class_list":{"0":"post-406","1":"product","2":"type-product","3":"status-publish","4":"has-post-thumbnail","6":"product_cat-kanafas","7":"pa_barevnost-osnovnich-niti-bila","8":"pa_barevnost-osnovnich-niti-cerna","9":"pa_barevnost-osnovnich-niti-cervena","10":"pa_barevnost-textilie-vicebarevna","11":"pa_barevnost-utkovych-niti-bila","12":"pa_barevnost-utkovych-niti-cervena","13":"pa_datace-ramcova-1-pol-20-stol","14":"pa_dostava-na-1-cm2-165-19","15":"pa_evidencni-c-11-147","16":"pa_instituce-mzm-moravske-zemske-muzeum-etnograficky-ustav","17":"pa_konstrukce-osnovnich-niti-jednoducha-nit","18":"pa_konstrukce-utkovych-niti-jednoducha-nit","19":"pa_lokalita-dle-uziti-horacko-a-podhoracko","20":"pa_lokalita-kraj-vysocina","21":"pa_lokalita-obec-kuklik","22":"pa_lokalita-obec-zdar-nad-sazavou","23":"pa_nazev-textilie-kanafas","24":"pa_popsano-na-casti-odevu-jiny-viz-popis","25":"pa_tkanina-zjistena-na-karta-se-vzorkem-tkaniny","26":"pa_typ-textilie-tkanina","27":"pa_typ-vazby-platnova","28":"pa_vlakna-osnovnich-niti-len","29":"pa_vlakna-utkovych-niti-len","30":"pa_vyrobce-textilie-neznamy","32":"entry","33":"has-media","35":"first","36":"instock","37":"shipping-taxable","38":"product-type-simple","39":"has-product-nav","40":"col","41":"span_1_of_5","42":"owp-content-center","43":"owp-thumbs-layout-vertical","44":"owp-btn-normal","45":"owp-tabs-layout-horizontal"},"_links":{"self":[{"href":"https:\/\/nulk.cz\/atlastextilu\/wp-json\/wp\/v2\/product\/406","targetHints":{"allow":["GET"]}}],"collection":[{"href":"https:\/\/nulk.cz\/atlastextilu\/wp-json\/wp\/v2\/product"}],"about":[{"href":"https:\/\/nulk.cz\/atlastextilu\/wp-json\/wp\/v2\/types\/product"}],"wp:featuredmedia":[{"embeddable":true,"href":"https:\/\/nulk.cz\/atlastextilu\/wp-json\/wp\/v2\/media\/407"}],"wp:attachment":[{"href":"https:\/\/nulk.cz\/atlastextilu\/wp-json\/wp\/v2\/media?parent=406"}],"wp:term":[{"taxonomy":"product_brand","embeddable":true,"href":"https:\/\/nulk.cz\/atlastextilu\/wp-json\/wp\/v2\/product_brand?post=406"},{"taxonomy":"product_cat","embeddable":true,"href":"https:\/\/nulk.cz\/atlastextilu\/wp-json\/wp\/v2\/product_cat?post=406"},{"taxonomy":"product_tag","embeddable":true,"href":"https:\/\/nulk.cz\/atlastextilu\/wp-json\/wp\/v2\/product_tag?post=406"}],"curies":[{"name":"wp","href":"https:\/\/api.w.org\/{rel}","templated":true}]}}