{"id":433,"date":"2022-06-03T07:55:30","date_gmt":"2022-06-03T05:55:30","guid":{"rendered":"https:\/\/nulk.cz\/atlastextilu\/?post_type=product&#038;p=433"},"modified":"2022-06-03T07:55:30","modified_gmt":"2022-06-03T05:55:30","slug":"kartoun-mzm-11-212","status":"publish","type":"product","link":"https:\/\/nulk.cz\/atlastextilu\/vzorek\/kartoun-mzm-11-212\/","title":{"rendered":"kartoun MZM 11 212"},"content":{"rendered":"","protected":false},"excerpt":{"rendered":"<p>Karta se vzorkem textilie &#8211; b\u00edl\u00fd kartoun poti\u0161t\u011bn\u00fd drobn\u00fdmi r\u016f\u017eov\u00fdmi kyti\u010dkami<\/p>\n","protected":false},"featured_media":434,"template":"","meta":[],"product_brand":[],"product_cat":[264],"product_tag":[],"class_list":{"0":"post-433","1":"product","2":"type-product","3":"status-publish","4":"has-post-thumbnail","6":"product_cat-kartoun","7":"pa_barevnost-osnovnich-niti-bila","8":"pa_barevnost-textilie-bila","9":"pa_barevnost-utkovych-niti-bila","10":"pa_datace-ramcova-1-pol-20-stol","11":"pa_dostava-na-1-cm2-24-28","12":"pa_evidencni-c-11-212","13":"pa_instituce-mzm-moravske-zemske-muzeum-etnograficky-ustav","14":"pa_konstrukce-osnovnich-niti-jednoducha-nit","15":"pa_konstrukce-utkovych-niti-jednoducha-nit","16":"pa_lokalita-dle-uziti-brnensko","17":"pa_lokalita-obec-brnensko","18":"pa_nazev-textilie-kartoun","19":"pa_popsano-na-casti-odevu-jiny-viz-popis","20":"pa_tkanina-zjistena-na-karta-se-vzorkem-tkaniny","21":"pa_typ-textilie-tkanina","22":"pa_typ-vazby-platnova","23":"pa_vlakna-osnovnich-niti-bavlna","24":"pa_vlakna-utkovych-niti-bavlna","25":"pa_vyrobce-textilie-neznamy","27":"entry","28":"has-media","30":"first","31":"instock","32":"shipping-taxable","33":"product-type-simple","34":"has-product-nav","35":"col","36":"span_1_of_5","37":"owp-content-center","38":"owp-thumbs-layout-vertical","39":"owp-btn-normal","40":"owp-tabs-layout-horizontal"},"_links":{"self":[{"href":"https:\/\/nulk.cz\/atlastextilu\/wp-json\/wp\/v2\/product\/433","targetHints":{"allow":["GET"]}}],"collection":[{"href":"https:\/\/nulk.cz\/atlastextilu\/wp-json\/wp\/v2\/product"}],"about":[{"href":"https:\/\/nulk.cz\/atlastextilu\/wp-json\/wp\/v2\/types\/product"}],"wp:featuredmedia":[{"embeddable":true,"href":"https:\/\/nulk.cz\/atlastextilu\/wp-json\/wp\/v2\/media\/434"}],"wp:attachment":[{"href":"https:\/\/nulk.cz\/atlastextilu\/wp-json\/wp\/v2\/media?parent=433"}],"wp:term":[{"taxonomy":"product_brand","embeddable":true,"href":"https:\/\/nulk.cz\/atlastextilu\/wp-json\/wp\/v2\/product_brand?post=433"},{"taxonomy":"product_cat","embeddable":true,"href":"https:\/\/nulk.cz\/atlastextilu\/wp-json\/wp\/v2\/product_cat?post=433"},{"taxonomy":"product_tag","embeddable":true,"href":"https:\/\/nulk.cz\/atlastextilu\/wp-json\/wp\/v2\/product_tag?post=433"}],"curies":[{"name":"wp","href":"https:\/\/api.w.org\/{rel}","templated":true}]}}