{"id":436,"date":"2022-06-03T08:01:57","date_gmt":"2022-06-03T06:01:57","guid":{"rendered":"https:\/\/nulk.cz\/atlastextilu\/?post_type=product&#038;p=436"},"modified":"2022-06-03T08:01:57","modified_gmt":"2022-06-03T06:01:57","slug":"kartoun-nulk-37034","status":"publish","type":"product","link":"https:\/\/nulk.cz\/atlastextilu\/vzorek\/kartoun-nulk-37034\/","title":{"rendered":"kartoun N\u00daLK 37034"},"content":{"rendered":"","protected":false},"excerpt":{"rendered":"<p>\u017densk\u00e1 z\u00e1st\u011bra je z b\u00edl\u00e9ho pl\u00e1tna s drobn\u00fdm kv\u011btinov\u00fdm potiskem barvy \u010derven\u00e9, zelen\u00e9, zelenomodr\u00e9 a \u010dern\u00e9.<\/p>\n","protected":false},"featured_media":437,"template":"","meta":[],"product_brand":[],"product_cat":[264],"product_tag":[],"class_list":{"0":"post-436","1":"product","2":"type-product","3":"status-publish","4":"has-post-thumbnail","6":"product_cat-kartoun","7":"pa_barevnost-osnovnich-niti-bila","8":"pa_barevnost-osnovnich-niti-cerna","9":"pa_barevnost-osnovnich-niti-cervena","10":"pa_barevnost-osnovnich-niti-modra","11":"pa_barevnost-osnovnich-niti-zelena","12":"pa_barevnost-textilie-vicebarevna","13":"pa_barevnost-utkovych-niti-bila","14":"pa_barevnost-utkovych-niti-cerna","15":"pa_barevnost-utkovych-niti-cervena","16":"pa_barevnost-utkovych-niti-modra","17":"pa_barevnost-utkovych-niti-zelena","18":"pa_datace-ramcova-1-pol-20-stol","19":"pa_dostava-na-1-cm2-28-27","20":"pa_evidencni-c-269","21":"pa_instituce-nulk-narodni-ustav-lidove-kultury-ve-straznici","22":"pa_konstrukce-osnovnich-niti-jednoducha-nit","23":"pa_konstrukce-utkovych-niti-jednoducha-nit","24":"pa_lokalita-dle-uziti-slovacko-hornacko","25":"pa_lokalita-kraj-jihomoravsky","26":"pa_lokalita-obec-hodonin","27":"pa_lokalita-obec-nova-lhota","28":"pa_nazev-textilie-kartoun","29":"pa_popsano-na-casti-odevu-zastera","30":"pa_tkanina-zjistena-na-zastera","31":"pa_typ-textilie-tkanina","32":"pa_typ-vazby-platnova","33":"pa_vlakna-osnovnich-niti-len","34":"pa_vlakna-utkovych-niti-len","35":"pa_vyrobce-textilie-neznamy","37":"entry","38":"has-media","40":"first","41":"instock","42":"shipping-taxable","43":"product-type-simple","44":"has-product-nav","45":"col","46":"span_1_of_5","47":"owp-content-center","48":"owp-thumbs-layout-vertical","49":"owp-btn-normal","50":"owp-tabs-layout-horizontal"},"_links":{"self":[{"href":"https:\/\/nulk.cz\/atlastextilu\/wp-json\/wp\/v2\/product\/436","targetHints":{"allow":["GET"]}}],"collection":[{"href":"https:\/\/nulk.cz\/atlastextilu\/wp-json\/wp\/v2\/product"}],"about":[{"href":"https:\/\/nulk.cz\/atlastextilu\/wp-json\/wp\/v2\/types\/product"}],"wp:featuredmedia":[{"embeddable":true,"href":"https:\/\/nulk.cz\/atlastextilu\/wp-json\/wp\/v2\/media\/437"}],"wp:attachment":[{"href":"https:\/\/nulk.cz\/atlastextilu\/wp-json\/wp\/v2\/media?parent=436"}],"wp:term":[{"taxonomy":"product_brand","embeddable":true,"href":"https:\/\/nulk.cz\/atlastextilu\/wp-json\/wp\/v2\/product_brand?post=436"},{"taxonomy":"product_cat","embeddable":true,"href":"https:\/\/nulk.cz\/atlastextilu\/wp-json\/wp\/v2\/product_cat?post=436"},{"taxonomy":"product_tag","embeddable":true,"href":"https:\/\/nulk.cz\/atlastextilu\/wp-json\/wp\/v2\/product_tag?post=436"}],"curies":[{"name":"wp","href":"https:\/\/api.w.org\/{rel}","templated":true}]}}