{"id":449,"date":"2022-06-03T08:23:32","date_gmt":"2022-06-03T06:23:32","guid":{"rendered":"https:\/\/nulk.cz\/atlastextilu\/?post_type=product&#038;p=449"},"modified":"2022-06-03T08:23:32","modified_gmt":"2022-06-03T06:23:32","slug":"kartoun-nulk-6158","status":"publish","type":"product","link":"https:\/\/nulk.cz\/atlastextilu\/vzorek\/kartoun-nulk-6158\/","title":{"rendered":"kartoun N\u00daLK 6158"},"content":{"rendered":"","protected":false},"excerpt":{"rendered":"<p>Na b\u00edl\u00e9m podkladu vyti\u0161t\u011bny modr\u00e9 svisl\u00e9 a vodorovn\u00e9 pruhy vytv\u00e1\u0159ej\u00edc\u00ed kosti\u010dky.<\/p>\n","protected":false},"featured_media":450,"template":"","meta":[],"product_brand":[],"product_cat":[264],"product_tag":[],"class_list":{"0":"post-449","1":"product","2":"type-product","3":"status-publish","4":"has-post-thumbnail","6":"product_cat-kartoun","7":"pa_barevnost-osnovnich-niti-bila","8":"pa_barevnost-osnovnich-niti-modra","9":"pa_barevnost-utkovych-niti-bila","10":"pa_barevnost-utkovych-niti-modra","11":"pa_datace-ramcova-1-pol-20-stol","12":"pa_dostava-na-1-cm2-28-23","13":"pa_evidencni-c-276","14":"pa_instituce-nulk-narodni-ustav-lidove-kultury-ve-straznici","15":"pa_konstrukce-osnovnich-niti-jednoducha-nit","16":"pa_konstrukce-utkovych-niti-jednoducha-nit","17":"pa_lokalita-dle-uziti-slovacko-dolnacko","18":"pa_nazev-textilie-kartoun","19":"pa_popsano-na-casti-odevu-sukne","20":"pa_tkanina-zjistena-na-sukne-vrchni","21":"pa_typ-textilie-tkanina","22":"pa_vlakna-osnovnich-niti-nezjisteno","23":"pa_vlakna-utkovych-niti-nezjisteno","24":"pa_vyrobce-textilie-neznamy","26":"entry","27":"has-media","29":"first","30":"instock","31":"shipping-taxable","32":"product-type-simple","33":"has-product-nav","34":"col","35":"span_1_of_5","36":"owp-content-center","37":"owp-thumbs-layout-vertical","38":"owp-btn-normal","39":"owp-tabs-layout-horizontal"},"_links":{"self":[{"href":"https:\/\/nulk.cz\/atlastextilu\/wp-json\/wp\/v2\/product\/449","targetHints":{"allow":["GET"]}}],"collection":[{"href":"https:\/\/nulk.cz\/atlastextilu\/wp-json\/wp\/v2\/product"}],"about":[{"href":"https:\/\/nulk.cz\/atlastextilu\/wp-json\/wp\/v2\/types\/product"}],"wp:featuredmedia":[{"embeddable":true,"href":"https:\/\/nulk.cz\/atlastextilu\/wp-json\/wp\/v2\/media\/450"}],"wp:attachment":[{"href":"https:\/\/nulk.cz\/atlastextilu\/wp-json\/wp\/v2\/media?parent=449"}],"wp:term":[{"taxonomy":"product_brand","embeddable":true,"href":"https:\/\/nulk.cz\/atlastextilu\/wp-json\/wp\/v2\/product_brand?post=449"},{"taxonomy":"product_cat","embeddable":true,"href":"https:\/\/nulk.cz\/atlastextilu\/wp-json\/wp\/v2\/product_cat?post=449"},{"taxonomy":"product_tag","embeddable":true,"href":"https:\/\/nulk.cz\/atlastextilu\/wp-json\/wp\/v2\/product_tag?post=449"}],"curies":[{"name":"wp","href":"https:\/\/api.w.org\/{rel}","templated":true}]}}