{"id":453,"date":"2022-06-03T08:27:36","date_gmt":"2022-06-03T06:27:36","guid":{"rendered":"https:\/\/nulk.cz\/atlastextilu\/?post_type=product&#038;p=453"},"modified":"2022-06-03T08:27:36","modified_gmt":"2022-06-03T06:27:36","slug":"kartoun-nulk-6161","status":"publish","type":"product","link":"https:\/\/nulk.cz\/atlastextilu\/vzorek\/kartoun-nulk-6161\/","title":{"rendered":"kartoun N\u00daLK 6161"},"content":{"rendered":"","protected":false},"excerpt":{"rendered":"<p>Sukn\u011b je u\u0161it\u00e1 z p\u011bti pruh\u016f l\u00e1tky. Na r\u016f\u017eov\u00e9m podklad\u011b vyti\u0161t\u011bn drobn\u00fd vzorek z punt\u00edk\u016f a kos\u00fdch k\u0159\u00ed\u017ek\u016f.<\/p>\n","protected":false},"featured_media":454,"template":"","meta":[],"product_brand":[],"product_cat":[264],"product_tag":[],"class_list":{"0":"post-453","1":"product","2":"type-product","3":"status-publish","4":"has-post-thumbnail","6":"product_cat-kartoun","7":"pa_barevnost-osnovnich-niti-bila","8":"pa_barevnost-osnovnich-niti-ruzova","9":"pa_barevnost-textilie-vicebarevna","10":"pa_barevnost-utkovych-niti-bila","11":"pa_barevnost-utkovych-niti-ruzova","12":"pa_datace-ramcova-1-pol-20-stol","13":"pa_dostava-na-1-cm2-34-34","14":"pa_evidencni-c-278","15":"pa_instituce-nulk-narodni-ustav-lidove-kultury-ve-straznici","16":"pa_konstrukce-osnovnich-niti-jednoducha-nit","17":"pa_konstrukce-utkovych-niti-jednoducha-nit","18":"pa_lokalita-dle-uziti-slovacko-dolnacko","19":"pa_lokalita-kraj-zlinsky","20":"pa_lokalita-obec-buchlovice","21":"pa_lokalita-obec-uherske-hradiste","22":"pa_nazev-textilie-kartoun","23":"pa_popsano-na-casti-odevu-sukne","24":"pa_tkanina-zjistena-na-sukne-vrchni","25":"pa_typ-textilie-tkanina","26":"pa_typ-vazby-platnova","27":"pa_vlakna-osnovnich-niti-bavlna","28":"pa_vlakna-utkovych-niti-bavlna","29":"pa_vyrobce-textilie-neznamy","31":"entry","32":"has-media","34":"first","35":"instock","36":"shipping-taxable","37":"product-type-simple","38":"has-product-nav","39":"col","40":"span_1_of_5","41":"owp-content-center","42":"owp-thumbs-layout-vertical","43":"owp-btn-normal","44":"owp-tabs-layout-horizontal"},"_links":{"self":[{"href":"https:\/\/nulk.cz\/atlastextilu\/wp-json\/wp\/v2\/product\/453","targetHints":{"allow":["GET"]}}],"collection":[{"href":"https:\/\/nulk.cz\/atlastextilu\/wp-json\/wp\/v2\/product"}],"about":[{"href":"https:\/\/nulk.cz\/atlastextilu\/wp-json\/wp\/v2\/types\/product"}],"wp:featuredmedia":[{"embeddable":true,"href":"https:\/\/nulk.cz\/atlastextilu\/wp-json\/wp\/v2\/media\/454"}],"wp:attachment":[{"href":"https:\/\/nulk.cz\/atlastextilu\/wp-json\/wp\/v2\/media?parent=453"}],"wp:term":[{"taxonomy":"product_brand","embeddable":true,"href":"https:\/\/nulk.cz\/atlastextilu\/wp-json\/wp\/v2\/product_brand?post=453"},{"taxonomy":"product_cat","embeddable":true,"href":"https:\/\/nulk.cz\/atlastextilu\/wp-json\/wp\/v2\/product_cat?post=453"},{"taxonomy":"product_tag","embeddable":true,"href":"https:\/\/nulk.cz\/atlastextilu\/wp-json\/wp\/v2\/product_tag?post=453"}],"curies":[{"name":"wp","href":"https:\/\/api.w.org\/{rel}","templated":true}]}}