{"id":457,"date":"2022-06-03T08:32:45","date_gmt":"2022-06-03T06:32:45","guid":{"rendered":"https:\/\/nulk.cz\/atlastextilu\/?post_type=product&#038;p=457"},"modified":"2022-06-03T08:32:45","modified_gmt":"2022-06-03T06:32:45","slug":"kasmir-nulk-25307","status":"publish","type":"product","link":"https:\/\/nulk.cz\/atlastextilu\/vzorek\/kasmir-nulk-25307\/","title":{"rendered":"ka\u0161m\u00edr N\u00daLK 25307"},"content":{"rendered":"","protected":false},"excerpt":{"rendered":"<p>Sukn\u011b je nese\u0161it\u00e1. Na smetanov\u00e9m podklad\u011b ti\u0161t\u011bn\u00fd pestr\u00fd kv\u011btinov\u00fd vzor (\u010derven\u00e9 r\u016f\u017ee). P\u00e1sek tvo\u0159\u00ed stuha s \u010derven\u00fdm vytk\u00e1van\u00fdm vzorem. Na prav\u00e9m vrchn\u00edm okraji je z l\u00edce p\u0159i\u0161ita z\u00e1plata z b\u00edl\u00e9ho pl\u00e1tna.<\/p>\n","protected":false},"featured_media":460,"template":"","meta":[],"product_brand":[],"product_cat":[280],"product_tag":[],"class_list":{"0":"post-457","1":"product","2":"type-product","3":"status-publish","4":"has-post-thumbnail","6":"product_cat-kasmir","7":"pa_barevnost-osnovnich-niti-cervena","8":"pa_barevnost-osnovnich-niti-fialova","9":"pa_barevnost-osnovnich-niti-hneda","10":"pa_barevnost-osnovnich-niti-modra","11":"pa_barevnost-osnovnich-niti-prirodni-svetla","12":"pa_barevnost-osnovnich-niti-ruzova","13":"pa_barevnost-osnovnich-niti-zelena","14":"pa_barevnost-textilie-vicebarevna","15":"pa_barevnost-utkovych-niti-cervena","16":"pa_barevnost-utkovych-niti-fialova","17":"pa_barevnost-utkovych-niti-hneda","18":"pa_barevnost-utkovych-niti-modra","19":"pa_barevnost-utkovych-niti-prirodni-svetla","20":"pa_barevnost-utkovych-niti-ruzova","21":"pa_barevnost-utkovych-niti-zelena","22":"pa_datace-ramcova-1-pol-20-stol","23":"pa_dostava-na-1-cm2-20-19","24":"pa_evidencni-c-282","25":"pa_instituce-nulk-narodni-ustav-lidove-kultury-ve-straznici","26":"pa_konstrukce-osnovnich-niti-jednoducha-nit","27":"pa_konstrukce-utkovych-niti-jednoducha-nit","28":"pa_lokalita-dle-uziti-slovacko-dolnacko","29":"pa_lokalita-kraj-jihomoravsky","30":"pa_lokalita-obec-hodonin","31":"pa_lokalita-obec-rohatec","32":"pa_nazev-textilie-kasmir","33":"pa_popsano-na-casti-odevu-sukne","34":"pa_tkanina-zjistena-na-sukne-vrchni","35":"pa_typ-textilie-tkanina","36":"pa_typ-vazby-platnova","37":"pa_vlakna-osnovnich-niti-nezjisteno","38":"pa_vlakna-utkovych-niti-nezjisteno","39":"pa_vyrobce-textilie-neznamy","41":"entry","42":"has-media","44":"first","45":"instock","46":"shipping-taxable","47":"product-type-simple","48":"has-product-nav","49":"col","50":"span_1_of_5","51":"owp-content-center","52":"owp-thumbs-layout-vertical","53":"owp-btn-normal","54":"owp-tabs-layout-horizontal"},"_links":{"self":[{"href":"https:\/\/nulk.cz\/atlastextilu\/wp-json\/wp\/v2\/product\/457","targetHints":{"allow":["GET"]}}],"collection":[{"href":"https:\/\/nulk.cz\/atlastextilu\/wp-json\/wp\/v2\/product"}],"about":[{"href":"https:\/\/nulk.cz\/atlastextilu\/wp-json\/wp\/v2\/types\/product"}],"wp:featuredmedia":[{"embeddable":true,"href":"https:\/\/nulk.cz\/atlastextilu\/wp-json\/wp\/v2\/media\/460"}],"wp:attachment":[{"href":"https:\/\/nulk.cz\/atlastextilu\/wp-json\/wp\/v2\/media?parent=457"}],"wp:term":[{"taxonomy":"product_brand","embeddable":true,"href":"https:\/\/nulk.cz\/atlastextilu\/wp-json\/wp\/v2\/product_brand?post=457"},{"taxonomy":"product_cat","embeddable":true,"href":"https:\/\/nulk.cz\/atlastextilu\/wp-json\/wp\/v2\/product_cat?post=457"},{"taxonomy":"product_tag","embeddable":true,"href":"https:\/\/nulk.cz\/atlastextilu\/wp-json\/wp\/v2\/product_tag?post=457"}],"curies":[{"name":"wp","href":"https:\/\/api.w.org\/{rel}","templated":true}]}}