{"id":471,"date":"2022-06-03T08:52:06","date_gmt":"2022-06-03T06:52:06","guid":{"rendered":"https:\/\/nulk.cz\/atlastextilu\/?post_type=product&#038;p=471"},"modified":"2022-06-03T08:52:07","modified_gmt":"2022-06-03T06:52:07","slug":"konopna-tkanina-nulk-5311","status":"publish","type":"product","link":"https:\/\/nulk.cz\/atlastextilu\/vzorek\/konopna-tkanina-nulk-5311\/","title":{"rendered":"konopn\u00e1 tkanina N\u00daLK 5311"},"content":{"rendered":"","protected":false},"excerpt":{"rendered":"<p>Kalhoty tzv. &#8222;t\u0159aslavice&#8220; jsou u\u0161it\u00e9 z konopn\u00e9ho pl\u00e1tna, st\u0159\u00edhan\u00e9 po \u0161\u00ed\u0159ce, s vlo\u017een\u00fdm kl\u00ednem v sedu. Vp\u0159edu rozparek, v pase navle\u010den\u00e1 \u0161\u0148\u016frka na stahov\u00e1n\u00ed a zavazov\u00e1n\u00ed.<\/p>\n","protected":false},"featured_media":472,"template":"","meta":[],"product_brand":[],"product_cat":[288],"product_tag":[],"class_list":{"0":"post-471","1":"product","2":"type-product","3":"status-publish","4":"has-post-thumbnail","6":"product_cat-konopna-tkanina","7":"pa_barevnost-osnovnich-niti-prirodni-tmava","8":"pa_barevnost-textilie-prirodni-tmava-barevnost","9":"pa_barevnost-utkovych-niti-prirodni-tmava","10":"pa_datace-ramcova-1-pol-20-stol","11":"pa_dostava-na-1-cm2-10-9","12":"pa_evidencni-c-297","13":"pa_instituce-nulk-narodni-ustav-lidove-kultury-ve-straznici","14":"pa_konstrukce-osnovnich-niti-jednoducha-nit","15":"pa_konstrukce-utkovych-niti-jednoducha-nit","16":"pa_lokalita-dle-uziti-slovacko-dolnacko","17":"pa_lokalita-kraj-jihomoravsky","18":"pa_lokalita-obec-hodonin","19":"pa_lokalita-obec-straznice","20":"pa_nazev-textilie-konopna-tkanina","21":"pa_popsano-na-casti-odevu-nohavice","22":"pa_tkanina-zjistena-na-kalhoty-detske","23":"pa_typ-textilie-tkanina","24":"pa_typ-vazby-platnova","25":"pa_vlakna-osnovnich-niti-konopi","26":"pa_vlakna-utkovych-niti-konopi","27":"pa_vyrobce-textilie-neznamy","29":"entry","30":"has-media","32":"first","33":"instock","34":"shipping-taxable","35":"product-type-simple","36":"has-product-nav","37":"col","38":"span_1_of_5","39":"owp-content-center","40":"owp-thumbs-layout-vertical","41":"owp-btn-normal","42":"owp-tabs-layout-horizontal"},"_links":{"self":[{"href":"https:\/\/nulk.cz\/atlastextilu\/wp-json\/wp\/v2\/product\/471","targetHints":{"allow":["GET"]}}],"collection":[{"href":"https:\/\/nulk.cz\/atlastextilu\/wp-json\/wp\/v2\/product"}],"about":[{"href":"https:\/\/nulk.cz\/atlastextilu\/wp-json\/wp\/v2\/types\/product"}],"wp:featuredmedia":[{"embeddable":true,"href":"https:\/\/nulk.cz\/atlastextilu\/wp-json\/wp\/v2\/media\/472"}],"wp:attachment":[{"href":"https:\/\/nulk.cz\/atlastextilu\/wp-json\/wp\/v2\/media?parent=471"}],"wp:term":[{"taxonomy":"product_brand","embeddable":true,"href":"https:\/\/nulk.cz\/atlastextilu\/wp-json\/wp\/v2\/product_brand?post=471"},{"taxonomy":"product_cat","embeddable":true,"href":"https:\/\/nulk.cz\/atlastextilu\/wp-json\/wp\/v2\/product_cat?post=471"},{"taxonomy":"product_tag","embeddable":true,"href":"https:\/\/nulk.cz\/atlastextilu\/wp-json\/wp\/v2\/product_tag?post=471"}],"curies":[{"name":"wp","href":"https:\/\/api.w.org\/{rel}","templated":true}]}}