{"id":484,"date":"2022-06-06T07:41:56","date_gmt":"2022-06-06T05:41:56","guid":{"rendered":"https:\/\/nulk.cz\/atlastextilu\/?post_type=product&#038;p=484"},"modified":"2022-06-06T07:41:57","modified_gmt":"2022-06-06T05:41:57","slug":"konopna-tkanina-nulk-7989","status":"publish","type":"product","link":"https:\/\/nulk.cz\/atlastextilu\/vzorek\/konopna-tkanina-nulk-7989\/","title":{"rendered":"konopn\u00e1 tkanina N\u00daLK 7989"},"content":{"rendered":"","protected":false},"excerpt":{"rendered":"<p>Kalhoty tzv. &#8222;t\u0159aslavice&#8220; jsou u\u0161it\u00e9 ze dvou d\u00e9lek konopn\u00e9ho pl\u00e1tna s vlo\u017een\u00fdm kl\u00ednem v sedu. V pase stahov\u00e1n\u00ed a zavazov\u00e1n\u00ed \u0161\u0148\u016frkou. Spodn\u00ed okraj nohavic rozt\u0159epen\u00fd, zpevn\u011bn\u00fd a\u017eurou.<\/p>\n","protected":false},"featured_media":485,"template":"","meta":[],"product_brand":[],"product_cat":[288],"product_tag":[],"class_list":{"0":"post-484","1":"product","2":"type-product","3":"status-publish","4":"has-post-thumbnail","6":"product_cat-konopna-tkanina","7":"pa_barevnost-osnovnich-niti-prirodni-tmava","8":"pa_barevnost-textilie-prirodni-tmava-barevnost","9":"pa_barevnost-utkovych-niti-prirodni-tmava","10":"pa_datace-ramcova-1-pol-20-stol","11":"pa_dostava-na-1-cm2-9-8","12":"pa_evidencni-c-305","13":"pa_instituce-nulk-narodni-ustav-lidove-kultury-ve-straznici","14":"pa_konstrukce-osnovnich-niti-jednoducha-nit","15":"pa_konstrukce-utkovych-niti-jednoducha-nit","16":"pa_lokalita-dle-uziti-slovacko-dolnacko","17":"pa_lokalita-kraj-jihomoravsky","18":"pa_lokalita-obec-hodonin","19":"pa_lokalita-obec-straznice","20":"pa_nazev-textilie-konopna-tkanina","21":"pa_popsano-na-casti-odevu-nohavice","22":"pa_tkanina-zjistena-na-kalhoty","23":"pa_typ-textilie-tkanina","24":"pa_typ-vazby-platnova","25":"pa_vlakna-osnovnich-niti-konopi","26":"pa_vlakna-utkovych-niti-konopi","27":"pa_vyrobce-textilie-neznamy","29":"entry","30":"has-media","32":"first","33":"instock","34":"shipping-taxable","35":"product-type-simple","36":"has-product-nav","37":"col","38":"span_1_of_5","39":"owp-content-center","40":"owp-thumbs-layout-vertical","41":"owp-btn-normal","42":"owp-tabs-layout-horizontal"},"_links":{"self":[{"href":"https:\/\/nulk.cz\/atlastextilu\/wp-json\/wp\/v2\/product\/484","targetHints":{"allow":["GET"]}}],"collection":[{"href":"https:\/\/nulk.cz\/atlastextilu\/wp-json\/wp\/v2\/product"}],"about":[{"href":"https:\/\/nulk.cz\/atlastextilu\/wp-json\/wp\/v2\/types\/product"}],"wp:featuredmedia":[{"embeddable":true,"href":"https:\/\/nulk.cz\/atlastextilu\/wp-json\/wp\/v2\/media\/485"}],"wp:attachment":[{"href":"https:\/\/nulk.cz\/atlastextilu\/wp-json\/wp\/v2\/media?parent=484"}],"wp:term":[{"taxonomy":"product_brand","embeddable":true,"href":"https:\/\/nulk.cz\/atlastextilu\/wp-json\/wp\/v2\/product_brand?post=484"},{"taxonomy":"product_cat","embeddable":true,"href":"https:\/\/nulk.cz\/atlastextilu\/wp-json\/wp\/v2\/product_cat?post=484"},{"taxonomy":"product_tag","embeddable":true,"href":"https:\/\/nulk.cz\/atlastextilu\/wp-json\/wp\/v2\/product_tag?post=484"}],"curies":[{"name":"wp","href":"https:\/\/api.w.org\/{rel}","templated":true}]}}