{"id":489,"date":"2022-06-06T07:45:44","date_gmt":"2022-06-06T05:45:44","guid":{"rendered":"https:\/\/nulk.cz\/atlastextilu\/?post_type=product&#038;p=489"},"modified":"2022-06-06T07:45:44","modified_gmt":"2022-06-06T05:45:44","slug":"konopna-tkanina-nulk-6652","status":"publish","type":"product","link":"https:\/\/nulk.cz\/atlastextilu\/vzorek\/konopna-tkanina-nulk-6652\/","title":{"rendered":"konopn\u00e1 tkanina N\u00daLK 6652"},"content":{"rendered":"","protected":false},"excerpt":{"rendered":"<p>Sukn\u011b je u\u0161it\u00e1 z jednoho pruhu l\u00e1tky. Je drobn\u011b navrapen\u00e1 a naho\u0159e v \u0161\u00ed\u0159ce 6 cm vy\u0161it\u00e1 b\u00edl\u00fdm vy\u0161\u00edv\u00e1n\u00edm p\u0159es vrapy.<\/p>\n","protected":false},"featured_media":490,"template":"","meta":[],"product_brand":[],"product_cat":[288],"product_tag":[],"class_list":{"0":"post-489","1":"product","2":"type-product","3":"status-publish","4":"has-post-thumbnail","6":"product_cat-konopna-tkanina","7":"pa_barevnost-osnovnich-niti-zluta","8":"pa_barevnost-textilie-zluta","9":"pa_barevnost-utkovych-niti-zluta","10":"pa_datace-ramcova-1-pol-20-stol","11":"pa_dostava-na-1-cm2-9-10","12":"pa_evidencni-c-307","13":"pa_instituce-nulk-narodni-ustav-lidove-kultury-ve-straznici","14":"pa_konstrukce-osnovnich-niti-jednoducha-nit","15":"pa_konstrukce-utkovych-niti-jednoducha-nit","16":"pa_lokalita-dle-uziti-slovacko-dolnacko","17":"pa_lokalita-kraj-zlinsky","18":"pa_lokalita-obec-strani","19":"pa_lokalita-obec-uherske-hradiste","20":"pa_nazev-textilie-konopna-tkanina","21":"pa_popsano-na-casti-odevu-sukne","22":"pa_tkanina-zjistena-na-sukne-vrchni","23":"pa_typ-textilie-tkanina","24":"pa_typ-vazby-platnova","25":"pa_vlakna-osnovnich-niti-konopi","26":"pa_vlakna-utkovych-niti-konopi","27":"pa_vyrobce-textilie-neznamy","29":"entry","30":"has-media","32":"first","33":"instock","34":"shipping-taxable","35":"product-type-simple","36":"has-product-nav","37":"col","38":"span_1_of_5","39":"owp-content-center","40":"owp-thumbs-layout-vertical","41":"owp-btn-normal","42":"owp-tabs-layout-horizontal"},"_links":{"self":[{"href":"https:\/\/nulk.cz\/atlastextilu\/wp-json\/wp\/v2\/product\/489","targetHints":{"allow":["GET"]}}],"collection":[{"href":"https:\/\/nulk.cz\/atlastextilu\/wp-json\/wp\/v2\/product"}],"about":[{"href":"https:\/\/nulk.cz\/atlastextilu\/wp-json\/wp\/v2\/types\/product"}],"wp:featuredmedia":[{"embeddable":true,"href":"https:\/\/nulk.cz\/atlastextilu\/wp-json\/wp\/v2\/media\/490"}],"wp:attachment":[{"href":"https:\/\/nulk.cz\/atlastextilu\/wp-json\/wp\/v2\/media?parent=489"}],"wp:term":[{"taxonomy":"product_brand","embeddable":true,"href":"https:\/\/nulk.cz\/atlastextilu\/wp-json\/wp\/v2\/product_brand?post=489"},{"taxonomy":"product_cat","embeddable":true,"href":"https:\/\/nulk.cz\/atlastextilu\/wp-json\/wp\/v2\/product_cat?post=489"},{"taxonomy":"product_tag","embeddable":true,"href":"https:\/\/nulk.cz\/atlastextilu\/wp-json\/wp\/v2\/product_tag?post=489"}],"curies":[{"name":"wp","href":"https:\/\/api.w.org\/{rel}","templated":true}]}}