{"id":493,"date":"2022-06-06T07:49:03","date_gmt":"2022-06-06T05:49:03","guid":{"rendered":"https:\/\/nulk.cz\/atlastextilu\/?post_type=product&#038;p=493"},"modified":"2022-06-06T07:49:03","modified_gmt":"2022-06-06T05:49:03","slug":"krizet-mzm-10-283","status":"publish","type":"product","link":"https:\/\/nulk.cz\/atlastextilu\/vzorek\/krizet-mzm-10-283\/","title":{"rendered":"krizet MZM 10 283"},"content":{"rendered":"","protected":false},"excerpt":{"rendered":"<p>Karta se vzorkem tkaniny &#8211; krizet na v\u0161edn\u00ed sukn\u011b<\/p>\n","protected":false},"featured_media":494,"template":"","meta":[],"product_brand":[],"product_cat":[311],"product_tag":[],"class_list":{"0":"post-493","1":"product","2":"type-product","3":"status-publish","4":"has-post-thumbnail","6":"product_cat-krizet","7":"pa_barevnost-osnovnich-niti-vicebarevna","8":"pa_barevnost-textilie-modra","9":"pa_barevnost-utkovych-niti-modra","10":"pa_datace-ramcova-1-pol-20-stol","11":"pa_dostava-na-1-cm2-30-27","12":"pa_evidencni-c-10-283","13":"pa_instituce-mzm-moravske-zemske-muzeum-etnograficky-ustav","14":"pa_konstrukce-osnovnich-niti-jednoducha-nit","15":"pa_konstrukce-utkovych-niti-jednoducha-nit","16":"pa_lokalita-dle-uziti-brnensko","17":"pa_lokalita-kraj-jihomoravsky","18":"pa_lokalita-obec-brno-venkov","19":"pa_lokalita-obec-strelice","20":"pa_nazev-textilie-krizet","21":"pa_popsano-na-casti-odevu-jiny-viz-popis","22":"pa_tkanina-zjistena-na-karta-se-vzorkem-tkaniny","23":"pa_typ-textilie-tkanina","24":"pa_typ-vazby-kepr","25":"pa_vlakna-osnovnich-niti-bavlna","26":"pa_vlakna-utkovych-niti-vlna-ovci","27":"pa_vyrobce-textilie-neznamy","29":"entry","30":"has-media","32":"first","33":"instock","34":"shipping-taxable","35":"product-type-simple","36":"has-product-nav","37":"col","38":"span_1_of_5","39":"owp-content-center","40":"owp-thumbs-layout-vertical","41":"owp-btn-normal","42":"owp-tabs-layout-horizontal"},"_links":{"self":[{"href":"https:\/\/nulk.cz\/atlastextilu\/wp-json\/wp\/v2\/product\/493","targetHints":{"allow":["GET"]}}],"collection":[{"href":"https:\/\/nulk.cz\/atlastextilu\/wp-json\/wp\/v2\/product"}],"about":[{"href":"https:\/\/nulk.cz\/atlastextilu\/wp-json\/wp\/v2\/types\/product"}],"wp:featuredmedia":[{"embeddable":true,"href":"https:\/\/nulk.cz\/atlastextilu\/wp-json\/wp\/v2\/media\/494"}],"wp:attachment":[{"href":"https:\/\/nulk.cz\/atlastextilu\/wp-json\/wp\/v2\/media?parent=493"}],"wp:term":[{"taxonomy":"product_brand","embeddable":true,"href":"https:\/\/nulk.cz\/atlastextilu\/wp-json\/wp\/v2\/product_brand?post=493"},{"taxonomy":"product_cat","embeddable":true,"href":"https:\/\/nulk.cz\/atlastextilu\/wp-json\/wp\/v2\/product_cat?post=493"},{"taxonomy":"product_tag","embeddable":true,"href":"https:\/\/nulk.cz\/atlastextilu\/wp-json\/wp\/v2\/product_tag?post=493"}],"curies":[{"name":"wp","href":"https:\/\/api.w.org\/{rel}","templated":true}]}}