{"id":497,"date":"2022-06-06T07:51:54","date_gmt":"2022-06-06T05:51:54","guid":{"rendered":"https:\/\/nulk.cz\/atlastextilu\/?post_type=product&#038;p=497"},"modified":"2022-06-06T07:52:02","modified_gmt":"2022-06-06T05:52:02","slug":"krizet-mzmv10-446","status":"publish","type":"product","link":"https:\/\/nulk.cz\/atlastextilu\/vzorek\/krizet-mzmv10-446\/","title":{"rendered":"krizet MZM 10 446"},"content":{"rendered":"","protected":false},"excerpt":{"rendered":"<p>Karta se vzorkem tkaniny &#8211; krizet na v\u0161edn\u00ed sukn\u011b<\/p>\n","protected":false},"featured_media":498,"template":"","meta":[],"product_brand":[],"product_cat":[311],"product_tag":[],"class_list":{"0":"post-497","1":"product","2":"type-product","3":"status-publish","4":"has-post-thumbnail","6":"product_cat-krizet","7":"pa_barevnost-osnovnich-niti-cerna","8":"pa_barevnost-osnovnich-niti-cervena","9":"pa_barevnost-textilie-vicebarevna","10":"pa_barevnost-utkovych-niti-cerna","11":"pa_barevnost-utkovych-niti-cervena","12":"pa_datace-ramcova-1-pol-20-stol","13":"pa_dostava-na-1-cm2-19-23","14":"pa_evidencni-c-10-446","15":"pa_instituce-mzm-moravske-zemske-muzeum-etnograficky-ustav","16":"pa_konstrukce-osnovnich-niti-jednoducha-nit","17":"pa_konstrukce-utkovych-niti-jednoducha-nit","18":"pa_lokalita-dle-uziti-brnensko","19":"pa_lokalita-kraj-jihomoravsky","20":"pa_lokalita-obec-brno-venkov","21":"pa_lokalita-obec-strelice","22":"pa_nazev-textilie-krizet","23":"pa_popsano-na-casti-odevu-jiny-viz-popis","24":"pa_tkanina-zjistena-na-karta-se-vzorkem-tkaniny","25":"pa_typ-textilie-tkanina","26":"pa_typ-vazby-kepr","27":"pa_vlakna-osnovnich-niti-bavlna","28":"pa_vlakna-utkovych-niti-bavlna","29":"pa_vyrobce-textilie-neznamy","31":"entry","32":"has-media","34":"first","35":"instock","36":"shipping-taxable","37":"product-type-simple","38":"has-product-nav","39":"col","40":"span_1_of_5","41":"owp-content-center","42":"owp-thumbs-layout-vertical","43":"owp-btn-normal","44":"owp-tabs-layout-horizontal"},"_links":{"self":[{"href":"https:\/\/nulk.cz\/atlastextilu\/wp-json\/wp\/v2\/product\/497","targetHints":{"allow":["GET"]}}],"collection":[{"href":"https:\/\/nulk.cz\/atlastextilu\/wp-json\/wp\/v2\/product"}],"about":[{"href":"https:\/\/nulk.cz\/atlastextilu\/wp-json\/wp\/v2\/types\/product"}],"wp:featuredmedia":[{"embeddable":true,"href":"https:\/\/nulk.cz\/atlastextilu\/wp-json\/wp\/v2\/media\/498"}],"wp:attachment":[{"href":"https:\/\/nulk.cz\/atlastextilu\/wp-json\/wp\/v2\/media?parent=497"}],"wp:term":[{"taxonomy":"product_brand","embeddable":true,"href":"https:\/\/nulk.cz\/atlastextilu\/wp-json\/wp\/v2\/product_brand?post=497"},{"taxonomy":"product_cat","embeddable":true,"href":"https:\/\/nulk.cz\/atlastextilu\/wp-json\/wp\/v2\/product_cat?post=497"},{"taxonomy":"product_tag","embeddable":true,"href":"https:\/\/nulk.cz\/atlastextilu\/wp-json\/wp\/v2\/product_tag?post=497"}],"curies":[{"name":"wp","href":"https:\/\/api.w.org\/{rel}","templated":true}]}}