{"id":505,"date":"2022-06-06T07:57:19","date_gmt":"2022-06-06T05:57:19","guid":{"rendered":"https:\/\/nulk.cz\/atlastextilu\/?post_type=product&#038;p=505"},"modified":"2022-06-06T07:57:20","modified_gmt":"2022-06-06T05:57:20","slug":"krizet-mzm-10-449","status":"publish","type":"product","link":"https:\/\/nulk.cz\/atlastextilu\/vzorek\/krizet-mzm-10-449\/","title":{"rendered":"krizet MZM 10 449"},"content":{"rendered":"","protected":false},"excerpt":{"rendered":"<p>Karta se vzorkem tkaniny &#8211; krizet na v\u0161edn\u00ed sukn\u011b s pruhy z batikovan\u00e9 p\u0159\u00edze<\/p>\n","protected":false},"featured_media":506,"template":"","meta":[],"product_brand":[],"product_cat":[311],"product_tag":[],"class_list":{"0":"post-505","1":"product","2":"type-product","3":"status-publish","4":"has-post-thumbnail","6":"product_cat-krizet","7":"pa_barevnost-osnovnich-niti-barvene-vyvazovanou-batikou","8":"pa_barevnost-osnovnich-niti-vicebarevna","9":"pa_barevnost-textilie-vicebarevna","10":"pa_barevnost-utkovych-niti-modra","11":"pa_datace-ramcova-1-pol-20-stol","12":"pa_dostava-na-1-cm2-20-25","13":"pa_evidencni-c-10-449","14":"pa_instituce-mzm-moravske-zemske-muzeum-etnograficky-ustav","15":"pa_konstrukce-osnovnich-niti-jednoducha-nit","16":"pa_konstrukce-utkovych-niti-jednoducha-nit","17":"pa_lokalita-dle-uziti-brnensko","18":"pa_lokalita-kraj-jihomoravsky","19":"pa_lokalita-obec-brno-venkov","20":"pa_lokalita-obec-strelice","21":"pa_nazev-textilie-krizet","22":"pa_popsano-na-casti-odevu-jiny-viz-popis","23":"pa_tkanina-zjistena-na-karta-se-vzorkem-tkaniny","24":"pa_typ-textilie-tkanina","25":"pa_typ-vazby-kepr","26":"pa_vlakna-osnovnich-niti-bavlna","27":"pa_vlakna-utkovych-niti-bavlna","28":"pa_vyrobce-textilie-neznamy","30":"entry","31":"has-media","33":"first","34":"instock","35":"shipping-taxable","36":"product-type-simple","37":"has-product-nav","38":"col","39":"span_1_of_5","40":"owp-content-center","41":"owp-thumbs-layout-vertical","42":"owp-btn-normal","43":"owp-tabs-layout-horizontal"},"_links":{"self":[{"href":"https:\/\/nulk.cz\/atlastextilu\/wp-json\/wp\/v2\/product\/505","targetHints":{"allow":["GET"]}}],"collection":[{"href":"https:\/\/nulk.cz\/atlastextilu\/wp-json\/wp\/v2\/product"}],"about":[{"href":"https:\/\/nulk.cz\/atlastextilu\/wp-json\/wp\/v2\/types\/product"}],"wp:featuredmedia":[{"embeddable":true,"href":"https:\/\/nulk.cz\/atlastextilu\/wp-json\/wp\/v2\/media\/506"}],"wp:attachment":[{"href":"https:\/\/nulk.cz\/atlastextilu\/wp-json\/wp\/v2\/media?parent=505"}],"wp:term":[{"taxonomy":"product_brand","embeddable":true,"href":"https:\/\/nulk.cz\/atlastextilu\/wp-json\/wp\/v2\/product_brand?post=505"},{"taxonomy":"product_cat","embeddable":true,"href":"https:\/\/nulk.cz\/atlastextilu\/wp-json\/wp\/v2\/product_cat?post=505"},{"taxonomy":"product_tag","embeddable":true,"href":"https:\/\/nulk.cz\/atlastextilu\/wp-json\/wp\/v2\/product_tag?post=505"}],"curies":[{"name":"wp","href":"https:\/\/api.w.org\/{rel}","templated":true}]}}