{"id":508,"date":"2022-06-06T08:01:02","date_gmt":"2022-06-06T06:01:02","guid":{"rendered":"https:\/\/nulk.cz\/atlastextilu\/?post_type=product&#038;p=508"},"modified":"2022-06-06T08:01:02","modified_gmt":"2022-06-06T06:01:02","slug":"listr-nulk-2381","status":"publish","type":"product","link":"https:\/\/nulk.cz\/atlastextilu\/vzorek\/listr-nulk-2381\/","title":{"rendered":"listr N\u00daLK 2381"},"content":{"rendered":"","protected":false},"excerpt":{"rendered":"<p>Kordula&#8220; je u\u0161ita ze \u017elutozelen\u00e9ho hedv\u00e1bn\u00e9ho listru ze 4 d\u00edl\u016f. P\u0159ednice jsou ve tvaru p\u00edsmene O. Kolem krku a na z\u00e1dech jsou vy\u0161it\u00e9 r\u016f\u017eov\u00e9 kv\u00edtky.<\/p>\n","protected":false},"featured_media":509,"template":"","meta":[],"product_brand":[],"product_cat":[327],"product_tag":[],"class_list":{"0":"post-508","1":"product","2":"type-product","3":"status-publish","4":"has-post-thumbnail","6":"product_cat-listr","7":"pa_barevnost-osnovnich-niti-zelena","8":"pa_barevnost-osnovnich-niti-zluta","9":"pa_barevnost-textilie-vicebarevna","10":"pa_barevnost-utkovych-niti-bila","11":"pa_barevnost-utkovych-niti-zelena","12":"pa_barevnost-utkovych-niti-zluta","13":"pa_datace-ramcova-1-pol-20-stol","14":"pa_dostava-na-1-cm2-17-28","15":"pa_evidencni-c-329","16":"pa_instituce-nulk-narodni-ustav-lidove-kultury-ve-straznici","17":"pa_konstrukce-osnovnich-niti-jednoducha-nit","18":"pa_konstrukce-utkovych-niti-jednoducha-nit","19":"pa_lokalita-dle-uziti-slovacko-dolnacko","20":"pa_lokalita-kraj-jihomoravsky","21":"pa_lokalita-obec-hodonin","22":"pa_lokalita-obec-straznice","23":"pa_nazev-textilie-listr","24":"pa_popsano-na-casti-odevu-jiny-viz-popis","25":"pa_tkanina-zjistena-na-kordula-chlapecka","26":"pa_typ-textilie-tkanina","27":"pa_typ-vazby-nezadano","28":"pa_vlakna-osnovnich-niti-nezjisteno","29":"pa_vlakna-utkovych-niti-nezjisteno","30":"pa_vyrobce-textilie-neznamy","32":"entry","33":"has-media","35":"first","36":"instock","37":"shipping-taxable","38":"product-type-simple","39":"has-product-nav","40":"col","41":"span_1_of_5","42":"owp-content-center","43":"owp-thumbs-layout-vertical","44":"owp-btn-normal","45":"owp-tabs-layout-horizontal"},"_links":{"self":[{"href":"https:\/\/nulk.cz\/atlastextilu\/wp-json\/wp\/v2\/product\/508","targetHints":{"allow":["GET"]}}],"collection":[{"href":"https:\/\/nulk.cz\/atlastextilu\/wp-json\/wp\/v2\/product"}],"about":[{"href":"https:\/\/nulk.cz\/atlastextilu\/wp-json\/wp\/v2\/types\/product"}],"wp:featuredmedia":[{"embeddable":true,"href":"https:\/\/nulk.cz\/atlastextilu\/wp-json\/wp\/v2\/media\/509"}],"wp:attachment":[{"href":"https:\/\/nulk.cz\/atlastextilu\/wp-json\/wp\/v2\/media?parent=508"}],"wp:term":[{"taxonomy":"product_brand","embeddable":true,"href":"https:\/\/nulk.cz\/atlastextilu\/wp-json\/wp\/v2\/product_brand?post=508"},{"taxonomy":"product_cat","embeddable":true,"href":"https:\/\/nulk.cz\/atlastextilu\/wp-json\/wp\/v2\/product_cat?post=508"},{"taxonomy":"product_tag","embeddable":true,"href":"https:\/\/nulk.cz\/atlastextilu\/wp-json\/wp\/v2\/product_tag?post=508"}],"curies":[{"name":"wp","href":"https:\/\/api.w.org\/{rel}","templated":true}]}}