{"id":518,"date":"2022-06-06T08:15:31","date_gmt":"2022-06-06T06:15:31","guid":{"rendered":"https:\/\/nulk.cz\/atlastextilu\/?post_type=product&#038;p=518"},"modified":"2022-06-06T08:15:31","modified_gmt":"2022-06-06T06:15:31","slug":"mansestr-nulk-28653","status":"publish","type":"product","link":"https:\/\/nulk.cz\/atlastextilu\/vzorek\/mansestr-nulk-28653\/","title":{"rendered":"man\u0161estr N\u00daLK 28653"},"content":{"rendered":"","protected":false},"excerpt":{"rendered":"<p>Fialov\u00e1 sukn\u011b s b\u00edl\u00fdmi punt\u00edky.<\/p>\n","protected":false},"featured_media":521,"template":"","meta":[],"product_brand":[],"product_cat":[332],"product_tag":[],"class_list":{"0":"post-518","1":"product","2":"type-product","3":"status-publish","4":"has-post-thumbnail","6":"product_cat-mansestr","7":"pa_barevnost-osnovnich-niti-bila","8":"pa_barevnost-osnovnich-niti-fialova","9":"pa_barevnost-textilie-vicebarevna","10":"pa_barevnost-utkovych-niti-bila","11":"pa_barevnost-utkovych-niti-fialova","12":"pa_datace-ramcova-1-ctvrtina-20-stol","13":"pa_dostava-na-1-cm2-0-0","14":"pa_evidencni-c-337","15":"pa_instituce-nulk-narodni-ustav-lidove-kultury-ve-straznici","16":"pa_konstrukce-osnovnich-niti-jednoducha-nit","17":"pa_konstrukce-utkovych-niti-jednoducha-nit","18":"pa_lokalita-dle-uziti-slovacko-dolnacko","19":"pa_lokalita-kraj-jihomoravsky","20":"pa_lokalita-obec-hodonin","21":"pa_lokalita-obec-sudomerice","22":"pa_nazev-textilie-mansestr","23":"pa_popsano-na-casti-odevu-sukne","24":"pa_tkanina-zjistena-na-sukne-vrchni","25":"pa_typ-textilie-tkanina","26":"pa_vlakna-osnovnich-niti-bavlna","27":"pa_vlakna-utkovych-niti-bavlna","28":"pa_vyrobce-textilie-neznamy","30":"entry","31":"has-media","33":"first","34":"instock","35":"shipping-taxable","36":"product-type-simple","37":"has-product-nav","38":"col","39":"span_1_of_5","40":"owp-content-center","41":"owp-thumbs-layout-vertical","42":"owp-btn-normal","43":"owp-tabs-layout-horizontal"},"_links":{"self":[{"href":"https:\/\/nulk.cz\/atlastextilu\/wp-json\/wp\/v2\/product\/518","targetHints":{"allow":["GET"]}}],"collection":[{"href":"https:\/\/nulk.cz\/atlastextilu\/wp-json\/wp\/v2\/product"}],"about":[{"href":"https:\/\/nulk.cz\/atlastextilu\/wp-json\/wp\/v2\/types\/product"}],"wp:featuredmedia":[{"embeddable":true,"href":"https:\/\/nulk.cz\/atlastextilu\/wp-json\/wp\/v2\/media\/521"}],"wp:attachment":[{"href":"https:\/\/nulk.cz\/atlastextilu\/wp-json\/wp\/v2\/media?parent=518"}],"wp:term":[{"taxonomy":"product_brand","embeddable":true,"href":"https:\/\/nulk.cz\/atlastextilu\/wp-json\/wp\/v2\/product_brand?post=518"},{"taxonomy":"product_cat","embeddable":true,"href":"https:\/\/nulk.cz\/atlastextilu\/wp-json\/wp\/v2\/product_cat?post=518"},{"taxonomy":"product_tag","embeddable":true,"href":"https:\/\/nulk.cz\/atlastextilu\/wp-json\/wp\/v2\/product_tag?post=518"}],"curies":[{"name":"wp","href":"https:\/\/api.w.org\/{rel}","templated":true}]}}