{"id":538,"date":"2023-01-09T07:18:10","date_gmt":"2023-01-09T06:18:10","guid":{"rendered":"https:\/\/nulk.cz\/atlastextilu\/?post_type=product&#038;p=538"},"modified":"2023-01-09T07:18:10","modified_gmt":"2023-01-09T06:18:10","slug":"mansestr-nulk-37692","status":"publish","type":"product","link":"https:\/\/nulk.cz\/atlastextilu\/vzorek\/mansestr-nulk-37692\/","title":{"rendered":"man\u0161estr N\u00daLK 37692"},"content":{"rendered":"","protected":false},"excerpt":{"rendered":"<p>Zelen\u00e1 sukn\u011b s \u010dern\u00fdm ti\u0161t\u011bn\u00fdm vzorem &#8211; vytv\u00e1\u0159\u00ed zeleno-\u010dern\u00e9 k\u00e1ro.<\/p>\n","protected":false},"featured_media":539,"template":"","meta":[],"product_brand":[],"product_cat":[332],"product_tag":[],"class_list":{"0":"post-538","1":"product","2":"type-product","3":"status-publish","4":"has-post-thumbnail","6":"product_cat-mansestr","7":"pa_barevnost-osnovnich-niti-cerna","8":"pa_barevnost-osnovnich-niti-zelena","9":"pa_barevnost-textilie-vicebarevna","10":"pa_barevnost-utkovych-niti-cerna","11":"pa_barevnost-utkovych-niti-zelena","12":"pa_datace-ramcova-1-pol-20-stol","13":"pa_dostava-na-1-cm2-0-0","14":"pa_evidencni-c-339","15":"pa_instituce-nulk-narodni-ustav-lidove-kultury-ve-straznici","16":"pa_konstrukce-osnovnich-niti-jednoducha-nit","17":"pa_konstrukce-utkovych-niti-jednoducha-nit","18":"pa_lokalita-dle-uziti-slovacko-dolnacko","19":"pa_lokalita-kraj-jihomoravsky","20":"pa_lokalita-obec-hodonin","21":"pa_lokalita-obec-sudomerice","22":"pa_nazev-textilie-mansestr","23":"pa_popsano-na-casti-odevu-sukne","24":"pa_tkanina-zjistena-na-sukne-vrchni","25":"pa_typ-textilie-tkanina","26":"pa_typ-vazby-vice-soustav-tkanina-vlasova-mansestr","27":"pa_vlakna-osnovnich-niti-bavlna","28":"pa_vlakna-utkovych-niti-bavlna","29":"pa_vyrobce-textilie-neznamy","31":"entry","32":"has-media","34":"first","35":"instock","36":"shipping-taxable","37":"product-type-simple","38":"has-product-nav","39":"col","40":"span_1_of_5","41":"owp-content-center","42":"owp-thumbs-layout-vertical","43":"owp-btn-normal","44":"owp-tabs-layout-horizontal"},"_links":{"self":[{"href":"https:\/\/nulk.cz\/atlastextilu\/wp-json\/wp\/v2\/product\/538","targetHints":{"allow":["GET"]}}],"collection":[{"href":"https:\/\/nulk.cz\/atlastextilu\/wp-json\/wp\/v2\/product"}],"about":[{"href":"https:\/\/nulk.cz\/atlastextilu\/wp-json\/wp\/v2\/types\/product"}],"wp:featuredmedia":[{"embeddable":true,"href":"https:\/\/nulk.cz\/atlastextilu\/wp-json\/wp\/v2\/media\/539"}],"wp:attachment":[{"href":"https:\/\/nulk.cz\/atlastextilu\/wp-json\/wp\/v2\/media?parent=538"}],"wp:term":[{"taxonomy":"product_brand","embeddable":true,"href":"https:\/\/nulk.cz\/atlastextilu\/wp-json\/wp\/v2\/product_brand?post=538"},{"taxonomy":"product_cat","embeddable":true,"href":"https:\/\/nulk.cz\/atlastextilu\/wp-json\/wp\/v2\/product_cat?post=538"},{"taxonomy":"product_tag","embeddable":true,"href":"https:\/\/nulk.cz\/atlastextilu\/wp-json\/wp\/v2\/product_tag?post=538"}],"curies":[{"name":"wp","href":"https:\/\/api.w.org\/{rel}","templated":true}]}}