{"id":543,"date":"2023-01-09T07:26:46","date_gmt":"2023-01-09T06:26:46","guid":{"rendered":"https:\/\/nulk.cz\/atlastextilu\/?post_type=product&#038;p=543"},"modified":"2023-01-09T07:26:46","modified_gmt":"2023-01-09T06:26:46","slug":"mezulan-uee-4_3","status":"publish","type":"product","link":"https:\/\/nulk.cz\/atlastextilu\/vzorek\/mezulan-uee-4_3\/","title":{"rendered":"mezul\u00e1n \u00daEE 4_3"},"content":{"rendered":"","protected":false},"excerpt":{"rendered":"<p>Karta s uk\u00e1zkou textilie &#8211; \u0161erka s \u010dern\u00fdmi prou\u017eky. Sb\u011br PhDr. Vlasta Svobodov\u00e1.<\/p>\n","protected":false},"featured_media":544,"template":"","meta":[],"product_brand":[],"product_cat":[341],"product_tag":[],"class_list":{"0":"post-543","1":"product","2":"type-product","3":"status-publish","4":"has-post-thumbnail","6":"product_cat-mezulan","7":"pa_barevnost-osnovnich-niti-cerna","8":"pa_barevnost-textilie-cerna","9":"pa_barevnost-utkovych-niti-cerna","10":"pa_datace-ramcova-1-pol-20-stol","11":"pa_dostava-na-1-cm2-14-14","12":"pa_evidencni-c-4_3","13":"pa_instituce-uee-ustav-evropske-etnologie-ff-mu","14":"pa_konstrukce-osnovnich-niti-jednoducha-nit","15":"pa_konstrukce-utkovych-niti-jednoducha-nit","16":"pa_lokalita-kraj-jihomoravsky","17":"pa_lokalita-obec-brno","18":"pa_lokalita-obec-brno-mesto","19":"pa_nazev-textilie-mezulan","20":"pa_popsano-na-casti-odevu-jiny-viz-popis","21":"pa_tkanina-zjistena-na-karta-se-vzorkem-tkaniny","22":"pa_typ-textilie-mezulan","23":"pa_typ-vazby-platnova","24":"pa_vlakna-osnovnich-niti-bavlna","25":"pa_vlakna-utkovych-niti-vlna-ovci","26":"pa_vyrobce-textilie-neznamy","28":"entry","29":"has-media","31":"first","32":"instock","33":"shipping-taxable","34":"product-type-simple","35":"has-product-nav","36":"col","37":"span_1_of_5","38":"owp-content-center","39":"owp-thumbs-layout-vertical","40":"owp-btn-normal","41":"owp-tabs-layout-horizontal"},"_links":{"self":[{"href":"https:\/\/nulk.cz\/atlastextilu\/wp-json\/wp\/v2\/product\/543","targetHints":{"allow":["GET"]}}],"collection":[{"href":"https:\/\/nulk.cz\/atlastextilu\/wp-json\/wp\/v2\/product"}],"about":[{"href":"https:\/\/nulk.cz\/atlastextilu\/wp-json\/wp\/v2\/types\/product"}],"wp:featuredmedia":[{"embeddable":true,"href":"https:\/\/nulk.cz\/atlastextilu\/wp-json\/wp\/v2\/media\/544"}],"wp:attachment":[{"href":"https:\/\/nulk.cz\/atlastextilu\/wp-json\/wp\/v2\/media?parent=543"}],"wp:term":[{"taxonomy":"product_brand","embeddable":true,"href":"https:\/\/nulk.cz\/atlastextilu\/wp-json\/wp\/v2\/product_brand?post=543"},{"taxonomy":"product_cat","embeddable":true,"href":"https:\/\/nulk.cz\/atlastextilu\/wp-json\/wp\/v2\/product_cat?post=543"},{"taxonomy":"product_tag","embeddable":true,"href":"https:\/\/nulk.cz\/atlastextilu\/wp-json\/wp\/v2\/product_tag?post=543"}],"curies":[{"name":"wp","href":"https:\/\/api.w.org\/{rel}","templated":true}]}}