{"id":545,"date":"2023-01-09T07:33:05","date_gmt":"2023-01-09T06:33:05","guid":{"rendered":"https:\/\/nulk.cz\/atlastextilu\/?post_type=product&#038;p=545"},"modified":"2023-01-09T07:33:05","modified_gmt":"2023-01-09T06:33:05","slug":"mezulan-uee-4_7","status":"publish","type":"product","link":"https:\/\/nulk.cz\/atlastextilu\/vzorek\/mezulan-uee-4_7\/","title":{"rendered":"mezul\u00e1n \u00daEE 4_7"},"content":{"rendered":"","protected":false},"excerpt":{"rendered":"<p>Karta s uk\u00e1zkou textilie &#8211; mezul\u00e1n s p\u0159eva\u017euj\u00edc\u00ed \u010dernofialovou barevnou kombinac\u00ed v pl\u00e1tnov\u00e9 vazb\u011b. Sb\u011br PhDr. Vlasta Svobodov\u00e1.<\/p>\n","protected":false},"featured_media":546,"template":"","meta":[],"product_brand":[],"product_cat":[341],"product_tag":[],"class_list":{"0":"post-545","1":"product","2":"type-product","3":"status-publish","4":"has-post-thumbnail","6":"product_cat-mezulan","7":"pa_barevnost-osnovnich-niti-fialova","8":"pa_barevnost-textilie-cerna","9":"pa_barevnost-utkovych-niti-cerna","10":"pa_barevnost-utkovych-niti-fialova","11":"pa_datace-ramcova-1-pol-20-stol","12":"pa_dostava-na-1-cm2-20-14","13":"pa_evidencni-c-4_7","14":"pa_instituce-uee-ustav-evropske-etnologie-ff-mu","15":"pa_konstrukce-osnovnich-niti-jednoducha-nit","16":"pa_konstrukce-utkovych-niti-jednoducha-nit","17":"pa_lokalita-dle-uziti-ceskomoravska-vysocina","18":"pa_lokalita-kraj-vysocina","19":"pa_lokalita-obec-kuklik","20":"pa_lokalita-obec-zdar-nad-sazavou","21":"pa_nazev-textilie-mezulan","22":"pa_popsano-na-casti-odevu-jiny-viz-popis","23":"pa_tkanina-zjistena-na-karta-se-vzorkem-tkaniny","24":"pa_typ-textilie-tkanina","25":"pa_typ-vazby-platnova","26":"pa_vlakna-osnovnich-niti-len","27":"pa_vlakna-utkovych-niti-vlna-ovci","28":"pa_vyrobce-textilie-neznamy","30":"entry","31":"has-media","33":"first","34":"instock","35":"shipping-taxable","36":"product-type-simple","37":"has-product-nav","38":"col","39":"span_1_of_5","40":"owp-content-center","41":"owp-thumbs-layout-vertical","42":"owp-btn-normal","43":"owp-tabs-layout-horizontal","44":"has-no-thumbnails"},"_links":{"self":[{"href":"https:\/\/nulk.cz\/atlastextilu\/wp-json\/wp\/v2\/product\/545","targetHints":{"allow":["GET"]}}],"collection":[{"href":"https:\/\/nulk.cz\/atlastextilu\/wp-json\/wp\/v2\/product"}],"about":[{"href":"https:\/\/nulk.cz\/atlastextilu\/wp-json\/wp\/v2\/types\/product"}],"wp:featuredmedia":[{"embeddable":true,"href":"https:\/\/nulk.cz\/atlastextilu\/wp-json\/wp\/v2\/media\/546"}],"wp:attachment":[{"href":"https:\/\/nulk.cz\/atlastextilu\/wp-json\/wp\/v2\/media?parent=545"}],"wp:term":[{"taxonomy":"product_brand","embeddable":true,"href":"https:\/\/nulk.cz\/atlastextilu\/wp-json\/wp\/v2\/product_brand?post=545"},{"taxonomy":"product_cat","embeddable":true,"href":"https:\/\/nulk.cz\/atlastextilu\/wp-json\/wp\/v2\/product_cat?post=545"},{"taxonomy":"product_tag","embeddable":true,"href":"https:\/\/nulk.cz\/atlastextilu\/wp-json\/wp\/v2\/product_tag?post=545"}],"curies":[{"name":"wp","href":"https:\/\/api.w.org\/{rel}","templated":true}]}}