{"id":547,"date":"2023-01-09T07:43:19","date_gmt":"2023-01-09T06:43:19","guid":{"rendered":"https:\/\/nulk.cz\/atlastextilu\/?post_type=product&#038;p=547"},"modified":"2023-01-09T07:43:19","modified_gmt":"2023-01-09T06:43:19","slug":"mezulan-uee-4_8","status":"publish","type":"product","link":"https:\/\/nulk.cz\/atlastextilu\/vzorek\/mezulan-uee-4_8\/","title":{"rendered":"mezul\u00e1n \u00daEE 4_8"},"content":{"rendered":"","protected":false},"excerpt":{"rendered":"<p>Karta s uk\u00e1zkou textilie &#8211; mezul\u00e1n \u010derveno\/modr\u00fd. Tkanina poch\u00e1z\u00ed z obce Kukl\u00edk. Sb\u011br PhDr. Vlasta Svobodov\u00e1.<\/p>\n","protected":false},"featured_media":549,"template":"","meta":[],"product_brand":[],"product_cat":[341],"product_tag":[],"class_list":{"0":"post-547","1":"product","2":"type-product","3":"status-publish","4":"has-post-thumbnail","6":"product_cat-mezulan","7":"pa_barevnost-textilie-cerna","8":"pa_datace-ramcova-1-pol-20-stol","9":"pa_evidencni-c-4_8","10":"pa_instituce-uee-ustav-evropske-etnologie-ff-mu","11":"pa_lokalita-dle-uziti-ceskomoravska-vysocina","12":"pa_lokalita-kraj-vysocina","13":"pa_lokalita-obec-kuklik","14":"pa_lokalita-obec-zdar-nad-sazavou","15":"pa_nazev-textilie-mezulan","16":"pa_popsano-na-casti-odevu-jiny-viz-popis","17":"pa_tkanina-zjistena-na-karta-se-vzorkem-tkaniny","18":"pa_typ-textilie-tkanina","19":"pa_vyrobce-textilie-neznamy","21":"entry","22":"has-media","24":"first","25":"instock","26":"shipping-taxable","27":"product-type-simple","28":"has-product-nav","29":"col","30":"span_1_of_5","31":"owp-content-center","32":"owp-thumbs-layout-vertical","33":"owp-btn-normal","34":"owp-tabs-layout-horizontal"},"_links":{"self":[{"href":"https:\/\/nulk.cz\/atlastextilu\/wp-json\/wp\/v2\/product\/547","targetHints":{"allow":["GET"]}}],"collection":[{"href":"https:\/\/nulk.cz\/atlastextilu\/wp-json\/wp\/v2\/product"}],"about":[{"href":"https:\/\/nulk.cz\/atlastextilu\/wp-json\/wp\/v2\/types\/product"}],"wp:featuredmedia":[{"embeddable":true,"href":"https:\/\/nulk.cz\/atlastextilu\/wp-json\/wp\/v2\/media\/549"}],"wp:attachment":[{"href":"https:\/\/nulk.cz\/atlastextilu\/wp-json\/wp\/v2\/media?parent=547"}],"wp:term":[{"taxonomy":"product_brand","embeddable":true,"href":"https:\/\/nulk.cz\/atlastextilu\/wp-json\/wp\/v2\/product_brand?post=547"},{"taxonomy":"product_cat","embeddable":true,"href":"https:\/\/nulk.cz\/atlastextilu\/wp-json\/wp\/v2\/product_cat?post=547"},{"taxonomy":"product_tag","embeddable":true,"href":"https:\/\/nulk.cz\/atlastextilu\/wp-json\/wp\/v2\/product_tag?post=547"}],"curies":[{"name":"wp","href":"https:\/\/api.w.org\/{rel}","templated":true}]}}