{"id":551,"date":"2023-01-09T08:00:32","date_gmt":"2023-01-09T07:00:32","guid":{"rendered":"https:\/\/nulk.cz\/atlastextilu\/?post_type=product&#038;p=551"},"modified":"2023-01-09T08:00:32","modified_gmt":"2023-01-09T07:00:32","slug":"mezulan-uee-4_11","status":"publish","type":"product","link":"https:\/\/nulk.cz\/atlastextilu\/vzorek\/mezulan-uee-4_11\/","title":{"rendered":"mezul\u00e1n \u00daEE 4_11"},"content":{"rendered":"","protected":false},"excerpt":{"rendered":"<p>Karta s uk\u00e1zkou textilie &#8211; mezul\u00e1n \u010derven\u00fd. Tkanina poch\u00e1z\u00ed z obce Kun\u00edn. Sb\u011br PhDr. Vlasta Svobodov\u00e1.<\/p>\n","protected":false},"featured_media":549,"template":"","meta":[],"product_brand":[],"product_cat":[341],"product_tag":[],"class_list":{"0":"post-551","1":"product","2":"type-product","3":"status-publish","4":"has-post-thumbnail","6":"product_cat-mezulan","7":"pa_barevnost-textilie-cervena","8":"pa_datace-ramcova-1-pol-20-stol","9":"pa_evidencni-c-4_11","10":"pa_instituce-uee-ustav-evropske-etnologie-ff-mu","11":"pa_lokalita-dle-uziti-severni-morava","12":"pa_lokalita-kraj-moravskoslezsky","13":"pa_lokalita-obec-kunin","14":"pa_lokalita-obec-novy-jicin","15":"pa_nazev-textilie-mezulan","16":"pa_popsano-na-casti-odevu-jiny-viz-popis","17":"pa_typ-textilie-tkanina","18":"pa_typ-vazby-platnova","19":"pa_vyrobce-textilie-neznamy","21":"entry","22":"has-media","24":"first","25":"instock","26":"shipping-taxable","27":"product-type-simple","28":"has-product-nav","29":"col","30":"span_1_of_5","31":"owp-content-center","32":"owp-thumbs-layout-vertical","33":"owp-btn-normal","34":"owp-tabs-layout-horizontal"},"_links":{"self":[{"href":"https:\/\/nulk.cz\/atlastextilu\/wp-json\/wp\/v2\/product\/551","targetHints":{"allow":["GET"]}}],"collection":[{"href":"https:\/\/nulk.cz\/atlastextilu\/wp-json\/wp\/v2\/product"}],"about":[{"href":"https:\/\/nulk.cz\/atlastextilu\/wp-json\/wp\/v2\/types\/product"}],"wp:featuredmedia":[{"embeddable":true,"href":"https:\/\/nulk.cz\/atlastextilu\/wp-json\/wp\/v2\/media\/549"}],"wp:attachment":[{"href":"https:\/\/nulk.cz\/atlastextilu\/wp-json\/wp\/v2\/media?parent=551"}],"wp:term":[{"taxonomy":"product_brand","embeddable":true,"href":"https:\/\/nulk.cz\/atlastextilu\/wp-json\/wp\/v2\/product_brand?post=551"},{"taxonomy":"product_cat","embeddable":true,"href":"https:\/\/nulk.cz\/atlastextilu\/wp-json\/wp\/v2\/product_cat?post=551"},{"taxonomy":"product_tag","embeddable":true,"href":"https:\/\/nulk.cz\/atlastextilu\/wp-json\/wp\/v2\/product_tag?post=551"}],"curies":[{"name":"wp","href":"https:\/\/api.w.org\/{rel}","templated":true}]}}