{"id":558,"date":"2023-01-09T08:09:41","date_gmt":"2023-01-09T07:09:41","guid":{"rendered":"https:\/\/nulk.cz\/atlastextilu\/?post_type=product&#038;p=558"},"modified":"2023-01-09T08:09:41","modified_gmt":"2023-01-09T07:09:41","slug":"mezulan-uee-4_9","status":"publish","type":"product","link":"https:\/\/nulk.cz\/atlastextilu\/vzorek\/mezulan-uee-4_9\/","title":{"rendered":"mezul\u00e1n \u00daEE 4_9"},"content":{"rendered":"","protected":false},"excerpt":{"rendered":"<p>Karta s uk\u00e1zkou textilie &#8211; mezul\u00e1n \u010derven\u00fd. Tkanina poch\u00e1z\u00ed z obce Kukl\u00edk. Sb\u011br PhDr. Vlasta Svobodov\u00e1.<\/p>\n","protected":false},"featured_media":549,"template":"","meta":[],"product_brand":[],"product_cat":[341],"product_tag":[],"class_list":{"0":"post-558","1":"product","2":"type-product","3":"status-publish","4":"has-post-thumbnail","6":"product_cat-mezulan","7":"pa_barevnost-textilie-cervena","8":"pa_datace-ramcova-1-pol-20-stol","9":"pa_evidencni-c-4_9","10":"pa_instituce-uee-ustav-evropske-etnologie-ff-mu","11":"pa_lokalita-dle-uziti-ceskomoravska-vysocina","12":"pa_lokalita-kraj-vysocina","13":"pa_lokalita-obec-kuklik","14":"pa_lokalita-obec-zdar-nad-sazavou","15":"pa_nazev-textilie-mezulan","16":"pa_popsano-na-casti-odevu-jiny-viz-popis","17":"pa_tkanina-zjistena-na-karta-se-vzorkem-tkaniny","18":"pa_typ-textilie-tkanina","19":"pa_typ-vazby-platnova","20":"pa_vyrobce-textilie-neznamy","22":"entry","23":"has-media","25":"first","26":"instock","27":"shipping-taxable","28":"product-type-simple","29":"has-product-nav","30":"col","31":"span_1_of_5","32":"owp-content-center","33":"owp-thumbs-layout-vertical","34":"owp-btn-normal","35":"owp-tabs-layout-horizontal"},"_links":{"self":[{"href":"https:\/\/nulk.cz\/atlastextilu\/wp-json\/wp\/v2\/product\/558","targetHints":{"allow":["GET"]}}],"collection":[{"href":"https:\/\/nulk.cz\/atlastextilu\/wp-json\/wp\/v2\/product"}],"about":[{"href":"https:\/\/nulk.cz\/atlastextilu\/wp-json\/wp\/v2\/types\/product"}],"wp:featuredmedia":[{"embeddable":true,"href":"https:\/\/nulk.cz\/atlastextilu\/wp-json\/wp\/v2\/media\/549"}],"wp:attachment":[{"href":"https:\/\/nulk.cz\/atlastextilu\/wp-json\/wp\/v2\/media?parent=558"}],"wp:term":[{"taxonomy":"product_brand","embeddable":true,"href":"https:\/\/nulk.cz\/atlastextilu\/wp-json\/wp\/v2\/product_brand?post=558"},{"taxonomy":"product_cat","embeddable":true,"href":"https:\/\/nulk.cz\/atlastextilu\/wp-json\/wp\/v2\/product_cat?post=558"},{"taxonomy":"product_tag","embeddable":true,"href":"https:\/\/nulk.cz\/atlastextilu\/wp-json\/wp\/v2\/product_tag?post=558"}],"curies":[{"name":"wp","href":"https:\/\/api.w.org\/{rel}","templated":true}]}}