{"id":563,"date":"2023-01-09T08:54:08","date_gmt":"2023-01-09T07:54:08","guid":{"rendered":"https:\/\/nulk.cz\/atlastextilu\/?post_type=product&#038;p=563"},"modified":"2023-01-09T08:54:08","modified_gmt":"2023-01-09T07:54:08","slug":"mezulan-uee-4_6","status":"publish","type":"product","link":"https:\/\/nulk.cz\/atlastextilu\/vzorek\/mezulan-uee-4_6\/","title":{"rendered":"mezul\u00e1n \u00daEE 4_6"},"content":{"rendered":"","protected":false},"excerpt":{"rendered":"<p>Karta s uk\u00e1zkou textilie &#8211; mezul\u00e1n s p\u0159eva\u017euj\u00edc\u00ed fialovou barvou v keprov\u00e9 vazb\u011b. Sb\u011br PhDr. Vlasta Svobodov\u00e1.<\/p>\n","protected":false},"featured_media":564,"template":"","meta":[],"product_brand":[],"product_cat":[341],"product_tag":[],"class_list":{"0":"post-563","1":"product","2":"type-product","3":"status-publish","4":"has-post-thumbnail","6":"product_cat-mezulan","7":"pa_barevnost-osnovnich-niti-cervena","8":"pa_barevnost-textilie-fialova","9":"pa_barevnost-utkovych-niti-cervena","10":"pa_barevnost-utkovych-niti-fialova","11":"pa_barevnost-utkovych-niti-ruzova","12":"pa_datace-ramcova-1-pol-20-stol","13":"pa_dostava-na-1-cm2-25-20","14":"pa_evidencni-c-4_6","15":"pa_instituce-uee-ustav-evropske-etnologie-ff-mu","16":"pa_konstrukce-osnovnich-niti-jednoducha-nit","17":"pa_konstrukce-utkovych-niti-jednoducha-nit","18":"pa_lokalita-dle-uziti-ceskomoravska-vysocina","19":"pa_lokalita-kraj-vysocina","20":"pa_lokalita-obec-jimramov","21":"pa_lokalita-obec-zdar-nad-sazavou","22":"pa_nazev-textilie-mezulan","23":"pa_popsano-na-casti-odevu-jiny-viz-popis","24":"pa_tkanina-zjistena-na-karta-se-vzorkem-tkaniny","25":"pa_typ-textilie-tkanina","26":"pa_typ-vazby-kepr-levy","27":"pa_vlakna-osnovnich-niti-len","28":"pa_vlakna-utkovych-niti-vlna-ovci","29":"pa_vyrobce-textilie-neznamy","31":"entry","32":"has-media","34":"first","35":"instock","36":"shipping-taxable","37":"product-type-simple","38":"has-product-nav","39":"col","40":"span_1_of_5","41":"owp-content-center","42":"owp-thumbs-layout-vertical","43":"owp-btn-normal","44":"owp-tabs-layout-horizontal"},"_links":{"self":[{"href":"https:\/\/nulk.cz\/atlastextilu\/wp-json\/wp\/v2\/product\/563","targetHints":{"allow":["GET"]}}],"collection":[{"href":"https:\/\/nulk.cz\/atlastextilu\/wp-json\/wp\/v2\/product"}],"about":[{"href":"https:\/\/nulk.cz\/atlastextilu\/wp-json\/wp\/v2\/types\/product"}],"wp:featuredmedia":[{"embeddable":true,"href":"https:\/\/nulk.cz\/atlastextilu\/wp-json\/wp\/v2\/media\/564"}],"wp:attachment":[{"href":"https:\/\/nulk.cz\/atlastextilu\/wp-json\/wp\/v2\/media?parent=563"}],"wp:term":[{"taxonomy":"product_brand","embeddable":true,"href":"https:\/\/nulk.cz\/atlastextilu\/wp-json\/wp\/v2\/product_brand?post=563"},{"taxonomy":"product_cat","embeddable":true,"href":"https:\/\/nulk.cz\/atlastextilu\/wp-json\/wp\/v2\/product_cat?post=563"},{"taxonomy":"product_tag","embeddable":true,"href":"https:\/\/nulk.cz\/atlastextilu\/wp-json\/wp\/v2\/product_tag?post=563"}],"curies":[{"name":"wp","href":"https:\/\/api.w.org\/{rel}","templated":true}]}}