{"id":566,"date":"2023-01-09T08:57:59","date_gmt":"2023-01-09T07:57:59","guid":{"rendered":"https:\/\/nulk.cz\/atlastextilu\/?post_type=product&#038;p=566"},"modified":"2023-01-09T08:57:59","modified_gmt":"2023-01-09T07:57:59","slug":"mezulan-uee-4_1","status":"publish","type":"product","link":"https:\/\/nulk.cz\/atlastextilu\/vzorek\/mezulan-uee-4_1\/","title":{"rendered":"mezul\u00e1n \u00daEE 4_1"},"content":{"rendered":"","protected":false},"excerpt":{"rendered":"<p>Karta s uk\u00e1zkou textilie &#8211; mezul\u00e1n s rypsovou vazbou, \u010derveno modr\u00fd rypsov\u00fd vzor. Tkanina poch\u00e1z\u00ed z obce Kr\u00e1tk\u00e1. Sb\u011br Vlasta Svobodov\u00e1.<\/p>\n","protected":false},"featured_media":567,"template":"","meta":[],"product_brand":[],"product_cat":[341],"product_tag":[],"class_list":{"0":"post-566","1":"product","2":"type-product","3":"status-publish","4":"has-post-thumbnail","6":"product_cat-mezulan","7":"pa_barevnost-osnovnich-niti-prirodni-svetla","8":"pa_barevnost-textilie-vicebarevna","9":"pa_barevnost-utkovych-niti-cervena","10":"pa_barevnost-utkovych-niti-modra","11":"pa_datace-ramcova-1-pol-20-stol","12":"pa_dostava-na-1-cm2-19-28","13":"pa_evidencni-c-4_1","14":"pa_instituce-uee-ustav-evropske-etnologie-ff-mu","15":"pa_konstrukce-osnovnich-niti-jednoducha-nit","16":"pa_konstrukce-utkovych-niti-jednoducha-nit","17":"pa_lokalita-dle-uziti-ceskomoravska-vysocina","18":"pa_lokalita-kraj-vysocina","19":"pa_lokalita-obec-snezne","20":"pa_lokalita-obec-zdar-nad-sazavou","21":"pa_nazev-textilie-mezulan","22":"pa_popsano-na-casti-odevu-jiny-viz-popis","23":"pa_tkanina-zjistena-na-karta-se-vzorkem-tkaniny","24":"pa_typ-textilie-tkanina","25":"pa_vlakna-osnovnich-niti-len","26":"pa_vlakna-utkovych-niti-bavlna","27":"pa_vyrobce-textilie-neznamy","29":"entry","30":"has-media","32":"first","33":"instock","34":"shipping-taxable","35":"product-type-simple","36":"has-product-nav","37":"col","38":"span_1_of_5","39":"owp-content-center","40":"owp-thumbs-layout-vertical","41":"owp-btn-normal","42":"owp-tabs-layout-horizontal"},"_links":{"self":[{"href":"https:\/\/nulk.cz\/atlastextilu\/wp-json\/wp\/v2\/product\/566","targetHints":{"allow":["GET"]}}],"collection":[{"href":"https:\/\/nulk.cz\/atlastextilu\/wp-json\/wp\/v2\/product"}],"about":[{"href":"https:\/\/nulk.cz\/atlastextilu\/wp-json\/wp\/v2\/types\/product"}],"wp:featuredmedia":[{"embeddable":true,"href":"https:\/\/nulk.cz\/atlastextilu\/wp-json\/wp\/v2\/media\/567"}],"wp:attachment":[{"href":"https:\/\/nulk.cz\/atlastextilu\/wp-json\/wp\/v2\/media?parent=566"}],"wp:term":[{"taxonomy":"product_brand","embeddable":true,"href":"https:\/\/nulk.cz\/atlastextilu\/wp-json\/wp\/v2\/product_brand?post=566"},{"taxonomy":"product_cat","embeddable":true,"href":"https:\/\/nulk.cz\/atlastextilu\/wp-json\/wp\/v2\/product_cat?post=566"},{"taxonomy":"product_tag","embeddable":true,"href":"https:\/\/nulk.cz\/atlastextilu\/wp-json\/wp\/v2\/product_tag?post=566"}],"curies":[{"name":"wp","href":"https:\/\/api.w.org\/{rel}","templated":true}]}}