{"id":571,"date":"2023-01-09T09:06:25","date_gmt":"2023-01-09T08:06:25","guid":{"rendered":"https:\/\/nulk.cz\/atlastextilu\/?post_type=product&#038;p=571"},"modified":"2023-01-09T09:06:25","modified_gmt":"2023-01-09T08:06:25","slug":"mezulan-uee-4_4","status":"publish","type":"product","link":"https:\/\/nulk.cz\/atlastextilu\/vzorek\/mezulan-uee-4_4\/","title":{"rendered":"mezul\u00e1n \u00daEE 4_4"},"content":{"rendered":"","protected":false},"excerpt":{"rendered":"<p>Karta s uk\u00e1zkou textilie &#8211; mezul\u00e1nka s \u010derven\u00fdmi, \u010dern\u00fdmi, modr\u00fdmi a zelen\u00fdmi prou\u017eky. Sb\u011br PhDr. Vlasta Svobodov\u00e1.<\/p>\n","protected":false},"featured_media":572,"template":"","meta":[],"product_brand":[],"product_cat":[341],"product_tag":[],"class_list":{"0":"post-571","1":"product","2":"type-product","3":"status-publish","4":"has-post-thumbnail","6":"product_cat-mezulan","7":"pa_barevnost-osnovnich-niti-modra","8":"pa_barevnost-textilie-vicebarevna","9":"pa_barevnost-utkovych-niti-cerna","10":"pa_barevnost-utkovych-niti-cervena","11":"pa_barevnost-utkovych-niti-modra","12":"pa_barevnost-utkovych-niti-zelena","13":"pa_datace-ramcova-1-pol-20-stol","14":"pa_dostava-na-1-cm2-16-22","15":"pa_evidencni-c-4_4","16":"pa_instituce-uee-ustav-evropske-etnologie-ff-mu","17":"pa_konstrukce-osnovnich-niti-jednoducha-nit","18":"pa_konstrukce-utkovych-niti-jednoducha-nit","19":"pa_lokalita-dle-uziti-ceskomoravska-vysocina","20":"pa_lokalita-kraj-vysocina","21":"pa_lokalita-obec-javorek","22":"pa_lokalita-obec-zdar-nad-sazavou","23":"pa_nazev-textilie-mezulan","24":"pa_popsano-na-casti-odevu-jiny-viz-popis","25":"pa_tkanina-zjistena-na-karta-se-vzorkem-tkaniny","26":"pa_typ-textilie-tkanina","27":"pa_typ-vazby-kepr-pravy-osnovni","28":"pa_vlakna-osnovnich-niti-len","29":"pa_vlakna-utkovych-niti-vlna-ovci","30":"pa_vyrobce-textilie-neznamy","32":"entry","33":"has-media","35":"first","36":"instock","37":"shipping-taxable","38":"product-type-simple","39":"has-product-nav","40":"col","41":"span_1_of_5","42":"owp-content-center","43":"owp-thumbs-layout-vertical","44":"owp-btn-normal","45":"owp-tabs-layout-horizontal"},"_links":{"self":[{"href":"https:\/\/nulk.cz\/atlastextilu\/wp-json\/wp\/v2\/product\/571","targetHints":{"allow":["GET"]}}],"collection":[{"href":"https:\/\/nulk.cz\/atlastextilu\/wp-json\/wp\/v2\/product"}],"about":[{"href":"https:\/\/nulk.cz\/atlastextilu\/wp-json\/wp\/v2\/types\/product"}],"wp:featuredmedia":[{"embeddable":true,"href":"https:\/\/nulk.cz\/atlastextilu\/wp-json\/wp\/v2\/media\/572"}],"wp:attachment":[{"href":"https:\/\/nulk.cz\/atlastextilu\/wp-json\/wp\/v2\/media?parent=571"}],"wp:term":[{"taxonomy":"product_brand","embeddable":true,"href":"https:\/\/nulk.cz\/atlastextilu\/wp-json\/wp\/v2\/product_brand?post=571"},{"taxonomy":"product_cat","embeddable":true,"href":"https:\/\/nulk.cz\/atlastextilu\/wp-json\/wp\/v2\/product_cat?post=571"},{"taxonomy":"product_tag","embeddable":true,"href":"https:\/\/nulk.cz\/atlastextilu\/wp-json\/wp\/v2\/product_tag?post=571"}],"curies":[{"name":"wp","href":"https:\/\/api.w.org\/{rel}","templated":true}]}}