{"id":579,"date":"2023-01-09T09:29:31","date_gmt":"2023-01-09T08:29:31","guid":{"rendered":"https:\/\/nulk.cz\/atlastextilu\/?post_type=product&#038;p=579"},"modified":"2023-01-09T09:29:31","modified_gmt":"2023-01-09T08:29:31","slug":"muselin-nulk-7257","status":"publish","type":"product","link":"https:\/\/nulk.cz\/atlastextilu\/vzorek\/muselin-nulk-7257\/","title":{"rendered":"mu\u0161el\u00edn N\u00daLK 7257"},"content":{"rendered":"","protected":false},"excerpt":{"rendered":"<p>Sukn\u011b je u\u0161it\u00e1 ru\u010dn\u011b. Na b\u00edl\u00e9m podkladu je nati\u0161t\u011bn kv\u011btinov\u00fd motiv &#8211; \u010derven\u00e9 r\u016f\u017ei\u010dky a kv\u00edtky sestaven\u00e9 do pruh\u016f (&#8222;\u0159eme\u0148ov\u00fd&#8220; vzor).<\/p>\n","protected":false},"featured_media":580,"template":"","meta":[],"product_brand":[],"product_cat":[375],"product_tag":[],"class_list":{"0":"post-579","1":"product","2":"type-product","3":"status-publish","4":"has-post-thumbnail","6":"product_cat-muselin","7":"pa_barevnost-osnovnich-niti-bila","8":"pa_barevnost-osnovnich-niti-cervena","9":"pa_barevnost-textilie-vicebarevna","10":"pa_barevnost-utkovych-niti-bila","11":"pa_barevnost-utkovych-niti-cervena","12":"pa_datace-ramcova-1-pol-20-stol","13":"pa_dostava-na-1-cm2-24-19","14":"pa_evidencni-c-379","15":"pa_instituce-nulk-narodni-ustav-lidove-kultury-ve-straznici","16":"pa_konstrukce-osnovnich-niti-jednoducha-nit","17":"pa_konstrukce-utkovych-niti-jednoducha-nit","18":"pa_lokalita-dle-uziti-slovacko-dolnacko","19":"pa_lokalita-kraj-jihomoravsky","20":"pa_lokalita-obec-hodonin","21":"pa_lokalita-obec-rohatec","22":"pa_nazev-textilie-muselin","23":"pa_popsano-na-casti-odevu-sukne","24":"pa_tkanina-zjistena-na-sukne-vrchni","25":"pa_typ-textilie-tkanina","26":"pa_typ-vazby-platnova","27":"pa_vlakna-osnovnich-niti-nezjisteno","28":"pa_vlakna-utkovych-niti-nezjisteno","29":"pa_vyrobce-textilie-neznamy","31":"entry","32":"has-media","34":"first","35":"instock","36":"shipping-taxable","37":"product-type-simple","38":"has-product-nav","39":"col","40":"span_1_of_5","41":"owp-content-center","42":"owp-thumbs-layout-vertical","43":"owp-btn-normal","44":"owp-tabs-layout-horizontal"},"_links":{"self":[{"href":"https:\/\/nulk.cz\/atlastextilu\/wp-json\/wp\/v2\/product\/579","targetHints":{"allow":["GET"]}}],"collection":[{"href":"https:\/\/nulk.cz\/atlastextilu\/wp-json\/wp\/v2\/product"}],"about":[{"href":"https:\/\/nulk.cz\/atlastextilu\/wp-json\/wp\/v2\/types\/product"}],"wp:featuredmedia":[{"embeddable":true,"href":"https:\/\/nulk.cz\/atlastextilu\/wp-json\/wp\/v2\/media\/580"}],"wp:attachment":[{"href":"https:\/\/nulk.cz\/atlastextilu\/wp-json\/wp\/v2\/media?parent=579"}],"wp:term":[{"taxonomy":"product_brand","embeddable":true,"href":"https:\/\/nulk.cz\/atlastextilu\/wp-json\/wp\/v2\/product_brand?post=579"},{"taxonomy":"product_cat","embeddable":true,"href":"https:\/\/nulk.cz\/atlastextilu\/wp-json\/wp\/v2\/product_cat?post=579"},{"taxonomy":"product_tag","embeddable":true,"href":"https:\/\/nulk.cz\/atlastextilu\/wp-json\/wp\/v2\/product_tag?post=579"}],"curies":[{"name":"wp","href":"https:\/\/api.w.org\/{rel}","templated":true}]}}