{"id":583,"date":"2023-01-09T09:34:29","date_gmt":"2023-01-09T08:34:29","guid":{"rendered":"https:\/\/nulk.cz\/atlastextilu\/?post_type=product&#038;p=583"},"modified":"2023-01-09T09:34:29","modified_gmt":"2023-01-09T08:34:29","slug":"perkal-mzm-6-570","status":"publish","type":"product","link":"https:\/\/nulk.cz\/atlastextilu\/vzorek\/perkal-mzm-6-570\/","title":{"rendered":"perk\u00e1l MZM 6 570"},"content":{"rendered":"","protected":false},"excerpt":{"rendered":"<p>Karta se vzorkem tkaniny &#8211; bavln\u011bn\u00e1 rukod\u011bln\u00e1 tkanina s geometrick\u00fdm vzorem<\/p>\n","protected":false},"featured_media":584,"template":"","meta":[],"product_brand":[],"product_cat":[381],"product_tag":[],"class_list":{"0":"post-583","1":"product","2":"type-product","3":"status-publish","4":"has-post-thumbnail","6":"product_cat-perkal","7":"pa_barevnost-osnovnich-niti-bila","8":"pa_barevnost-textilie-bila","9":"pa_barevnost-utkovych-niti-bila","10":"pa_datace-ramcova-2-ctvrtina-19-stol","11":"pa_dostava-na-1-cm2-38-38","12":"pa_evidencni-c-383","13":"pa_instituce-mzm-moravske-zemske-muzeum-etnograficky-ustav","14":"pa_konstrukce-osnovnich-niti-jednoducha-nit","15":"pa_konstrukce-utkovych-niti-jednoducha-nit","16":"pa_lokalita-dle-uziti-valassko","17":"pa_lokalita-kraj-zlinsky","18":"pa_lokalita-obec-roznov-pod-radhostem","19":"pa_lokalita-obec-vsetin","20":"pa_nazev-textilie-perkal","21":"pa_popsano-na-casti-odevu-jiny-viz-popis","22":"pa_tkanina-zjistena-na-karta-se-vzorkem-tkaniny","23":"pa_typ-textilie-tkanina","24":"pa_typ-vazby-atlas","25":"pa_vlakna-osnovnich-niti-bavlna","26":"pa_vlakna-utkovych-niti-bavlna","27":"pa_vyrobce-textilie-neznamy","29":"entry","30":"has-media","32":"first","33":"instock","34":"shipping-taxable","35":"product-type-simple","36":"has-product-nav","37":"col","38":"span_1_of_5","39":"owp-content-center","40":"owp-thumbs-layout-vertical","41":"owp-btn-normal","42":"owp-tabs-layout-horizontal"},"_links":{"self":[{"href":"https:\/\/nulk.cz\/atlastextilu\/wp-json\/wp\/v2\/product\/583","targetHints":{"allow":["GET"]}}],"collection":[{"href":"https:\/\/nulk.cz\/atlastextilu\/wp-json\/wp\/v2\/product"}],"about":[{"href":"https:\/\/nulk.cz\/atlastextilu\/wp-json\/wp\/v2\/types\/product"}],"wp:featuredmedia":[{"embeddable":true,"href":"https:\/\/nulk.cz\/atlastextilu\/wp-json\/wp\/v2\/media\/584"}],"wp:attachment":[{"href":"https:\/\/nulk.cz\/atlastextilu\/wp-json\/wp\/v2\/media?parent=583"}],"wp:term":[{"taxonomy":"product_brand","embeddable":true,"href":"https:\/\/nulk.cz\/atlastextilu\/wp-json\/wp\/v2\/product_brand?post=583"},{"taxonomy":"product_cat","embeddable":true,"href":"https:\/\/nulk.cz\/atlastextilu\/wp-json\/wp\/v2\/product_cat?post=583"},{"taxonomy":"product_tag","embeddable":true,"href":"https:\/\/nulk.cz\/atlastextilu\/wp-json\/wp\/v2\/product_tag?post=583"}],"curies":[{"name":"wp","href":"https:\/\/api.w.org\/{rel}","templated":true}]}}