{"id":607,"date":"2023-01-10T13:31:52","date_gmt":"2023-01-10T12:31:52","guid":{"rendered":"https:\/\/nulk.cz\/atlastextilu\/?post_type=product&#038;p=607"},"modified":"2023-01-10T13:31:52","modified_gmt":"2023-01-10T12:31:52","slug":"platno-mzm-11-152","status":"publish","type":"product","link":"https:\/\/nulk.cz\/atlastextilu\/vzorek\/platno-mzm-11-152\/","title":{"rendered":"pl\u00e1tno MZM 11 152"},"content":{"rendered":"","protected":false},"excerpt":{"rendered":"<p>Karta s uk\u00e1zkou textilie &#8211; hrub\u00e9 ln\u011bn\u00e9 pl\u00e1tno<\/p>\n","protected":false},"featured_media":608,"template":"","meta":[],"product_brand":[],"product_cat":[42],"product_tag":[],"class_list":{"0":"post-607","1":"product","2":"type-product","3":"status-publish","4":"has-post-thumbnail","6":"product_cat-platno","7":"pa_barevnost-osnovnich-niti-modra","8":"pa_barevnost-osnovnich-niti-prirodni-svetla","9":"pa_barevnost-textilie-prirodni-svetla-barevnost","10":"pa_barevnost-utkovych-niti-prirodni-svetla","11":"pa_datace-ramcova-2-pol-19-stol","12":"pa_dostava-na-1-cm2-11-6","13":"pa_evidencni-c-403","14":"pa_instituce-mzm-moravske-zemske-muzeum-etnograficky-ustav","15":"pa_konstrukce-osnovnich-niti-jednoducha-nit","16":"pa_konstrukce-utkovych-niti-jednoducha-nit","17":"pa_lokalita-dle-uziti-ceskomoravska-vysocina","18":"pa_nazev-textilie-platno","19":"pa_popsano-na-casti-odevu-jiny-viz-popis","20":"pa_tkanina-zjistena-na-papirova-karta-s-nalepenou-tkaninou","21":"pa_typ-textilie-tkanina","22":"pa_typ-vazby-platnova","23":"pa_vlakna-osnovnich-niti-len","24":"pa_vlakna-utkovych-niti-len","25":"pa_vyrobce-textilie-neznamy","27":"entry","28":"has-media","30":"first","31":"instock","32":"shipping-taxable","33":"product-type-simple","34":"has-product-nav","35":"col","36":"span_1_of_5","37":"owp-content-center","38":"owp-thumbs-layout-vertical","39":"owp-btn-normal","40":"owp-tabs-layout-horizontal"},"_links":{"self":[{"href":"https:\/\/nulk.cz\/atlastextilu\/wp-json\/wp\/v2\/product\/607","targetHints":{"allow":["GET"]}}],"collection":[{"href":"https:\/\/nulk.cz\/atlastextilu\/wp-json\/wp\/v2\/product"}],"about":[{"href":"https:\/\/nulk.cz\/atlastextilu\/wp-json\/wp\/v2\/types\/product"}],"wp:featuredmedia":[{"embeddable":true,"href":"https:\/\/nulk.cz\/atlastextilu\/wp-json\/wp\/v2\/media\/608"}],"wp:attachment":[{"href":"https:\/\/nulk.cz\/atlastextilu\/wp-json\/wp\/v2\/media?parent=607"}],"wp:term":[{"taxonomy":"product_brand","embeddable":true,"href":"https:\/\/nulk.cz\/atlastextilu\/wp-json\/wp\/v2\/product_brand?post=607"},{"taxonomy":"product_cat","embeddable":true,"href":"https:\/\/nulk.cz\/atlastextilu\/wp-json\/wp\/v2\/product_cat?post=607"},{"taxonomy":"product_tag","embeddable":true,"href":"https:\/\/nulk.cz\/atlastextilu\/wp-json\/wp\/v2\/product_tag?post=607"}],"curies":[{"name":"wp","href":"https:\/\/api.w.org\/{rel}","templated":true}]}}