{"id":619,"date":"2023-01-10T13:47:24","date_gmt":"2023-01-10T12:47:24","guid":{"rendered":"https:\/\/nulk.cz\/atlastextilu\/?post_type=product&#038;p=619"},"modified":"2023-01-10T13:47:25","modified_gmt":"2023-01-10T12:47:25","slug":"platno-mzm-14141","status":"publish","type":"product","link":"https:\/\/nulk.cz\/atlastextilu\/vzorek\/platno-mzm-14141\/","title":{"rendered":"pl\u00e1tno MZM 14141"},"content":{"rendered":"","protected":false},"excerpt":{"rendered":"<p>karta se vzorkem tkaniny &#8211; koudeln\u00e9 neb\u00edlen\u00e9 pl\u00e1tno<\/p>\n","protected":false},"featured_media":620,"template":"","meta":[],"product_brand":[],"product_cat":[42],"product_tag":[],"class_list":{"0":"post-619","1":"product","2":"type-product","3":"status-publish","4":"has-post-thumbnail","6":"product_cat-platno","7":"pa_barevnost-osnovnich-niti-prirodni-svetla","8":"pa_barevnost-textilie-prirodni-svetla-barevnost","9":"pa_barevnost-utkovych-niti-prirodni-svetla","10":"pa_datace-ramcova-2-pol-19-stol","11":"pa_dostava-na-1-cm2-5-7","12":"pa_evidencni-c-411","13":"pa_instituce-mzm-moravske-zemske-muzeum-etnograficky-ustav","14":"pa_konstrukce-osnovnich-niti-jednoducha-nit","15":"pa_konstrukce-utkovych-niti-jednoducha-nit","16":"pa_lokalita-dle-uziti-horacko-a-podhoracko","17":"pa_lokalita-kraj-vysocina","18":"pa_lokalita-obec-nove-mesto-na-morave","19":"pa_lokalita-obec-zdar-nad-sazavou","20":"pa_nazev-textilie-platno","21":"pa_popsano-na-casti-odevu-jiny-viz-popis","22":"pa_tkanina-zjistena-na-karta-se-vzorkem-tkaniny","23":"pa_typ-textilie-tkanina","24":"pa_typ-vazby-platnova","25":"pa_vlakna-osnovnich-niti-nezjisteno","26":"pa_vlakna-utkovych-niti-nezjisteno","27":"pa_vyrobce-textilie-neznamy","29":"entry","30":"has-media","32":"first","33":"instock","34":"shipping-taxable","35":"product-type-simple","36":"has-product-nav","37":"col","38":"span_1_of_5","39":"owp-content-center","40":"owp-thumbs-layout-vertical","41":"owp-btn-normal","42":"owp-tabs-layout-horizontal"},"_links":{"self":[{"href":"https:\/\/nulk.cz\/atlastextilu\/wp-json\/wp\/v2\/product\/619","targetHints":{"allow":["GET"]}}],"collection":[{"href":"https:\/\/nulk.cz\/atlastextilu\/wp-json\/wp\/v2\/product"}],"about":[{"href":"https:\/\/nulk.cz\/atlastextilu\/wp-json\/wp\/v2\/types\/product"}],"wp:featuredmedia":[{"embeddable":true,"href":"https:\/\/nulk.cz\/atlastextilu\/wp-json\/wp\/v2\/media\/620"}],"wp:attachment":[{"href":"https:\/\/nulk.cz\/atlastextilu\/wp-json\/wp\/v2\/media?parent=619"}],"wp:term":[{"taxonomy":"product_brand","embeddable":true,"href":"https:\/\/nulk.cz\/atlastextilu\/wp-json\/wp\/v2\/product_brand?post=619"},{"taxonomy":"product_cat","embeddable":true,"href":"https:\/\/nulk.cz\/atlastextilu\/wp-json\/wp\/v2\/product_cat?post=619"},{"taxonomy":"product_tag","embeddable":true,"href":"https:\/\/nulk.cz\/atlastextilu\/wp-json\/wp\/v2\/product_tag?post=619"}],"curies":[{"name":"wp","href":"https:\/\/api.w.org\/{rel}","templated":true}]}}