{"id":625,"date":"2023-01-10T13:57:19","date_gmt":"2023-01-10T12:57:19","guid":{"rendered":"https:\/\/nulk.cz\/atlastextilu\/?post_type=product&#038;p=625"},"modified":"2023-01-10T13:57:20","modified_gmt":"2023-01-10T12:57:20","slug":"platno-mzm-6566","status":"publish","type":"product","link":"https:\/\/nulk.cz\/atlastextilu\/vzorek\/platno-mzm-6566\/","title":{"rendered":"pl\u00e1tno MZM 6566"},"content":{"rendered":"","protected":false},"excerpt":{"rendered":"<p>Karta se vzorkem tkaniny &#8211; rukod\u011bln\u00e9 pl\u00e1tno &#8222;pa\u010desan\u00e9&#8220;, 14-16 p\u00e1sem<\/p>\n","protected":false},"featured_media":626,"template":"","meta":[],"product_brand":[],"product_cat":[42],"product_tag":[],"class_list":{"0":"post-625","1":"product","2":"type-product","3":"status-publish","4":"has-post-thumbnail","6":"product_cat-platno","7":"pa_barevnost-osnovnich-niti-prirodni-svetla","8":"pa_barevnost-textilie-prirodni-svetla-barevnost","9":"pa_barevnost-utkovych-niti-prirodni-svetla","10":"pa_datace-ramcova-2-pol-19-stol","11":"pa_dostava-na-1-cm2-12-8","12":"pa_evidencni-c-417","13":"pa_instituce-mzm-moravske-zemske-muzeum-etnograficky-ustav","14":"pa_konstrukce-osnovnich-niti-jednoducha-nit","15":"pa_konstrukce-utkovych-niti-jednoducha-nit","16":"pa_lokalita-kraj-valassko","17":"pa_nazev-textilie-platno","18":"pa_popsano-na-casti-odevu-jiny-viz-popis","19":"pa_tkanina-zjistena-na-karta-se-vzorkem-tkaniny","20":"pa_typ-textilie-tkanina","21":"pa_typ-vazby-platnova","22":"pa_vlakna-osnovnich-niti-len","23":"pa_vlakna-utkovych-niti-len","24":"pa_vyrobce-textilie-neznamy","26":"entry","27":"has-media","29":"first","30":"instock","31":"shipping-taxable","32":"product-type-simple","33":"has-product-nav","34":"col","35":"span_1_of_5","36":"owp-content-center","37":"owp-thumbs-layout-vertical","38":"owp-btn-normal","39":"owp-tabs-layout-horizontal"},"_links":{"self":[{"href":"https:\/\/nulk.cz\/atlastextilu\/wp-json\/wp\/v2\/product\/625","targetHints":{"allow":["GET"]}}],"collection":[{"href":"https:\/\/nulk.cz\/atlastextilu\/wp-json\/wp\/v2\/product"}],"about":[{"href":"https:\/\/nulk.cz\/atlastextilu\/wp-json\/wp\/v2\/types\/product"}],"wp:featuredmedia":[{"embeddable":true,"href":"https:\/\/nulk.cz\/atlastextilu\/wp-json\/wp\/v2\/media\/626"}],"wp:attachment":[{"href":"https:\/\/nulk.cz\/atlastextilu\/wp-json\/wp\/v2\/media?parent=625"}],"wp:term":[{"taxonomy":"product_brand","embeddable":true,"href":"https:\/\/nulk.cz\/atlastextilu\/wp-json\/wp\/v2\/product_brand?post=625"},{"taxonomy":"product_cat","embeddable":true,"href":"https:\/\/nulk.cz\/atlastextilu\/wp-json\/wp\/v2\/product_cat?post=625"},{"taxonomy":"product_tag","embeddable":true,"href":"https:\/\/nulk.cz\/atlastextilu\/wp-json\/wp\/v2\/product_tag?post=625"}],"curies":[{"name":"wp","href":"https:\/\/api.w.org\/{rel}","templated":true}]}}