{"id":631,"date":"2023-01-11T12:26:28","date_gmt":"2023-01-11T11:26:28","guid":{"rendered":"https:\/\/nulk.cz\/atlastextilu\/?post_type=product&#038;p=631"},"modified":"2023-01-11T12:26:28","modified_gmt":"2023-01-11T11:26:28","slug":"platno-nulk-4884","status":"publish","type":"product","link":"https:\/\/nulk.cz\/atlastextilu\/vzorek\/platno-nulk-4884\/","title":{"rendered":"pl\u00e1tno N\u00daLK 4884"},"content":{"rendered":"","protected":false},"excerpt":{"rendered":"<p>Pod\u0161\u00edvka kordulky (vesti\u010dky). Doln\u00ed N\u011bm\u010d\u00ed.<\/p>\n","protected":false},"featured_media":633,"template":"","meta":[],"product_brand":[],"product_cat":[42],"product_tag":[],"class_list":{"0":"post-631","1":"product","2":"type-product","3":"status-publish","4":"has-post-thumbnail","6":"product_cat-platno","7":"pa_barevnost-osnovnich-niti-prirodni-svetla","8":"pa_barevnost-textilie-prirodni-svetla-barevnost","9":"pa_barevnost-utkovych-niti-prirodni-svetla","10":"pa_datace-ramcova-1-pol-20-stol","11":"pa_dostava-na-1-cm2-9x7","12":"pa_evidencni-c-421","13":"pa_instituce-nulk-narodni-ustav-lidove-kultury-ve-straznici","14":"pa_konstrukce-osnovnich-niti-jednoducha-nit","15":"pa_konstrukce-utkovych-niti-jednoducha-nit","16":"pa_lokalita-dle-uziti-slovacko-dolnacko","17":"pa_nazev-textilie-platno","18":"pa_popsano-na-casti-odevu-podsivka-horniho-predniho-dilu","19":"pa_typ-textilie-tkanina","20":"pa_typ-vazby-platnova-odvozena-vazba-panama","21":"pa_vlakna-osnovnich-niti-bavlna","22":"pa_vlakna-utkovych-niti-bavlna","23":"pa_vyrobce-textilie-neznamy","25":"entry","26":"has-media","28":"first","29":"instock","30":"shipping-taxable","31":"product-type-simple","32":"has-product-nav","33":"col","34":"span_1_of_5","35":"owp-content-center","36":"owp-thumbs-layout-vertical","37":"owp-btn-normal","38":"owp-tabs-layout-horizontal"},"_links":{"self":[{"href":"https:\/\/nulk.cz\/atlastextilu\/wp-json\/wp\/v2\/product\/631","targetHints":{"allow":["GET"]}}],"collection":[{"href":"https:\/\/nulk.cz\/atlastextilu\/wp-json\/wp\/v2\/product"}],"about":[{"href":"https:\/\/nulk.cz\/atlastextilu\/wp-json\/wp\/v2\/types\/product"}],"wp:featuredmedia":[{"embeddable":true,"href":"https:\/\/nulk.cz\/atlastextilu\/wp-json\/wp\/v2\/media\/633"}],"wp:attachment":[{"href":"https:\/\/nulk.cz\/atlastextilu\/wp-json\/wp\/v2\/media?parent=631"}],"wp:term":[{"taxonomy":"product_brand","embeddable":true,"href":"https:\/\/nulk.cz\/atlastextilu\/wp-json\/wp\/v2\/product_brand?post=631"},{"taxonomy":"product_cat","embeddable":true,"href":"https:\/\/nulk.cz\/atlastextilu\/wp-json\/wp\/v2\/product_cat?post=631"},{"taxonomy":"product_tag","embeddable":true,"href":"https:\/\/nulk.cz\/atlastextilu\/wp-json\/wp\/v2\/product_tag?post=631"}],"curies":[{"name":"wp","href":"https:\/\/api.w.org\/{rel}","templated":true}]}}