{"id":643,"date":"2023-01-11T13:04:09","date_gmt":"2023-01-11T12:04:09","guid":{"rendered":"https:\/\/nulk.cz\/atlastextilu\/?post_type=product&#038;p=643"},"modified":"2023-01-11T13:04:09","modified_gmt":"2023-01-11T12:04:09","slug":"polovlnena-tkanina-nulk-4743","status":"publish","type":"product","link":"https:\/\/nulk.cz\/atlastextilu\/vzorek\/polovlnena-tkanina-nulk-4743\/","title":{"rendered":"polovln\u011bn\u00e1 tkanina N\u00daLK 4743"},"content":{"rendered":"","protected":false},"excerpt":{"rendered":"<p>Sukn\u011b je u\u0161ita ze \u010dty\u0159 pruh\u016f \u0161edohn\u011bd\u00e9 polovln\u011bn\u00e9 l\u00e1tky.<\/p>\n","protected":false},"featured_media":644,"template":"","meta":[],"product_brand":[],"product_cat":[431],"product_tag":[],"class_list":{"0":"post-643","1":"product","2":"type-product","3":"status-publish","4":"has-post-thumbnail","6":"product_cat-polovlnena-tkanina","7":"pa_barevnost-osnovnich-niti-seda","8":"pa_barevnost-textilie-hneda","9":"pa_barevnost-utkovych-niti-seda","10":"pa_datace-ramcova-1-pol-20-stol","11":"pa_dostava-na-1-cm2-24-17","12":"pa_evidencni-c-433","13":"pa_instituce-nulk-narodni-ustav-lidove-kultury-ve-straznici","14":"pa_konstrukce-osnovnich-niti-jednoducha-nit","15":"pa_konstrukce-utkovych-niti-jednoducha-nit","16":"pa_lokalita-dle-uziti-slovacko-dolnacko","17":"pa_lokalita-kraj-jihomoravsky","18":"pa_lokalita-obec-hodonin","19":"pa_lokalita-obec-straznice","20":"pa_nazev-textilie-polovlnena-tkanina","21":"pa_popsano-na-casti-odevu-sukne","22":"pa_tkanina-zjistena-na-sukne-vrchni","23":"pa_typ-textilie-tkanina","24":"pa_typ-vazby-platnova","25":"pa_vlakna-osnovnich-niti-nezjisteno","26":"pa_vlakna-utkovych-niti-nezjisteno","27":"pa_vyrobce-textilie-neznamy","29":"entry","30":"has-media","32":"first","33":"instock","34":"shipping-taxable","35":"product-type-simple","36":"has-product-nav","37":"col","38":"span_1_of_5","39":"owp-content-center","40":"owp-thumbs-layout-vertical","41":"owp-btn-normal","42":"owp-tabs-layout-horizontal"},"_links":{"self":[{"href":"https:\/\/nulk.cz\/atlastextilu\/wp-json\/wp\/v2\/product\/643","targetHints":{"allow":["GET"]}}],"collection":[{"href":"https:\/\/nulk.cz\/atlastextilu\/wp-json\/wp\/v2\/product"}],"about":[{"href":"https:\/\/nulk.cz\/atlastextilu\/wp-json\/wp\/v2\/types\/product"}],"wp:featuredmedia":[{"embeddable":true,"href":"https:\/\/nulk.cz\/atlastextilu\/wp-json\/wp\/v2\/media\/644"}],"wp:attachment":[{"href":"https:\/\/nulk.cz\/atlastextilu\/wp-json\/wp\/v2\/media?parent=643"}],"wp:term":[{"taxonomy":"product_brand","embeddable":true,"href":"https:\/\/nulk.cz\/atlastextilu\/wp-json\/wp\/v2\/product_brand?post=643"},{"taxonomy":"product_cat","embeddable":true,"href":"https:\/\/nulk.cz\/atlastextilu\/wp-json\/wp\/v2\/product_cat?post=643"},{"taxonomy":"product_tag","embeddable":true,"href":"https:\/\/nulk.cz\/atlastextilu\/wp-json\/wp\/v2\/product_tag?post=643"}],"curies":[{"name":"wp","href":"https:\/\/api.w.org\/{rel}","templated":true}]}}