{"id":662,"date":"2023-01-11T13:50:51","date_gmt":"2023-01-11T12:50:51","guid":{"rendered":"https:\/\/nulk.cz\/atlastextilu\/?post_type=product&#038;p=662"},"modified":"2023-01-11T13:50:51","modified_gmt":"2023-01-11T12:50:51","slug":"samet-nulk-6706","status":"publish","type":"product","link":"https:\/\/nulk.cz\/atlastextilu\/vzorek\/samet-nulk-6706\/","title":{"rendered":"samet N\u00daLK 6706"},"content":{"rendered":"","protected":false},"excerpt":{"rendered":"<p>Sukn\u011b je u\u0161it\u00e1 z osmi pruh\u016f l\u00e1tky. Na \u010dern\u00e9m sametu jsou vy\u0161ity v pravideln\u00e9m intervalu oran\u017eov\u00e9 a fialov\u00e9 kv\u00edtky. P\u0159edn\u00ed d\u00edl sukn\u011b je z vln\u011bn\u00e9ho materi\u00e1lu v \u010dern\u00e9 barv\u011b atlasov\u00e9 vazby.<\/p>\n","protected":false},"featured_media":663,"template":"","meta":[],"product_brand":[],"product_cat":[444],"product_tag":[],"class_list":{"0":"post-662","1":"product","2":"type-product","3":"status-publish","4":"has-post-thumbnail","6":"product_cat-samet","7":"pa_barevnost-osnovnich-niti-cerna","8":"pa_barevnost-textilie-cerna","9":"pa_barevnost-utkovych-niti-cervena","10":"pa_datace-ramcova-1-pol-20-stol","11":"pa_dostava-na-1-cm2-0-0","12":"pa_evidencni-c-446","13":"pa_instituce-nulk-narodni-ustav-lidove-kultury-ve-straznici","14":"pa_konstrukce-osnovnich-niti-jednoducha-nit","15":"pa_konstrukce-utkovych-niti-jednoducha-nit","16":"pa_lokalita-dle-uziti-slovacko-dolnacko","17":"pa_lokalita-kraj-jihomoravsky","18":"pa_lokalita-obec-hodonin","19":"pa_lokalita-obec-rohatec","20":"pa_nazev-textilie-samet","21":"pa_popsano-na-casti-odevu-sukne","22":"pa_tkanina-zjistena-na-sukne-vrchni","23":"pa_typ-textilie-tkanina","24":"pa_typ-vazby-vice-soustav-tkanina-vlasova-samet","25":"pa_vlakna-osnovnich-niti-bavlna","26":"pa_vlakna-osnovnich-niti-hedvabi","27":"pa_vlakna-utkovych-niti-bavlna","28":"pa_vyrobce-textilie-neznamy","30":"entry","31":"has-media","33":"first","34":"instock","35":"shipping-taxable","36":"product-type-simple","37":"has-product-nav","38":"col","39":"span_1_of_5","40":"owp-content-center","41":"owp-thumbs-layout-vertical","42":"owp-btn-normal","43":"owp-tabs-layout-horizontal"},"_links":{"self":[{"href":"https:\/\/nulk.cz\/atlastextilu\/wp-json\/wp\/v2\/product\/662","targetHints":{"allow":["GET"]}}],"collection":[{"href":"https:\/\/nulk.cz\/atlastextilu\/wp-json\/wp\/v2\/product"}],"about":[{"href":"https:\/\/nulk.cz\/atlastextilu\/wp-json\/wp\/v2\/types\/product"}],"wp:featuredmedia":[{"embeddable":true,"href":"https:\/\/nulk.cz\/atlastextilu\/wp-json\/wp\/v2\/media\/663"}],"wp:attachment":[{"href":"https:\/\/nulk.cz\/atlastextilu\/wp-json\/wp\/v2\/media?parent=662"}],"wp:term":[{"taxonomy":"product_brand","embeddable":true,"href":"https:\/\/nulk.cz\/atlastextilu\/wp-json\/wp\/v2\/product_brand?post=662"},{"taxonomy":"product_cat","embeddable":true,"href":"https:\/\/nulk.cz\/atlastextilu\/wp-json\/wp\/v2\/product_cat?post=662"},{"taxonomy":"product_tag","embeddable":true,"href":"https:\/\/nulk.cz\/atlastextilu\/wp-json\/wp\/v2\/product_tag?post=662"}],"curies":[{"name":"wp","href":"https:\/\/api.w.org\/{rel}","templated":true}]}}